{"id":11961,"date":"2023-12-06T09:54:44","date_gmt":"2023-12-06T08:54:44","guid":{"rendered":"https:\/\/zsps.poznan.pl\/?page_id=11961"},"modified":"2025-05-12T11:43:45","modified_gmt":"2025-05-12T09:43:45","slug":"praktyki-zawodowe","status":"publish","type":"page","link":"https:\/\/zsps.poznan.pl\/index.php\/praktyki-zawodowe\/","title":{"rendered":"Nasze Projekty"},"content":{"rendered":"\t\t<div data-elementor-type=\"wp-page\" data-elementor-id=\"11961\" class=\"elementor elementor-11961\">\n\t\t\t\t\t\t<section class=\"elementor-section elementor-top-section elementor-element elementor-element-fdba13c elementor-section-boxed elementor-section-height-default elementor-section-height-default\" data-id=\"fdba13c\" data-element_type=\"section\" data-e-type=\"section\">\n\t\t\t\t\t\t<div class=\"elementor-container elementor-column-gap-default\">\n\t\t\t\t\t<div class=\"elementor-column elementor-col-100 elementor-top-column elementor-element elementor-element-a3f3f0b\" data-id=\"a3f3f0b\" data-element_type=\"column\" data-e-type=\"column\">\n\t\t\t<div class=\"elementor-widget-wrap elementor-element-populated\">\n\t\t\t\t\t\t<div class=\"elementor-element elementor-element-ff880dc elementor-widget elementor-widget-image\" data-id=\"ff880dc\" data-element_type=\"widget\" data-e-type=\"widget\" data-widget_type=\"image.default\">\n\t\t\t\t<div class=\"elementor-widget-container\">\n\t\t\t\t\t\t\t\t\t\t\t\t\t\t\t\t<a href=\"https:\/\/www.zsps.poznan.pl\/wp-content\/uploads\/2025\/03\/PL_FundedbytheEU_RGB_Monochrome-na-stronecertyfikaty-002.png\" data-elementor-open-lightbox=\"yes\" data-e-action-hash=\"#elementor-action%3Aaction%3Dlightbox%26settings%3DeyJpZCI6MTU0NjcsInVybCI6Imh0dHBzOlwvXC96c3BzLnBvem5hbi5wbFwvd3AtY29udGVudFwvdXBsb2Fkc1wvMjAyNVwvMDNcL1BMX0Z1bmRlZGJ5dGhlRVVfUkdCX01vbm9jaHJvbWUtbmEtc3Ryb25lY2VydHlmaWthdHktMDAyLnBuZyJ9\">\n\t\t\t\t\t\t\t<img fetchpriority=\"high\" decoding=\"async\" width=\"720\" height=\"163\" src=\"https:\/\/zsps.poznan.pl\/wp-content\/uploads\/2025\/03\/PL_FundedbytheEU_RGB_Monochrome-na-stronecertyfikaty-002-768x174.png\" class=\"attachment-medium_large size-medium_large wp-image-15467\" alt=\"\" srcset=\"https:\/\/zsps.poznan.pl\/wp-content\/uploads\/2025\/03\/PL_FundedbytheEU_RGB_Monochrome-na-stronecertyfikaty-002-768x174.png 768w, https:\/\/zsps.poznan.pl\/wp-content\/uploads\/2025\/03\/PL_FundedbytheEU_RGB_Monochrome-na-stronecertyfikaty-002-300x68.png 300w, https:\/\/zsps.poznan.pl\/wp-content\/uploads\/2025\/03\/PL_FundedbytheEU_RGB_Monochrome-na-stronecertyfikaty-002-1024x233.png 1024w, https:\/\/zsps.poznan.pl\/wp-content\/uploads\/2025\/03\/PL_FundedbytheEU_RGB_Monochrome-na-stronecertyfikaty-002-1536x349.png 1536w, https:\/\/zsps.poznan.pl\/wp-content\/uploads\/2025\/03\/PL_FundedbytheEU_RGB_Monochrome-na-stronecertyfikaty-002-2048x465.png 2048w\" sizes=\"(max-width: 720px) 100vw, 720px\" \/>\t\t\t\t\t\t\t\t<\/a>\n\t\t\t\t\t\t\t\t\t\t\t\t\t\t\t<\/div>\n\t\t\t\t<\/div>\n\t\t\t\t\t<\/div>\n\t\t<\/div>\n\t\t\t\t\t<\/div>\n\t\t<\/section>\n\t\t\t\t<section class=\"elementor-section elementor-top-section elementor-element elementor-element-2500887 elementor-section-boxed elementor-section-height-default elementor-section-height-default\" data-id=\"2500887\" data-element_type=\"section\" data-e-type=\"section\">\n\t\t\t\t\t\t<div class=\"elementor-container elementor-column-gap-default\">\n\t\t\t\t\t<div class=\"elementor-column elementor-col-100 elementor-top-column elementor-element elementor-element-5081baa\" data-id=\"5081baa\" data-element_type=\"column\" data-e-type=\"column\">\n\t\t\t<div class=\"elementor-widget-wrap elementor-element-populated\">\n\t\t\t\t\t\t<div class=\"elementor-element elementor-element-ece5f53 elementor-widget elementor-widget-text-editor\" data-id=\"ece5f53\" data-element_type=\"widget\" data-e-type=\"widget\" data-widget_type=\"text-editor.default\">\n\t\t\t\t<div class=\"elementor-widget-container\">\n\t\t\t\t\t\t\t\t\t<p>W Zespole Szk\u00f3\u0142 Przemys\u0142u Spo\u017cywczego im Jana i J\u0119drzeja \u015aniadeckich realizowane s\u0105 nast\u0119puj\u0105ce projekty, kt\u00f3rych g\u0142\u00f3wnym celem jest modernizacja kszta\u0142cenia zawodowego oraz rozw\u00f3j kompetencji j\u0119zykowych uczni\u00f3w oraz kadry pedagogicznej i niepedagogicznej szko\u0142y:<\/p><p><a href=\"https:\/\/www.zsps.poznan.pl\/index.php\/europa-na-talerzu\/\">Europa na talerzu &#8211; mi\u0119dzynarodowe sta\u017ce zawodowe szans\u0105 dla uczni\u00f3w szko\u0142y.<\/a><\/p><p><a href=\"https:\/\/www.zsps.poznan.pl\/index.php\/polsko-niemiecka-wspolpraca-mlodziezy\/\">Polsko-Niemiecka Wsp\u00f3\u0142praca M\u0142odzie\u017cy.<\/a><\/p><p><a href=\"https:\/\/www.zsps.poznan.pl\/index.php\/cyfrowa-edukacja-szkolenia-nauczycieli-zsps-w-poznaniu\/\">Cyfrowa Edukacja &#8211; szkolenia nauczycieli ZSPS w Poznaniu.<\/a><\/p><p><a href=\"https:\/\/www.zsps.poznan.pl\/index.php\/noc-zawodowcow-6-0\/\">Noc Zawodowc\u00f3w 6.0<\/a><\/p><p><a href=\"https:\/\/www.zsps.poznan.pl\/index.php\/europejskie-staze-perspektywa-dla-mlodych-zawodowcow-z-wielkopolski\/\">Europejskie Sta\u017ce Perspektyw\u0105 dla M\u0142odych Zawodowc\u00f3w z Wielkopolski.<\/a><\/p><p><a href=\"https:\/\/www.zsps.poznan.pl\/index.php\/jemy-i-zyjemy-zdrowo-promocja-zawodow-zwiazanych-z-branza-spozywcza\/\">Jemy i \u017byjemy Zdrowo &#8211; Promocja Zawod\u00f3w Zwi\u0105zanych z Bran\u017c\u0105 Spo\u017cywcz\u0105.<\/a><\/p><p><a href=\"https:\/\/www.zsps.poznan.pl\/index.php\/kwalifikacje-zawodowe-kluczem-do-sukcesu\/\">Kwalifikacje Zawodowe Kluczem do Sukcesu.<\/a><\/p><p><a href=\"https:\/\/www.zsps.poznan.pl\/index.php\/narodowy-program-rozwoju-czytelnictwa-na-lata-2021-2025\/\">Narodowy Program Rozwoju Czytelnictwa na lata 2021-2025.<\/a><\/p>\t\t\t\t\t\t\t\t<\/div>\n\t\t\t\t<\/div>\n\t\t\t\t\t<\/div>\n\t\t<\/div>\n\t\t\t\t\t<\/div>\n\t\t<\/section>\n\t\t\t\t<section class=\"elementor-section elementor-top-section elementor-element elementor-element-694b970 elementor-section-boxed elementor-section-height-default elementor-section-height-default\" data-id=\"694b970\" data-element_type=\"section\" data-e-type=\"section\">\n\t\t\t\t\t\t<div class=\"elementor-container elementor-column-gap-default\">\n\t\t\t\t\t<div class=\"elementor-column elementor-col-100 elementor-top-column elementor-element elementor-element-b93e5a4\" data-id=\"b93e5a4\" data-element_type=\"column\" data-e-type=\"column\">\n\t\t\t<div class=\"elementor-widget-wrap elementor-element-populated\">\n\t\t\t\t\t\t<div class=\"elementor-element elementor-element-8f2b7eb elementor-widget elementor-widget-image-gallery\" data-id=\"8f2b7eb\" data-element_type=\"widget\" data-e-type=\"widget\" data-widget_type=\"image-gallery.default\">\n\t\t\t\t<div class=\"elementor-widget-container\">\n\t\t\t\t\t\t\t<div class=\"elementor-image-gallery\">\n\t\t\t<div id='gallery-1' class='gallery galleryid-11961 gallery-columns-5 gallery-size-medium'><figure class='gallery-item'>\n\t\t\t<div class='gallery-icon landscape'>\n\t\t\t\t<a data-elementor-open-lightbox=\"yes\" data-elementor-lightbox-slideshow=\"8f2b7eb\" data-e-action-hash=\"#elementor-action%3Aaction%3Dlightbox%26settings%3DeyJpZCI6MTM5NTgsInVybCI6Imh0dHBzOlwvXC96c3BzLnBvem5hbi5wbFwvd3AtY29udGVudFwvdXBsb2Fkc1wvMjAyNFwvMDdcL2VyYXNtdXNwbHVzLmpwZyIsInNsaWRlc2hvdyI6IjhmMmI3ZWIifQ%3D%3D\" href='https:\/\/zsps.poznan.pl\/wp-content\/uploads\/2024\/07\/erasmusplus.jpg'><img decoding=\"async\" width=\"293\" height=\"157\" src=\"https:\/\/zsps.poznan.pl\/wp-content\/uploads\/2024\/07\/erasmusplus.jpg\" class=\"attachment-medium size-medium\" alt=\"\" \/><\/a>\n\t\t\t<\/div><\/figure><figure class='gallery-item'>\n\t\t\t<div class='gallery-icon landscape'>\n\t\t\t\t<a data-elementor-open-lightbox=\"yes\" data-elementor-lightbox-slideshow=\"8f2b7eb\" data-e-action-hash=\"#elementor-action%3Aaction%3Dlightbox%26settings%3DeyJpZCI6MTM4MzQsInVybCI6Imh0dHBzOlwvXC96c3BzLnBvem5hbi5wbFwvd3AtY29udGVudFwvdXBsb2Fkc1wvMjAyNFwvMDVcL0xvZ28tUE5XTS1QSU9OLUpQRy16LWRvcGlza2llbS5qcGciLCJzbGlkZXNob3ciOiI4ZjJiN2ViIn0%3D\" href='https:\/\/zsps.poznan.pl\/wp-content\/uploads\/2024\/05\/Logo-PNWM-PION-JPG-z-dopiskiem.jpg'><img decoding=\"async\" width=\"300\" height=\"170\" src=\"https:\/\/zsps.poznan.pl\/wp-content\/uploads\/2024\/05\/Logo-PNWM-PION-JPG-z-dopiskiem-300x170.jpg\" class=\"attachment-medium size-medium\" alt=\"\" srcset=\"https:\/\/zsps.poznan.pl\/wp-content\/uploads\/2024\/05\/Logo-PNWM-PION-JPG-z-dopiskiem-300x170.jpg 300w, https:\/\/zsps.poznan.pl\/wp-content\/uploads\/2024\/05\/Logo-PNWM-PION-JPG-z-dopiskiem-1024x582.jpg 1024w, https:\/\/zsps.poznan.pl\/wp-content\/uploads\/2024\/05\/Logo-PNWM-PION-JPG-z-dopiskiem-768x436.jpg 768w, https:\/\/zsps.poznan.pl\/wp-content\/uploads\/2024\/05\/Logo-PNWM-PION-JPG-z-dopiskiem-1536x873.jpg 1536w, https:\/\/zsps.poznan.pl\/wp-content\/uploads\/2024\/05\/Logo-PNWM-PION-JPG-z-dopiskiem.jpg 1760w\" sizes=\"(max-width: 300px) 100vw, 300px\" \/><\/a>\n\t\t\t<\/div><\/figure><figure class='gallery-item'>\n\t\t\t<div class='gallery-icon landscape'>\n\t\t\t\t<a data-elementor-open-lightbox=\"yes\" data-elementor-lightbox-slideshow=\"8f2b7eb\" data-e-action-hash=\"#elementor-action%3Aaction%3Dlightbox%26settings%3DeyJpZCI6MTEwMDgsInVybCI6Imh0dHBzOlwvXC96c3BzLnBvem5hbi5wbFwvd3AtY29udGVudFwvdXBsb2Fkc1wvMjAyM1wvMDlcL0xvZ28ucG5nIiwic2xpZGVzaG93IjoiOGYyYjdlYiJ9\" href='https:\/\/zsps.poznan.pl\/wp-content\/uploads\/2023\/09\/Logo.png'><img loading=\"lazy\" decoding=\"async\" width=\"300\" height=\"169\" src=\"https:\/\/zsps.poznan.pl\/wp-content\/uploads\/2023\/09\/Logo-300x169.png\" class=\"attachment-medium size-medium\" alt=\"\" srcset=\"https:\/\/zsps.poznan.pl\/wp-content\/uploads\/2023\/09\/Logo-300x169.png 300w, https:\/\/zsps.poznan.pl\/wp-content\/uploads\/2023\/09\/Logo-1024x576.png 1024w, https:\/\/zsps.poznan.pl\/wp-content\/uploads\/2023\/09\/Logo-768x432.png 768w, https:\/\/zsps.poznan.pl\/wp-content\/uploads\/2023\/09\/Logo-1536x864.png 1536w, https:\/\/zsps.poznan.pl\/wp-content\/uploads\/2023\/09\/Logo.png 1920w\" sizes=\"(max-width: 300px) 100vw, 300px\" \/><\/a>\n\t\t\t<\/div><\/figure><figure class='gallery-item'>\n\t\t\t<div class='gallery-icon landscape'>\n\t\t\t\t<a data-elementor-open-lightbox=\"yes\" data-elementor-lightbox-slideshow=\"8f2b7eb\" data-e-action-hash=\"#elementor-action%3Aaction%3Dlightbox%26settings%3DeyJpZCI6NjkzOCwidXJsIjoiaHR0cHM6XC9cL3pzcHMucG96bmFuLnBsXC93cC1jb250ZW50XC91cGxvYWRzXC8yMDIyXC8wNVwvMS1UYWJsaWNhLWluZm9ybXVqYWNhLW8tcHJvamVrY2llLTEuanBnIiwic2xpZGVzaG93IjoiOGYyYjdlYiJ9\" href='https:\/\/zsps.poznan.pl\/wp-content\/uploads\/2022\/05\/1-Tablica-informujaca-o-projekcie-1.jpg'><img loading=\"lazy\" decoding=\"async\" width=\"300\" height=\"212\" src=\"https:\/\/zsps.poznan.pl\/wp-content\/uploads\/2022\/05\/1-Tablica-informujaca-o-projekcie-1-300x212.jpg\" class=\"attachment-medium size-medium\" alt=\"\" srcset=\"https:\/\/zsps.poznan.pl\/wp-content\/uploads\/2022\/05\/1-Tablica-informujaca-o-projekcie-1-300x212.jpg 300w, https:\/\/zsps.poznan.pl\/wp-content\/uploads\/2022\/05\/1-Tablica-informujaca-o-projekcie-1-1024x724.jpg 1024w, https:\/\/zsps.poznan.pl\/wp-content\/uploads\/2022\/05\/1-Tablica-informujaca-o-projekcie-1-768x543.jpg 768w, https:\/\/zsps.poznan.pl\/wp-content\/uploads\/2022\/05\/1-Tablica-informujaca-o-projekcie-1.jpg 1414w\" sizes=\"(max-width: 300px) 100vw, 300px\" \/><\/a>\n\t\t\t<\/div><\/figure><figure class='gallery-item'>\n\t\t\t<div class='gallery-icon landscape'>\n\t\t\t\t<a data-elementor-open-lightbox=\"yes\" data-elementor-lightbox-slideshow=\"8f2b7eb\" data-e-action-hash=\"#elementor-action%3Aaction%3Dlightbox%26settings%3DeyJpZCI6NTYwNiwidXJsIjoiaHR0cHM6XC9cL3pzcHMucG96bmFuLnBsXC93cC1jb250ZW50XC91cGxvYWRzXC8yMDIxXC8xMlwvTG9nby0xLmpwZyIsInNsaWRlc2hvdyI6IjhmMmI3ZWIifQ%3D%3D\" href='https:\/\/zsps.poznan.pl\/wp-content\/uploads\/2021\/12\/Logo-1.jpg'><img loading=\"lazy\" decoding=\"async\" width=\"300\" height=\"171\" src=\"https:\/\/zsps.poznan.pl\/wp-content\/uploads\/2021\/12\/Logo-1-300x171.jpg\" class=\"attachment-medium size-medium\" alt=\"\" srcset=\"https:\/\/zsps.poznan.pl\/wp-content\/uploads\/2021\/12\/Logo-1-300x171.jpg 300w, https:\/\/zsps.poznan.pl\/wp-content\/uploads\/2021\/12\/Logo-1-1024x584.jpg 1024w, https:\/\/zsps.poznan.pl\/wp-content\/uploads\/2021\/12\/Logo-1-768x438.jpg 768w, https:\/\/zsps.poznan.pl\/wp-content\/uploads\/2021\/12\/Logo-1.jpg 1281w\" sizes=\"(max-width: 300px) 100vw, 300px\" \/><\/a>\n\t\t\t<\/div><\/figure>\n\t\t<\/div>\n\t\t<\/div>\n\t\t\t\t\t\t<\/div>\n\t\t\t\t<\/div>\n\t\t\t\t\t<\/div>\n\t\t<\/div>\n\t\t\t\t\t<\/div>\n\t\t<\/section>\n\t\t\t\t<\/div>\n\t\t","protected":false},"excerpt":{"rendered":"<p>W Zespole Szk\u00f3\u0142 Przemys\u0142u Spo\u017cywczego im Jana i J\u0119drzeja \u015aniadeckich realizowane s\u0105 nast\u0119puj\u0105ce projekty, kt\u00f3rych g\u0142\u00f3wnym celem jest modernizacja kszta\u0142cenia zawodowego oraz rozw\u00f3j kompetencji j\u0119zykowych uczni\u00f3w oraz kadry pedagogicznej i niepedagogicznej szko\u0142y: Europa na talerzu &#8211; mi\u0119dzynarodowe sta\u017ce zawodowe szans\u0105<\/p>\n","protected":false},"author":9,"featured_media":0,"parent":0,"menu_order":0,"comment_status":"closed","ping_status":"closed","template":"","meta":{"footnotes":""},"class_list":["post-11961","page","type-page","status-publish","hentry"],"yoast_head":"<!-- This site is optimized with the Yoast SEO plugin v27.4 - https:\/\/yoast.com\/product\/yoast-seo-wordpress\/ -->\n<title>Nasze Projekty - ZESP\u00d3\u0141 SZK\u00d3\u0141 PRZEMYS\u0141U SPO\u017bYWCZEGO<\/title>\n<meta name=\"robots\" content=\"index, follow, max-snippet:-1, max-image-preview:large, max-video-preview:-1\" \/>\n<link rel=\"canonical\" href=\"https:\/\/zsps.poznan.pl\/index.php\/praktyki-zawodowe\/\" \/>\n<meta property=\"og:locale\" content=\"pl_PL\" \/>\n<meta property=\"og:type\" content=\"article\" \/>\n<meta property=\"og:title\" content=\"Nasze Projekty - ZESP\u00d3\u0141 SZK\u00d3\u0141 PRZEMYS\u0141U SPO\u017bYWCZEGO\" \/>\n<meta property=\"og:description\" content=\"W Zespole Szk\u00f3\u0142 Przemys\u0142u Spo\u017cywczego im Jana i J\u0119drzeja \u015aniadeckich realizowane s\u0105 nast\u0119puj\u0105ce projekty, kt\u00f3rych g\u0142\u00f3wnym celem jest modernizacja kszta\u0142cenia zawodowego oraz rozw\u00f3j kompetencji j\u0119zykowych uczni\u00f3w oraz kadry pedagogicznej i niepedagogicznej szko\u0142y: Europa na talerzu &#8211; mi\u0119dzynarodowe sta\u017ce zawodowe szans\u0105\" \/>\n<meta property=\"og:url\" content=\"https:\/\/zsps.poznan.pl\/index.php\/praktyki-zawodowe\/\" \/>\n<meta property=\"og:site_name\" content=\"ZESP\u00d3\u0141 SZK\u00d3\u0141 PRZEMYS\u0141U SPO\u017bYWCZEGO\" \/>\n<meta property=\"article:publisher\" content=\"https:\/\/www.facebook.com\/zsps.poznan\" \/>\n<meta property=\"article:modified_time\" content=\"2025-05-12T09:43:45+00:00\" \/>\n<meta property=\"og:image\" content=\"https:\/\/zsps.poznan.pl\/wp-content\/uploads\/2025\/03\/PL_FundedbytheEU_RGB_Monochrome-na-stronecertyfikaty-002-768x174.png\" \/>\n<meta name=\"twitter:card\" content=\"summary_large_image\" \/>\n<meta name=\"twitter:label1\" content=\"Szacowany czas czytania\" \/>\n\t<meta name=\"twitter:data1\" content=\"2 minuty\" \/>\n<script type=\"application\/ld+json\" class=\"yoast-schema-graph\">{\"@context\":\"https:\\\/\\\/schema.org\",\"@graph\":[{\"@type\":\"WebPage\",\"@id\":\"https:\\\/\\\/zsps.poznan.pl\\\/index.php\\\/praktyki-zawodowe\\\/\",\"url\":\"https:\\\/\\\/zsps.poznan.pl\\\/index.php\\\/praktyki-zawodowe\\\/\",\"name\":\"Nasze Projekty - ZESP\u00d3\u0141 SZK\u00d3\u0141 PRZEMYS\u0141U SPO\u017bYWCZEGO\",\"isPartOf\":{\"@id\":\"https:\\\/\\\/zsps.poznan.pl\\\/#website\"},\"primaryImageOfPage\":{\"@id\":\"https:\\\/\\\/zsps.poznan.pl\\\/index.php\\\/praktyki-zawodowe\\\/#primaryimage\"},\"image\":{\"@id\":\"https:\\\/\\\/zsps.poznan.pl\\\/index.php\\\/praktyki-zawodowe\\\/#primaryimage\"},\"thumbnailUrl\":\"https:\\\/\\\/zsps.poznan.pl\\\/wp-content\\\/uploads\\\/2025\\\/03\\\/PL_FundedbytheEU_RGB_Monochrome-na-stronecertyfikaty-002-768x174.png\",\"datePublished\":\"2023-12-06T08:54:44+00:00\",\"dateModified\":\"2025-05-12T09:43:45+00:00\",\"breadcrumb\":{\"@id\":\"https:\\\/\\\/zsps.poznan.pl\\\/index.php\\\/praktyki-zawodowe\\\/#breadcrumb\"},\"inLanguage\":\"pl-PL\",\"potentialAction\":[{\"@type\":\"ReadAction\",\"target\":[\"https:\\\/\\\/zsps.poznan.pl\\\/index.php\\\/praktyki-zawodowe\\\/\"]}]},{\"@type\":\"ImageObject\",\"inLanguage\":\"pl-PL\",\"@id\":\"https:\\\/\\\/zsps.poznan.pl\\\/index.php\\\/praktyki-zawodowe\\\/#primaryimage\",\"url\":\"https:\\\/\\\/zsps.poznan.pl\\\/wp-content\\\/uploads\\\/2025\\\/03\\\/PL_FundedbytheEU_RGB_Monochrome-na-stronecertyfikaty-002.png\",\"contentUrl\":\"https:\\\/\\\/zsps.poznan.pl\\\/wp-content\\\/uploads\\\/2025\\\/03\\\/PL_FundedbytheEU_RGB_Monochrome-na-stronecertyfikaty-002.png\",\"width\":4050,\"height\":920},{\"@type\":\"BreadcrumbList\",\"@id\":\"https:\\\/\\\/zsps.poznan.pl\\\/index.php\\\/praktyki-zawodowe\\\/#breadcrumb\",\"itemListElement\":[{\"@type\":\"ListItem\",\"position\":1,\"name\":\"Strona g\u0142\u00f3wna\",\"item\":\"https:\\\/\\\/zsps.poznan.pl\\\/\"},{\"@type\":\"ListItem\",\"position\":2,\"name\":\"Nasze Projekty\"}]},{\"@type\":\"WebSite\",\"@id\":\"https:\\\/\\\/zsps.poznan.pl\\\/#website\",\"url\":\"https:\\\/\\\/zsps.poznan.pl\\\/\",\"name\":\"ZESP\u00d3\u0141 SZK\u00d3\u0141 PRZEMYS\u0141U SPO\u017bYWCZEGO\",\"description\":\"im. J. J. \u015aniadeckich w Poznaniu\",\"publisher\":{\"@id\":\"https:\\\/\\\/zsps.poznan.pl\\\/#organization\"},\"potentialAction\":[{\"@type\":\"SearchAction\",\"target\":{\"@type\":\"EntryPoint\",\"urlTemplate\":\"https:\\\/\\\/zsps.poznan.pl\\\/?s={search_term_string}\"},\"query-input\":{\"@type\":\"PropertyValueSpecification\",\"valueRequired\":true,\"valueName\":\"search_term_string\"}}],\"inLanguage\":\"pl-PL\"},{\"@type\":\"Organization\",\"@id\":\"https:\\\/\\\/zsps.poznan.pl\\\/#organization\",\"name\":\"Zesp\u00f3\u0142 Szk\u00f3\u0142 Przemys\u0142u Spo\u017cywczego\",\"url\":\"https:\\\/\\\/zsps.poznan.pl\\\/\",\"logo\":{\"@type\":\"ImageObject\",\"inLanguage\":\"pl-PL\",\"@id\":\"https:\\\/\\\/zsps.poznan.pl\\\/#\\\/schema\\\/logo\\\/image\\\/\",\"url\":\"\",\"contentUrl\":\"\",\"caption\":\"Zesp\u00f3\u0142 Szk\u00f3\u0142 Przemys\u0142u Spo\u017cywczego\"},\"image\":{\"@id\":\"https:\\\/\\\/zsps.poznan.pl\\\/#\\\/schema\\\/logo\\\/image\\\/\"},\"sameAs\":[\"https:\\\/\\\/www.facebook.com\\\/zsps.poznan\"]}]}<\/script>\n<!-- \/ Yoast SEO plugin. -->","yoast_head_json":{"title":"Nasze Projekty - ZESP\u00d3\u0141 SZK\u00d3\u0141 PRZEMYS\u0141U SPO\u017bYWCZEGO","robots":{"index":"index","follow":"follow","max-snippet":"max-snippet:-1","max-image-preview":"max-image-preview:large","max-video-preview":"max-video-preview:-1"},"canonical":"https:\/\/zsps.poznan.pl\/index.php\/praktyki-zawodowe\/","og_locale":"pl_PL","og_type":"article","og_title":"Nasze Projekty - ZESP\u00d3\u0141 SZK\u00d3\u0141 PRZEMYS\u0141U SPO\u017bYWCZEGO","og_description":"W Zespole Szk\u00f3\u0142 Przemys\u0142u Spo\u017cywczego im Jana i J\u0119drzeja \u015aniadeckich realizowane s\u0105 nast\u0119puj\u0105ce projekty, kt\u00f3rych g\u0142\u00f3wnym celem jest modernizacja kszta\u0142cenia zawodowego oraz rozw\u00f3j kompetencji j\u0119zykowych uczni\u00f3w oraz kadry pedagogicznej i niepedagogicznej szko\u0142y: Europa na talerzu &#8211; mi\u0119dzynarodowe sta\u017ce zawodowe szans\u0105","og_url":"https:\/\/zsps.poznan.pl\/index.php\/praktyki-zawodowe\/","og_site_name":"ZESP\u00d3\u0141 SZK\u00d3\u0141 PRZEMYS\u0141U SPO\u017bYWCZEGO","article_publisher":"https:\/\/www.facebook.com\/zsps.poznan","article_modified_time":"2025-05-12T09:43:45+00:00","og_image":[{"url":"https:\/\/zsps.poznan.pl\/wp-content\/uploads\/2025\/03\/PL_FundedbytheEU_RGB_Monochrome-na-stronecertyfikaty-002-768x174.png","type":"","width":"","height":""}],"twitter_card":"summary_large_image","twitter_misc":{"Szacowany czas czytania":"2 minuty"},"schema":{"@context":"https:\/\/schema.org","@graph":[{"@type":"WebPage","@id":"https:\/\/zsps.poznan.pl\/index.php\/praktyki-zawodowe\/","url":"https:\/\/zsps.poznan.pl\/index.php\/praktyki-zawodowe\/","name":"Nasze Projekty - ZESP\u00d3\u0141 SZK\u00d3\u0141 PRZEMYS\u0141U SPO\u017bYWCZEGO","isPartOf":{"@id":"https:\/\/zsps.poznan.pl\/#website"},"primaryImageOfPage":{"@id":"https:\/\/zsps.poznan.pl\/index.php\/praktyki-zawodowe\/#primaryimage"},"image":{"@id":"https:\/\/zsps.poznan.pl\/index.php\/praktyki-zawodowe\/#primaryimage"},"thumbnailUrl":"https:\/\/zsps.poznan.pl\/wp-content\/uploads\/2025\/03\/PL_FundedbytheEU_RGB_Monochrome-na-stronecertyfikaty-002-768x174.png","datePublished":"2023-12-06T08:54:44+00:00","dateModified":"2025-05-12T09:43:45+00:00","breadcrumb":{"@id":"https:\/\/zsps.poznan.pl\/index.php\/praktyki-zawodowe\/#breadcrumb"},"inLanguage":"pl-PL","potentialAction":[{"@type":"ReadAction","target":["https:\/\/zsps.poznan.pl\/index.php\/praktyki-zawodowe\/"]}]},{"@type":"ImageObject","inLanguage":"pl-PL","@id":"https:\/\/zsps.poznan.pl\/index.php\/praktyki-zawodowe\/#primaryimage","url":"https:\/\/zsps.poznan.pl\/wp-content\/uploads\/2025\/03\/PL_FundedbytheEU_RGB_Monochrome-na-stronecertyfikaty-002.png","contentUrl":"https:\/\/zsps.poznan.pl\/wp-content\/uploads\/2025\/03\/PL_FundedbytheEU_RGB_Monochrome-na-stronecertyfikaty-002.png","width":4050,"height":920},{"@type":"BreadcrumbList","@id":"https:\/\/zsps.poznan.pl\/index.php\/praktyki-zawodowe\/#breadcrumb","itemListElement":[{"@type":"ListItem","position":1,"name":"Strona g\u0142\u00f3wna","item":"https:\/\/zsps.poznan.pl\/"},{"@type":"ListItem","position":2,"name":"Nasze Projekty"}]},{"@type":"WebSite","@id":"https:\/\/zsps.poznan.pl\/#website","url":"https:\/\/zsps.poznan.pl\/","name":"ZESP\u00d3\u0141 SZK\u00d3\u0141 PRZEMYS\u0141U SPO\u017bYWCZEGO","description":"im. J. J. \u015aniadeckich w Poznaniu","publisher":{"@id":"https:\/\/zsps.poznan.pl\/#organization"},"potentialAction":[{"@type":"SearchAction","target":{"@type":"EntryPoint","urlTemplate":"https:\/\/zsps.poznan.pl\/?s={search_term_string}"},"query-input":{"@type":"PropertyValueSpecification","valueRequired":true,"valueName":"search_term_string"}}],"inLanguage":"pl-PL"},{"@type":"Organization","@id":"https:\/\/zsps.poznan.pl\/#organization","name":"Zesp\u00f3\u0142 Szk\u00f3\u0142 Przemys\u0142u Spo\u017cywczego","url":"https:\/\/zsps.poznan.pl\/","logo":{"@type":"ImageObject","inLanguage":"pl-PL","@id":"https:\/\/zsps.poznan.pl\/#\/schema\/logo\/image\/","url":"","contentUrl":"","caption":"Zesp\u00f3\u0142 Szk\u00f3\u0142 Przemys\u0142u Spo\u017cywczego"},"image":{"@id":"https:\/\/zsps.poznan.pl\/#\/schema\/logo\/image\/"},"sameAs":["https:\/\/www.facebook.com\/zsps.poznan"]}]}},"_links":{"self":[{"href":"https:\/\/zsps.poznan.pl\/index.php\/wp-json\/wp\/v2\/pages\/11961","targetHints":{"allow":["GET"]}}],"collection":[{"href":"https:\/\/zsps.poznan.pl\/index.php\/wp-json\/wp\/v2\/pages"}],"about":[{"href":"https:\/\/zsps.poznan.pl\/index.php\/wp-json\/wp\/v2\/types\/page"}],"author":[{"embeddable":true,"href":"https:\/\/zsps.poznan.pl\/index.php\/wp-json\/wp\/v2\/users\/9"}],"replies":[{"embeddable":true,"href":"https:\/\/zsps.poznan.pl\/index.php\/wp-json\/wp\/v2\/comments?post=11961"}],"version-history":[{"count":14,"href":"https:\/\/zsps.poznan.pl\/index.php\/wp-json\/wp\/v2\/pages\/11961\/revisions"}],"predecessor-version":[{"id":16030,"href":"https:\/\/zsps.poznan.pl\/index.php\/wp-json\/wp\/v2\/pages\/11961\/revisions\/16030"}],"wp:attachment":[{"href":"https:\/\/zsps.poznan.pl\/index.php\/wp-json\/wp\/v2\/media?parent=11961"}],"curies":[{"name":"wp","href":"https:\/\/api.w.org\/{rel}","templated":true}]}}