{"id":134,"date":"2020-03-19T11:16:36","date_gmt":"2020-03-19T10:16:36","guid":{"rendered":"https:\/\/zsps.poznan.pl\/wp\/?page_id=134"},"modified":"2025-11-20T13:28:00","modified_gmt":"2025-11-20T12:28:00","slug":"biezace-informacje","status":"publish","type":"page","link":"https:\/\/zsps.poznan.pl\/index.php\/biezace-informacje\/","title":{"rendered":"Bie\u017c\u0105ce informacje"},"content":{"rendered":"\t\t<div data-elementor-type=\"wp-page\" data-elementor-id=\"134\" class=\"elementor elementor-134\">\n\t\t\t\t\t\t<section class=\"elementor-section elementor-top-section elementor-element elementor-element-dfc8469 elementor-section-boxed elementor-section-height-default elementor-section-height-default\" data-id=\"dfc8469\" data-element_type=\"section\" data-e-type=\"section\">\n\t\t\t\t\t\t<div class=\"elementor-container elementor-column-gap-default\">\n\t\t\t\t\t<div class=\"elementor-column elementor-col-100 elementor-top-column elementor-element elementor-element-044e19b\" data-id=\"044e19b\" data-element_type=\"column\" data-e-type=\"column\">\n\t\t\t<div class=\"elementor-widget-wrap elementor-element-populated\">\n\t\t\t\t\t\t<div class=\"elementor-element elementor-element-4a0ecea elementor-widget elementor-widget-text-editor\" data-id=\"4a0ecea\" data-element_type=\"widget\" data-e-type=\"widget\" data-widget_type=\"text-editor.default\">\n\t\t\t\t<div class=\"elementor-widget-container\">\n\t\t\t\t\t\t\t\t\t<p style=\"text-align: center;\">W sprawach zwi\u0105zanych z naborem prosimy o kontakt pod numerem telefonu <strong>+48 452 446 335<\/strong><\/p><p style=\"text-align: center;\">lub mailowo pod adresem <strong>office@zsps.poznan.pl<\/strong><\/p>\t\t\t\t\t\t\t\t<\/div>\n\t\t\t\t<\/div>\n\t\t\t\t\t<\/div>\n\t\t<\/div>\n\t\t\t\t\t<\/div>\n\t\t<\/section>\n\t\t\t\t<section class=\"elementor-section elementor-top-section elementor-element elementor-element-2017416 elementor-section-full_width elementor-section-height-default elementor-section-height-default\" data-id=\"2017416\" data-element_type=\"section\" data-e-type=\"section\">\n\t\t\t\t\t\t<div class=\"elementor-container elementor-column-gap-default\">\n\t\t\t\t\t<div class=\"elementor-column elementor-col-100 elementor-top-column elementor-element elementor-element-0afbac1\" data-id=\"0afbac1\" data-element_type=\"column\" data-e-type=\"column\">\n\t\t\t<div class=\"elementor-widget-wrap elementor-element-populated\">\n\t\t\t\t\t\t<div class=\"elementor-element elementor-element-ff7d15a elementor-widget elementor-widget-html\" data-id=\"ff7d15a\" data-element_type=\"widget\" data-e-type=\"widget\" data-widget_type=\"html.default\">\n\t\t\t\t<div class=\"elementor-widget-container\">\n\t\t\t\t\t<p class=\"head center\">\r\n    \u00d3smoklasisto! Zdecydowa\u0142e\u015b si\u0119 wybra\u0107 nasz\u0105 szko\u0142\u0119?\r\n<\/p>\r\n<p class=\"content\">\r\n    My czekamy w\u0142a\u015bnie na Ciebie i oferujemy Tobie mo\u017cliwo\u015b\u0107 zdobycia cenionego na rynku pracy zawodu, zwi\u0105zanego z bran\u017c\u0105 spo\u017cywcz\u0105, gastronomi\u0105 lub hotelarstwem.\r\n<\/p>\r\n<p class=\"content\">\r\n    Musisz podj\u0105\u0107 decyzj\u0119 na jaki zaw\u00f3d si\u0119 decydujesz \u2013 to jest ju\u017c ten czas.\r\n<\/p>\r\n<p class=\"subhead center\">\r\n Mo\u017cesz kszta\u0142ci\u0107 si\u0119 w:\r\n<\/p>\t\t\t\t<\/div>\n\t\t\t\t<\/div>\n\t\t\t\t\t<\/div>\n\t\t<\/div>\n\t\t\t\t\t<\/div>\n\t\t<\/section>\n\t\t\t\t<section class=\"elementor-section elementor-top-section elementor-element elementor-element-e1dc242 elementor-section-full_width elementor-section-height-default elementor-section-height-default\" data-id=\"e1dc242\" data-element_type=\"section\" data-e-type=\"section\">\n\t\t\t\t\t\t<div class=\"elementor-container elementor-column-gap-default\">\n\t\t\t\t\t<div class=\"elementor-column elementor-col-50 elementor-top-column elementor-element elementor-element-22554a7\" data-id=\"22554a7\" data-element_type=\"column\" data-e-type=\"column\">\n\t\t\t<div class=\"elementor-widget-wrap elementor-element-populated\">\n\t\t\t\t\t\t<div class=\"elementor-element elementor-element-0820d3a elementor-widget elementor-widget-html\" data-id=\"0820d3a\" data-element_type=\"widget\" data-e-type=\"widget\" data-widget_type=\"html.default\">\n\t\t\t\t<div class=\"elementor-widget-container\">\n\t\t\t\t\t<table>\r\n    <tr>\r\n        <td colspan=\"2\" class=\"content\">\r\n            <p class=\"head center\">\r\n               Technikum Przemys\u0142u Spo\u017cywczego\r\n            <\/p>\r\n            <p class=\"subhead center\">\r\n                 w zawodach:\r\n            <\/p>\r\n        <\/td>\r\n    <\/tr>\r\n    <tr>\r\n        <td class=\"subhead\" style=\"padding:0px;\" width=90%>\r\n            Technik hotelarstwa\r\n        <\/td>\r\n        <td class=\"subhead\" >\r\n            <button class=\"button\" style=\"margin:0px\" onclick=\"window.open('\/index.php\/technik-hotelarstwa\/', '_blank'); return false;\">Wi\u0119cej&nbsp;informacji\r\n            <\/button>\r\n        <\/td>\r\n    <\/tr>\r\n    <tr>\r\n        <td class=\"subhead\" style=\"padding:0px;\" width=90%>\r\n            Technik przetw\u00f3rstwa mleczarskiego\r\n        <\/td>\r\n        <td class=\"subhead\">\r\n            <button class=\"button\" style=\"margin:0px\" onclick=\"window.open('index.php\/technik-przetworstwa-mleczarskiego\/', '_blank'); return false;\">Wi\u0119cej&nbsp;informacji\r\n            <\/button>\r\n        <\/td>\r\n    <\/tr>\r\n    <tr>\r\n        <td class=\"subhead\" style=\"padding:0px;\" width=90%>\r\n            Technik technologii&nbsp;\u017cywno\u015bci\r\n        <\/td>\r\n        <td class=\"subhead\">\r\n            <button class=\"button\" style=\"margin:0px\" onclick=\"window.open('index.php\/technik-technologii-zywnosci\/', '_blank'); return false;\">Wi\u0119cej&nbsp;informacji\r\n            <\/button>\r\n        <\/td>\r\n    <\/tr>\r\n    <tr>\r\n        <td class=\"subhead\" style=\"padding:0px;\" width=90%>\r\n            Technik \u017cywienia i&nbsp;us\u0142ug gastronomicznych\r\n        <\/td>\r\n        <td class=\"subhead\">\r\n            <button class=\"button\" style=\"margin:0px\" onclick=\"window.open('index.php\/technik-zywienia-i-uslug-gastronomicznych\/', '_blank'); return false;\">Wi\u0119cej&nbsp;informacji\r\n            <\/button>\r\n        <\/td>\r\n    <\/tr>\r\n<\/table>\t\t\t\t<\/div>\n\t\t\t\t<\/div>\n\t\t\t\t\t<\/div>\n\t\t<\/div>\n\t\t\t\t<div class=\"elementor-column elementor-col-50 elementor-top-column elementor-element elementor-element-f898d27\" data-id=\"f898d27\" data-element_type=\"column\" data-e-type=\"column\">\n\t\t\t<div class=\"elementor-widget-wrap elementor-element-populated\">\n\t\t\t\t\t\t<div class=\"elementor-element elementor-element-d21a63e elementor-widget elementor-widget-html\" data-id=\"d21a63e\" data-element_type=\"widget\" data-e-type=\"widget\" data-widget_type=\"html.default\">\n\t\t\t\t<div class=\"elementor-widget-container\">\n\t\t\t\t\t<table>\r\n    <tr>\r\n        <td colspan=\"2\" class=\"content\">\r\n            <p class=\"head center\">\r\n               Bran\u017cowej Szkole I&nbsp;stopnia nr&nbsp;8\r\n            <\/p>\r\n            <p class=\"subhead center\">\r\n                 w zawodach:\r\n            <\/p>\r\n        <\/td>\r\n    <\/tr>\r\n    <tr>\r\n        <td class=\"subhead\" style=\"padding:0px;\" width=90%>\r\n            Cukiernik\r\n        <\/td>\r\n        <td class=\"subhead\">\r\n            <button class=\"button\" style=\"margin:0px\" onclick=\"window.open('\/index.php\/cukiernik\/', '_blank'); return false;\">Wi\u0119cej&nbsp;informacji\r\n            <\/button>\r\n        <\/td>\r\n    <\/tr>\r\n    <tr>\r\n        <td class=\"subhead\" style=\"padding:0px;\" width=90%>\r\n            Kucharz\r\n<td class=\"subhead\">\r\n            <button class=\"button\" style=\"margin:0px\" onclick=\"window.open('\/index.php\/kucharz', '_blank'); return false;\">Wi\u0119cej&nbsp;informacji\r\n            <\/button>\r\n        <\/td>\r\n    <\/tr>\r\n    <tr>\r\n        <td class=\"subhead\" style=\"padding:0px;\" width=90%>\r\n            Piekarz\r\n        <\/td>\r\n         <td class=\"subhead\">\r\n            <button class=\"button\" style=\"margin:0px\" onclick=\"window.open('\/index.php\/piekarz', '_blank'); return false;\">Wi\u0119cej&nbsp;informacji\r\n            <\/button>\r\n        <\/td>\r\n    <\/tr>\r\n    <tr>\r\n        <td class=\"subhead\" style=\"padding:0px;\" width=90%>\r\n            Przetw\u00f3rca miesa\r\n        <\/td>\r\n        <td class=\"subhead\">\r\n            <button class=\"button\" style=\"margin:0px\" onclick=\"window.open('\/index.php\/przetworca-miesa', '_blank'); return false;\">Wi\u0119cej&nbsp;informacji\r\n            <\/button>\r\n        <\/td>\r\n    <\/tr>\r\n<\/table>\t\t\t\t<\/div>\n\t\t\t\t<\/div>\n\t\t\t\t\t<\/div>\n\t\t<\/div>\n\t\t\t\t\t<\/div>\n\t\t<\/section>\n\t\t\t\t<section class=\"elementor-section elementor-top-section elementor-element elementor-element-52ab7d0 elementor-section-full_width elementor-section-height-default elementor-section-height-default\" data-id=\"52ab7d0\" data-element_type=\"section\" data-e-type=\"section\">\n\t\t\t\t\t\t<div class=\"elementor-container elementor-column-gap-default\">\n\t\t\t\t\t<div class=\"elementor-column elementor-col-100 elementor-top-column elementor-element elementor-element-8111870\" data-id=\"8111870\" data-element_type=\"column\" data-e-type=\"column\">\n\t\t\t<div class=\"elementor-widget-wrap elementor-element-populated\">\n\t\t\t\t\t\t<div class=\"elementor-element elementor-element-e36658f elementor-widget elementor-widget-html\" data-id=\"e36658f\" data-element_type=\"widget\" data-e-type=\"widget\" data-widget_type=\"html.default\">\n\t\t\t\t<div class=\"elementor-widget-container\">\n\t\t\t\t\t\r\n<p>&nbsp;<\/p>\r\n<span style=\"color:red\"p class=\"subhead center\">Poni\u017cej pliki do pobrania !!! kliknij na wybrany element i pobierz: <\/strong>\r\n<\/p>\r\n<p class=\"subsubhead\">\r\n    <a href=\"http:\/\/www.zsps.poznan.pl\/wp-content\/uploads\/2025\/05\/instrukcja_rekrutacji_25.pdf\"<\/span><span style=\"color:blue\">Instrukcja sk\u0142adania i przesy\u0142ania wniosku rekrutacyjnego<\/a>\r\n<p class=\"subsubhead\">\r\n    <a href=\"\/wp-content\/uploads\/2025\/11\/kwestionariusz-osobowy.pdf\" >Kwestionariusz osobowy <\/a>\r\n    <p\r\n<\/p>\r\n<p class=\"subsubhead\">\r\n     <a href=\"\/wp-content\/uploads\/2025\/08\/zgoda-na-wykorzystanie-danych-osobowych-dziecka.pdf\">Zgoda na wykorzystanie danych osobowych ucznia i jego opiekuna prawnego w celach informacyjnych i promocyjnych<\/a> <\/li>\r\n<\/p>\r\n<p class=\"subsubhead\">\r\n    <a href=\"https:\/\/www.zsps.poznan.pl\/wp-content\/uploads\/static\/docs\/Nab\u00f3r\/Zasadyrekrutacjidoszkolponadpodstawowych.pdf\">Zasady rekrutacji&nbsp;szko\u0142a podstawowa<\/a>\r\n<\/p>\r\n<p class=\"subsubhead\">\r\n    <a href=\"http:\/\/www.zsps.poznan.pl\/wp-content\/uploads\/static\/docs\/o\u015bwiadczenie_samotne_wych_dziecka_2020.pdf\">O\u015bwiadczenie osoby samotnie wychowuj\u0105ce dzieci<\/a>\r\n<\/p>\r\n<p class=\"subsubhead\">\r\n    <a href=\"https:\/\/www.zsps.poznan.pl\/wp-content\/uploads\/static\/docs\/Nab\u00f3r\/oswiadczenie_wielodzietnosc.pdf\">O\u015bwiadczenie wielodzietno\u015b\u0107<\/a>\r\n<\/p>\r\n<p class=\"subsubhead\">\r\n<a href=\"https:\/\/zsps.poznan.pl\/wp-content\/uploads\/2025\/08\/oswiadczenie-dla-potrzeb-medycyny-szkolnej.pdf\">O\u015bwiadczenie dla potrzeb Medycyny Szkolnej<\/a>\r\n<\/p>\r\n<p class=\"subsubhead\">\r\n<a href=\"http:\/\/www.zsps.poznan.pl\/wp-content\/uploads\/2025\/08\/skierowanie-na-badanie-lekarskie-TPS.pdf\">Skierowanie dla kandydata do Technikum Przemys\u0142u Spo\u017cywczego<\/a>\r\n<\/p>\r\n<p class=\"subsubhead\">\r\n<a href=\"https:\/\/zsps.poznan.pl\/wp-content\/uploads\/2025\/08\/skierowanie-na-badanie-lekarskie-BSII.pdf\">Skierowanie dla kandydata do Bran\u017cowej Szko\u0142y I&nbsp;Stopnia<\/a>\r\n<\/p>\r\n<p class=\"subsubhead\">\r\n<a href=\"https:\/\/zsps.poznan.pl\/wp-content\/uploads\/2025\/08\/zaswiadczenie-zakladu-pracy.pdf\">Za\u015bwiadczenie o praktykach<\/a>\r\n<\/p>\r\n    <\/p>\r\n<p class=\"subsubhead\">\r\n    <a href=\"https:\/\/zsps.poznan.pl\/wp-content\/uploads\/2025\/08\/podanie-o-przyjecie-do-szkoly.pdf\">Podanie o przyj\u0119cie do szko\u0142y (wy\u0142\u0105cznie dla kandydat\u00f3w przyjmowanych poza systemem rekrutacji elektornicznej)  &nbsp;<\/a>\r\n<p class=\"head center\">\r\n    ZAPRASZAMY!!!\r\n<\/p>\t\t\t\t<\/div>\n\t\t\t\t<\/div>\n\t\t\t\t\t<\/div>\n\t\t<\/div>\n\t\t\t\t\t<\/div>\n\t\t<\/section>\n\t\t\t\t<section class=\"elementor-section elementor-top-section elementor-element elementor-element-eec72f8 elementor-section-boxed elementor-section-height-default elementor-section-height-default\" data-id=\"eec72f8\" data-element_type=\"section\" data-e-type=\"section\">\n\t\t\t\t\t\t<div class=\"elementor-container elementor-column-gap-default\">\n\t\t\t\t\t<div class=\"elementor-column elementor-col-100 elementor-top-column elementor-element elementor-element-00af43e\" data-id=\"00af43e\" data-element_type=\"column\" data-e-type=\"column\">\n\t\t\t<div class=\"elementor-widget-wrap\">\n\t\t\t\t\t\t\t<\/div>\n\t\t<\/div>\n\t\t\t\t\t<\/div>\n\t\t<\/section>\n\t\t\t\t<\/div>\n\t\t","protected":false},"excerpt":{"rendered":"<p>W sprawach zwi\u0105zanych z naborem prosimy o kontakt pod numerem telefonu +48 452 446 335 lub mailowo pod adresem office@zsps.poznan.pl \u00d3smoklasisto! Zdecydowa\u0142e\u015b si\u0119 wybra\u0107 nasz\u0105 szko\u0142\u0119? My czekamy w\u0142a\u015bnie na Ciebie i oferujemy Tobie mo\u017cliwo\u015b\u0107 zdobycia cenionego na rynku pracy<\/p>\n","protected":false},"author":5,"featured_media":0,"parent":0,"menu_order":0,"comment_status":"closed","ping_status":"closed","template":"","meta":{"footnotes":""},"class_list":["post-134","page","type-page","status-publish","hentry"],"yoast_head":"<!-- This site is optimized with the Yoast SEO plugin v27.5 - https:\/\/yoast.com\/product\/yoast-seo-wordpress\/ -->\n<title>Bie\u017c\u0105ce informacje - ZESP\u00d3\u0141 SZK\u00d3\u0141 PRZEMYS\u0141U SPO\u017bYWCZEGO<\/title>\n<meta name=\"robots\" content=\"index, follow, max-snippet:-1, max-image-preview:large, max-video-preview:-1\" \/>\n<link rel=\"canonical\" href=\"https:\/\/zsps.poznan.pl\/index.php\/biezace-informacje\/\" \/>\n<meta property=\"og:locale\" content=\"pl_PL\" \/>\n<meta property=\"og:type\" content=\"article\" \/>\n<meta property=\"og:title\" content=\"Bie\u017c\u0105ce informacje - ZESP\u00d3\u0141 SZK\u00d3\u0141 PRZEMYS\u0141U SPO\u017bYWCZEGO\" \/>\n<meta property=\"og:description\" content=\"W sprawach zwi\u0105zanych z naborem prosimy o kontakt pod numerem telefonu +48 452 446 335 lub mailowo pod adresem office@zsps.poznan.pl \u00d3smoklasisto! Zdecydowa\u0142e\u015b si\u0119 wybra\u0107 nasz\u0105 szko\u0142\u0119? My czekamy w\u0142a\u015bnie na Ciebie i oferujemy Tobie mo\u017cliwo\u015b\u0107 zdobycia cenionego na rynku pracy\" \/>\n<meta property=\"og:url\" content=\"https:\/\/zsps.poznan.pl\/index.php\/biezace-informacje\/\" \/>\n<meta property=\"og:site_name\" content=\"ZESP\u00d3\u0141 SZK\u00d3\u0141 PRZEMYS\u0141U SPO\u017bYWCZEGO\" \/>\n<meta property=\"article:publisher\" content=\"https:\/\/www.facebook.com\/zsps.poznan\" \/>\n<meta property=\"article:modified_time\" content=\"2025-11-20T12:28:00+00:00\" \/>\n<meta name=\"twitter:card\" content=\"summary_large_image\" \/>\n<meta name=\"twitter:label1\" content=\"Szacowany czas czytania\" \/>\n\t<meta name=\"twitter:data1\" content=\"2 minuty\" \/>\n<script type=\"application\/ld+json\" class=\"yoast-schema-graph\">{\"@context\":\"https:\\\/\\\/schema.org\",\"@graph\":[{\"@type\":\"WebPage\",\"@id\":\"https:\\\/\\\/zsps.poznan.pl\\\/index.php\\\/biezace-informacje\\\/\",\"url\":\"https:\\\/\\\/zsps.poznan.pl\\\/index.php\\\/biezace-informacje\\\/\",\"name\":\"Bie\u017c\u0105ce informacje - ZESP\u00d3\u0141 SZK\u00d3\u0141 PRZEMYS\u0141U SPO\u017bYWCZEGO\",\"isPartOf\":{\"@id\":\"https:\\\/\\\/zsps.poznan.pl\\\/#website\"},\"datePublished\":\"2020-03-19T10:16:36+00:00\",\"dateModified\":\"2025-11-20T12:28:00+00:00\",\"breadcrumb\":{\"@id\":\"https:\\\/\\\/zsps.poznan.pl\\\/index.php\\\/biezace-informacje\\\/#breadcrumb\"},\"inLanguage\":\"pl-PL\",\"potentialAction\":[{\"@type\":\"ReadAction\",\"target\":[\"https:\\\/\\\/zsps.poznan.pl\\\/index.php\\\/biezace-informacje\\\/\"]}]},{\"@type\":\"BreadcrumbList\",\"@id\":\"https:\\\/\\\/zsps.poznan.pl\\\/index.php\\\/biezace-informacje\\\/#breadcrumb\",\"itemListElement\":[{\"@type\":\"ListItem\",\"position\":1,\"name\":\"Strona g\u0142\u00f3wna\",\"item\":\"https:\\\/\\\/zsps.poznan.pl\\\/\"},{\"@type\":\"ListItem\",\"position\":2,\"name\":\"Bie\u017c\u0105ce informacje\"}]},{\"@type\":\"WebSite\",\"@id\":\"https:\\\/\\\/zsps.poznan.pl\\\/#website\",\"url\":\"https:\\\/\\\/zsps.poznan.pl\\\/\",\"name\":\"ZESP\u00d3\u0141 SZK\u00d3\u0141 PRZEMYS\u0141U SPO\u017bYWCZEGO\",\"description\":\"im. J. J. \u015aniadeckich w Poznaniu\",\"publisher\":{\"@id\":\"https:\\\/\\\/zsps.poznan.pl\\\/#organization\"},\"potentialAction\":[{\"@type\":\"SearchAction\",\"target\":{\"@type\":\"EntryPoint\",\"urlTemplate\":\"https:\\\/\\\/zsps.poznan.pl\\\/?s={search_term_string}\"},\"query-input\":{\"@type\":\"PropertyValueSpecification\",\"valueRequired\":true,\"valueName\":\"search_term_string\"}}],\"inLanguage\":\"pl-PL\"},{\"@type\":\"Organization\",\"@id\":\"https:\\\/\\\/zsps.poznan.pl\\\/#organization\",\"name\":\"Zesp\u00f3\u0142 Szk\u00f3\u0142 Przemys\u0142u Spo\u017cywczego\",\"url\":\"https:\\\/\\\/zsps.poznan.pl\\\/\",\"logo\":{\"@type\":\"ImageObject\",\"inLanguage\":\"pl-PL\",\"@id\":\"https:\\\/\\\/zsps.poznan.pl\\\/#\\\/schema\\\/logo\\\/image\\\/\",\"url\":\"\",\"contentUrl\":\"\",\"caption\":\"Zesp\u00f3\u0142 Szk\u00f3\u0142 Przemys\u0142u Spo\u017cywczego\"},\"image\":{\"@id\":\"https:\\\/\\\/zsps.poznan.pl\\\/#\\\/schema\\\/logo\\\/image\\\/\"},\"sameAs\":[\"https:\\\/\\\/www.facebook.com\\\/zsps.poznan\"]}]}<\/script>\n<!-- \/ Yoast SEO plugin. -->","yoast_head_json":{"title":"Bie\u017c\u0105ce informacje - ZESP\u00d3\u0141 SZK\u00d3\u0141 PRZEMYS\u0141U SPO\u017bYWCZEGO","robots":{"index":"index","follow":"follow","max-snippet":"max-snippet:-1","max-image-preview":"max-image-preview:large","max-video-preview":"max-video-preview:-1"},"canonical":"https:\/\/zsps.poznan.pl\/index.php\/biezace-informacje\/","og_locale":"pl_PL","og_type":"article","og_title":"Bie\u017c\u0105ce informacje - ZESP\u00d3\u0141 SZK\u00d3\u0141 PRZEMYS\u0141U SPO\u017bYWCZEGO","og_description":"W sprawach zwi\u0105zanych z naborem prosimy o kontakt pod numerem telefonu +48 452 446 335 lub mailowo pod adresem office@zsps.poznan.pl \u00d3smoklasisto! Zdecydowa\u0142e\u015b si\u0119 wybra\u0107 nasz\u0105 szko\u0142\u0119? My czekamy w\u0142a\u015bnie na Ciebie i oferujemy Tobie mo\u017cliwo\u015b\u0107 zdobycia cenionego na rynku pracy","og_url":"https:\/\/zsps.poznan.pl\/index.php\/biezace-informacje\/","og_site_name":"ZESP\u00d3\u0141 SZK\u00d3\u0141 PRZEMYS\u0141U SPO\u017bYWCZEGO","article_publisher":"https:\/\/www.facebook.com\/zsps.poznan","article_modified_time":"2025-11-20T12:28:00+00:00","twitter_card":"summary_large_image","twitter_misc":{"Szacowany czas czytania":"2 minuty"},"schema":{"@context":"https:\/\/schema.org","@graph":[{"@type":"WebPage","@id":"https:\/\/zsps.poznan.pl\/index.php\/biezace-informacje\/","url":"https:\/\/zsps.poznan.pl\/index.php\/biezace-informacje\/","name":"Bie\u017c\u0105ce informacje - ZESP\u00d3\u0141 SZK\u00d3\u0141 PRZEMYS\u0141U SPO\u017bYWCZEGO","isPartOf":{"@id":"https:\/\/zsps.poznan.pl\/#website"},"datePublished":"2020-03-19T10:16:36+00:00","dateModified":"2025-11-20T12:28:00+00:00","breadcrumb":{"@id":"https:\/\/zsps.poznan.pl\/index.php\/biezace-informacje\/#breadcrumb"},"inLanguage":"pl-PL","potentialAction":[{"@type":"ReadAction","target":["https:\/\/zsps.poznan.pl\/index.php\/biezace-informacje\/"]}]},{"@type":"BreadcrumbList","@id":"https:\/\/zsps.poznan.pl\/index.php\/biezace-informacje\/#breadcrumb","itemListElement":[{"@type":"ListItem","position":1,"name":"Strona g\u0142\u00f3wna","item":"https:\/\/zsps.poznan.pl\/"},{"@type":"ListItem","position":2,"name":"Bie\u017c\u0105ce informacje"}]},{"@type":"WebSite","@id":"https:\/\/zsps.poznan.pl\/#website","url":"https:\/\/zsps.poznan.pl\/","name":"ZESP\u00d3\u0141 SZK\u00d3\u0141 PRZEMYS\u0141U SPO\u017bYWCZEGO","description":"im. J. J. \u015aniadeckich w Poznaniu","publisher":{"@id":"https:\/\/zsps.poznan.pl\/#organization"},"potentialAction":[{"@type":"SearchAction","target":{"@type":"EntryPoint","urlTemplate":"https:\/\/zsps.poznan.pl\/?s={search_term_string}"},"query-input":{"@type":"PropertyValueSpecification","valueRequired":true,"valueName":"search_term_string"}}],"inLanguage":"pl-PL"},{"@type":"Organization","@id":"https:\/\/zsps.poznan.pl\/#organization","name":"Zesp\u00f3\u0142 Szk\u00f3\u0142 Przemys\u0142u Spo\u017cywczego","url":"https:\/\/zsps.poznan.pl\/","logo":{"@type":"ImageObject","inLanguage":"pl-PL","@id":"https:\/\/zsps.poznan.pl\/#\/schema\/logo\/image\/","url":"","contentUrl":"","caption":"Zesp\u00f3\u0142 Szk\u00f3\u0142 Przemys\u0142u Spo\u017cywczego"},"image":{"@id":"https:\/\/zsps.poznan.pl\/#\/schema\/logo\/image\/"},"sameAs":["https:\/\/www.facebook.com\/zsps.poznan"]}]}},"_links":{"self":[{"href":"https:\/\/zsps.poznan.pl\/index.php\/wp-json\/wp\/v2\/pages\/134","targetHints":{"allow":["GET"]}}],"collection":[{"href":"https:\/\/zsps.poznan.pl\/index.php\/wp-json\/wp\/v2\/pages"}],"about":[{"href":"https:\/\/zsps.poznan.pl\/index.php\/wp-json\/wp\/v2\/types\/page"}],"author":[{"embeddable":true,"href":"https:\/\/zsps.poznan.pl\/index.php\/wp-json\/wp\/v2\/users\/5"}],"replies":[{"embeddable":true,"href":"https:\/\/zsps.poznan.pl\/index.php\/wp-json\/wp\/v2\/comments?post=134"}],"version-history":[{"count":185,"href":"https:\/\/zsps.poznan.pl\/index.php\/wp-json\/wp\/v2\/pages\/134\/revisions"}],"predecessor-version":[{"id":16850,"href":"https:\/\/zsps.poznan.pl\/index.php\/wp-json\/wp\/v2\/pages\/134\/revisions\/16850"}],"wp:attachment":[{"href":"https:\/\/zsps.poznan.pl\/index.php\/wp-json\/wp\/v2\/media?parent=134"}],"curies":[{"name":"wp","href":"https:\/\/api.w.org\/{rel}","templated":true}]}}