{"id":15669,"date":"2025-03-26T12:57:15","date_gmt":"2025-03-26T11:57:15","guid":{"rendered":"https:\/\/zsps.poznan.pl\/?page_id=15669"},"modified":"2025-03-26T13:06:50","modified_gmt":"2025-03-26T12:06:50","slug":"ix-ogolnopolski-turniej-kucharski","status":"publish","type":"page","link":"https:\/\/zsps.poznan.pl\/index.php\/ix-ogolnopolski-turniej-kucharski\/","title":{"rendered":"IX Og\u00f3lnopolski Turniej Kucharski"},"content":{"rendered":"\t\t<div data-elementor-type=\"wp-page\" data-elementor-id=\"15669\" class=\"elementor elementor-15669\">\n\t\t\t\t\t\t<section class=\"elementor-section elementor-top-section elementor-element elementor-element-04efca2 elementor-section-boxed elementor-section-height-default elementor-section-height-default\" data-id=\"04efca2\" data-element_type=\"section\" data-e-type=\"section\">\n\t\t\t\t\t\t<div class=\"elementor-container elementor-column-gap-default\">\n\t\t\t\t\t<div class=\"elementor-column elementor-col-100 elementor-top-column elementor-element elementor-element-e5b16be\" data-id=\"e5b16be\" data-element_type=\"column\" data-e-type=\"column\">\n\t\t\t<div class=\"elementor-widget-wrap elementor-element-populated\">\n\t\t\t\t\t\t<div class=\"elementor-element elementor-element-aef5e89 elementor-widget elementor-widget-text-editor\" data-id=\"aef5e89\" data-element_type=\"widget\" data-e-type=\"widget\" data-widget_type=\"text-editor.default\">\n\t\t\t\t<div class=\"elementor-widget-container\">\n\t\t\t\t\t\t\t\t\t<p>\u00a0<\/p><p>W dniach 18-19 marca 2025 r. w naszej szkole odby\u0142a si\u0119 IX edycja Og\u00f3lnopolskiego Turnieju Kucharskiego pod patronatem Krajowej Rady Gastronomii i Cateringu. Organizatorami s\u0105: Wielkopolska Izba Rzemie\u015blnicza, Og\u00f3lnopolski Cech Rze\u017anik\u00f3w-W\u0119dliniarzy-Kucharzy oraz Zesp\u00f3\u0142 Szk\u00f3\u0142 Przemys\u0142u Spo\u017cywczego w Poznaniu. Sekretarzami Turnieju odpowiedzialnymi za organizacj\u0119 oraz opracowanie merytoryczne s\u0105: Ma\u0142gorzata Mager i Anna Saj.<\/p><p>O tytu\u0142 najlepszego walczy\u0142o w tym roku 20 uczni\u00f3w kszta\u0142c\u0105cych si\u0119 w zawodzie kucharz. Reprezentowali oni 10 szk\u00f3\u0142 z 5 wojew\u00f3dztw: lubelskiego, zachodniopomorskiego, podlaskiego, \u0142\u00f3dzkiego oraz wielkopolskiego. Uczestnicy Turnieju mieli mo\u017cliwo\u015b\u0107 sprawdzi\u0107 swoj\u0105 wiedz\u0119 teoretyczn\u0105 i umiej\u0119tno\u015bci praktyczne oraz zaprezentowa\u0107 sw\u00f3j talent podczas przygotowywania potrawy konkursowej z wykorzystaniem <strong>podrob\u00f3w drobiowych, mi\u0119sa drobiu oraz kasz.<\/strong><\/p><p>Rywalizacj\u0119 rozpocz\u0105\u0142 quiz obejmuj\u0105cy wiedz\u0119 og\u00f3ln\u0105 z zakresu przygotowania i wydawana da\u0144. Po nim m\u0142odzie\u017c odpowiada\u0142a na pytania quizowe z charakterystyki towaroznawczej podrob\u00f3w i drobiu oraz kasz, ich sk\u0142adu chemicznego i warto\u015bci od\u017cywczej, obr\u00f3bki wst\u0119pnej i cieplnej oraz znajomo\u015bci potraw z ich wykorzystaniem. \u00a0Kolejnym etapem by\u0142y trzy zadania praktyczne, w ramach kt\u00f3rych uczniowie rozr\u00f3\u017cniali r\u00f3\u017cne rodzaje produkt\u00f3w spo\u017cywczych. W ostatnim etapie Turnieju uczestnicy wykonywali wed\u0142ug opracowanej przez siebie receptury potrawy konkursowe, w kt\u00f3rych kr\u00f3lowa\u0142y podroby drobiowe i mi\u0119so drobiu w towarzystwie kasz.\u00a0 Uczniowie zmotywowani ch\u0119ci\u0105 wygranej z wielkim zapa\u0142em przyst\u0105pili do wykonania potrawy konkursowej zgodnie z tematyk\u0105 Turnieju. Wszyscy uczestnicy wykazali si\u0119 ogromnym profesjonalizmem i sercem do gotowania. Wykonane przez uczestnik\u00f3w potrawy by\u0142y arcydzie\u0142ami na talerzu, cieszy\u0142y nie tylko oko, ale tak\u017ce podniebienie. Poziom uczestnik\u00f3w by\u0142 bardzo wysoki i wyr\u00f3wnany.<\/p><p>W sk\u0142ad jury oceniaj\u0105cego uczestnik\u00f3w Turnieju zasiedli: przewodnicz\u0105cy: Pan Wojciech Wojtkowiak, wiceprzewodnicz\u0105cy: Pan Andrzej Go\u0142\u0105bek oraz cz\u0142onkowie jury: <strong>go\u015b\u0107 specjalny \u2013 Pan Karol Okrasa<\/strong> oraz Pan Grzegorz Gajda, Pan Dawid \u0141agowski, Pan Krystian Dreszler, Pani Karolina Miko\u0142ajczyk \u2013 Nieckarz oraz Pani Romana Drobniak.<\/p><p>Laureatami Turnieju zostali:<\/p><ul><li><u>I miejsce<\/u>: <strong>Katarzyna Maria Juszczak<\/strong> z Zespo\u0142u Szk\u00f3\u0142 Us\u0142ugowo-Gospodarczych w Pleszewie,<\/li><li><u>II miejsce<\/u>: <strong>Miko\u0142aj G\u00f3rka<\/strong> z Zespo\u0142u Szk\u00f3\u0142 Przemys\u0142u Spo\u017cywczego w Poznaniu,<\/li><li><u>III miejsce<\/u>: <strong>Kinga Julia Maj<\/strong> z Bran\u017cowej Szko\u0142y Rzemie\u015blniczej I stopnia w Lublinie.<\/li><li><u>IV miejsce<\/u>: <strong>Maksymilian Kalota<\/strong> z Zesp\u00f3\u0142 Szk\u00f3\u0142 nr 2 im. Boles\u0142awa III Krzywoustego w Ko\u0142obrzegu<\/li><li><u>V miejsce<\/u>: <strong>Alicja Jahns<\/strong> z Zespo\u0142u Szk\u00f3\u0142 im. Adama Mickiewicza w Objezierzu.<\/li><li><u>VI miejsce<\/u>: <strong>Jakub Kamil Komsta<\/strong> z Zespo\u0142u Szk\u00f3\u0142 nr 5 im. Jana Paw\u0142a II w Lublinie<\/li><\/ul><p>W tegorocznej edycji przyznane zosta\u0142y r\u00f3wnie\u017c nagrody specjalne.<\/p><ul><li><u>Nagrod\u0105 za kreatywno\u015b\u0107<\/u> wyr\u00f3\u017cnieni zostali: <strong>Maksymilian Kalota<\/strong> z Zespo\u0142u Szk\u00f3\u0142 nr 2 im. Boles\u0142awa III Krzywoustego w Ko\u0142obrzegu \u00a0i <strong>Mateusz Piotr Pizo\u0144<\/strong> z Bran\u017cowej Szko\u0142y Rzemie\u015blniczej I stopnia w Lublinie.<\/li><li><u>Nagroda dla M\u0142odego Kreatora Smaku<\/u> pow\u0119drowa\u0142a na r\u0119ce: <strong>Nadii Magdaleny Juskowiak<\/strong> z Zespo\u0142u Szk\u00f3\u0142 Us\u0142ugowo-Gospodarczych w Pleszewie oraz <strong>Kacpra \u017burka<\/strong> z Zespo\u0142u Szk\u00f3\u0142 nr 4 im. Powsta\u0144c\u00f3w Wielkopolskich w Lesznie.<\/li><\/ul><p>Zdobywcy pierwszych sze\u015bciu miejsc, kt\u00f3rzy odbywaj\u0105 praktyki w zak\u0142adach zrzeszonych w Izbie Rzemie\u015blniczej, podczas uroczystego zako\u0144czenia Turnieju w Wielkopolskiej Izbie Rzemie\u015blniczej, otrzymali za\u015bwiadczenia upowa\u017cniaj\u0105ce do zwolnienia z cz\u0119\u015bci praktycznej egzaminu czeladniczego.<\/p><p>Natomiast laureaci i finali\u015bci Turnieju, kt\u00f3rzy otrzymali minimum 50% punkt\u00f3w, a podlegaj\u0105 pod Okr\u0119gow\u0105 Komisj\u0119 Egzaminacyjn\u0105, otrzymali za\u015bwiadczenia zwalniaj\u0105ce z cz\u0119\u015bci pisemnej egzaminu zawodowego.<\/p><p>Dzi\u0119ki hojno\u015bci naszych licznych sponsor\u00f3w Turniej u\u015bwietni\u0142y atrakcyjne nagrody dla wszystkich uczestnik\u00f3w Turnieju, a zdobywcom trzech pierwszych miejsc wr\u0119czone zosta\u0142y tak\u017ce statuetki i medale. Wszyscy finali\u015bci, szko\u0142y, kt\u00f3re reprezentowali oraz zak\u0142ady pracy przygotowuj\u0105ce uczni\u00f3w do udzia\u0142u w Turnieju otrzymali pami\u0105tkowe dyplomy.<\/p><p>Laureatom i finalistom gratulujemy wiedzy i umiej\u0119tno\u015bci oraz pomys\u0142owo\u015bci i kreatywno\u015bci podczas wykonywania potraw konkursowych. \u017byczymy odwagi i motywacji do podejmowania kolejnych nowych wyzwa\u0144, kt\u00f3re zaowocuj\u0105 sukcesami.<\/p><p>Jury dzi\u0119kujemy za profesjonalizm, rzetelno\u015b\u0107 i sumienno\u015b\u0107 podczas oceniania zmaga\u0144 konkursowych oraz za cenne wskaz\u00f3wki i porady udzielane uczestnikom turnieju.<\/p><p>Do zobaczenia za rok!<\/p><p>Ma\u0142gorzata Mager i Anna Saj<\/p>\t\t\t\t\t\t\t\t<\/div>\n\t\t\t\t<\/div>\n\t\t\t\t\t<\/div>\n\t\t<\/div>\n\t\t\t\t\t<\/div>\n\t\t<\/section>\n\t\t\t\t<section class=\"elementor-section elementor-top-section elementor-element elementor-element-b94baca elementor-section-boxed elementor-section-height-default elementor-section-height-default\" data-id=\"b94baca\" data-element_type=\"section\" data-e-type=\"section\">\n\t\t\t\t\t\t<div class=\"elementor-container elementor-column-gap-default\">\n\t\t\t\t\t<div class=\"elementor-column elementor-col-100 elementor-top-column elementor-element elementor-element-9b69494\" data-id=\"9b69494\" data-element_type=\"column\" data-e-type=\"column\">\n\t\t\t<div class=\"elementor-widget-wrap elementor-element-populated\">\n\t\t\t\t\t\t<div class=\"elementor-element elementor-element-2817a8e elementor-widget elementor-widget-image-gallery\" data-id=\"2817a8e\" data-element_type=\"widget\" data-e-type=\"widget\" data-widget_type=\"image-gallery.default\">\n\t\t\t\t<div class=\"elementor-widget-container\">\n\t\t\t\t\t\t\t<div class=\"elementor-image-gallery\">\n\t\t\t<div id='gallery-1' class='gallery galleryid-15669 gallery-columns-4 gallery-size-thumbnail'><figure class='gallery-item'>\n\t\t\t<div class='gallery-icon landscape'>\n\t\t\t\t<a data-elementor-open-lightbox=\"yes\" data-elementor-lightbox-slideshow=\"2817a8e\" data-e-action-hash=\"#elementor-action%3Aaction%3Dlightbox%26settings%3DeyJpZCI6MTU2NzQsInVybCI6Imh0dHBzOlwvXC96c3BzLnBvem5hbi5wbFwvd3AtY29udGVudFwvdXBsb2Fkc1wvMjAyNVwvMDNcL0RTQ18yODY3LmpwZyIsInNsaWRlc2hvdyI6IjI4MTdhOGUifQ%3D%3D\" href='https:\/\/zsps.poznan.pl\/wp-content\/uploads\/2025\/03\/DSC_2867.jpg'><img decoding=\"async\" width=\"150\" height=\"150\" src=\"https:\/\/zsps.poznan.pl\/wp-content\/uploads\/2025\/03\/DSC_2867-150x150.jpg\" class=\"attachment-thumbnail size-thumbnail\" alt=\"\" srcset=\"https:\/\/zsps.poznan.pl\/wp-content\/uploads\/2025\/03\/DSC_2867-150x150.jpg 150w, https:\/\/zsps.poznan.pl\/wp-content\/uploads\/2025\/03\/DSC_2867-230x230.jpg 230w, https:\/\/zsps.poznan.pl\/wp-content\/uploads\/2025\/03\/DSC_2867-365x365.jpg 365w\" sizes=\"(max-width: 150px) 100vw, 150px\" \/><\/a>\n\t\t\t<\/div><\/figure><figure class='gallery-item'>\n\t\t\t<div class='gallery-icon landscape'>\n\t\t\t\t<a data-elementor-open-lightbox=\"yes\" data-elementor-lightbox-slideshow=\"2817a8e\" data-e-action-hash=\"#elementor-action%3Aaction%3Dlightbox%26settings%3DeyJpZCI6MTU2NzYsInVybCI6Imh0dHBzOlwvXC96c3BzLnBvem5hbi5wbFwvd3AtY29udGVudFwvdXBsb2Fkc1wvMjAyNVwvMDNcL0RTQ18yODU3LmpwZyIsInNsaWRlc2hvdyI6IjI4MTdhOGUifQ%3D%3D\" href='https:\/\/zsps.poznan.pl\/wp-content\/uploads\/2025\/03\/DSC_2857.jpg'><img decoding=\"async\" width=\"150\" height=\"150\" src=\"https:\/\/zsps.poznan.pl\/wp-content\/uploads\/2025\/03\/DSC_2857-150x150.jpg\" class=\"attachment-thumbnail size-thumbnail\" alt=\"\" srcset=\"https:\/\/zsps.poznan.pl\/wp-content\/uploads\/2025\/03\/DSC_2857-150x150.jpg 150w, https:\/\/zsps.poznan.pl\/wp-content\/uploads\/2025\/03\/DSC_2857-230x230.jpg 230w, https:\/\/zsps.poznan.pl\/wp-content\/uploads\/2025\/03\/DSC_2857-365x365.jpg 365w\" sizes=\"(max-width: 150px) 100vw, 150px\" \/><\/a>\n\t\t\t<\/div><\/figure><figure class='gallery-item'>\n\t\t\t<div class='gallery-icon landscape'>\n\t\t\t\t<a data-elementor-open-lightbox=\"yes\" data-elementor-lightbox-slideshow=\"2817a8e\" data-e-action-hash=\"#elementor-action%3Aaction%3Dlightbox%26settings%3DeyJpZCI6MTU2NzUsInVybCI6Imh0dHBzOlwvXC96c3BzLnBvem5hbi5wbFwvd3AtY29udGVudFwvdXBsb2Fkc1wvMjAyNVwvMDNcL0RTQ18yODQ4LmpwZyIsInNsaWRlc2hvdyI6IjI4MTdhOGUifQ%3D%3D\" href='https:\/\/zsps.poznan.pl\/wp-content\/uploads\/2025\/03\/DSC_2848.jpg'><img decoding=\"async\" width=\"150\" height=\"150\" src=\"https:\/\/zsps.poznan.pl\/wp-content\/uploads\/2025\/03\/DSC_2848-150x150.jpg\" class=\"attachment-thumbnail size-thumbnail\" alt=\"\" srcset=\"https:\/\/zsps.poznan.pl\/wp-content\/uploads\/2025\/03\/DSC_2848-150x150.jpg 150w, https:\/\/zsps.poznan.pl\/wp-content\/uploads\/2025\/03\/DSC_2848-230x230.jpg 230w, https:\/\/zsps.poznan.pl\/wp-content\/uploads\/2025\/03\/DSC_2848-365x365.jpg 365w\" sizes=\"(max-width: 150px) 100vw, 150px\" \/><\/a>\n\t\t\t<\/div><\/figure><figure class='gallery-item'>\n\t\t\t<div class='gallery-icon landscape'>\n\t\t\t\t<a data-elementor-open-lightbox=\"yes\" data-elementor-lightbox-slideshow=\"2817a8e\" data-e-action-hash=\"#elementor-action%3Aaction%3Dlightbox%26settings%3DeyJpZCI6MTU2NzcsInVybCI6Imh0dHBzOlwvXC96c3BzLnBvem5hbi5wbFwvd3AtY29udGVudFwvdXBsb2Fkc1wvMjAyNVwvMDNcL0RTQ18yOTczLmpwZyIsInNsaWRlc2hvdyI6IjI4MTdhOGUifQ%3D%3D\" href='https:\/\/zsps.poznan.pl\/wp-content\/uploads\/2025\/03\/DSC_2973.jpg'><img loading=\"lazy\" decoding=\"async\" width=\"150\" height=\"150\" src=\"https:\/\/zsps.poznan.pl\/wp-content\/uploads\/2025\/03\/DSC_2973-150x150.jpg\" class=\"attachment-thumbnail size-thumbnail\" alt=\"\" srcset=\"https:\/\/zsps.poznan.pl\/wp-content\/uploads\/2025\/03\/DSC_2973-150x150.jpg 150w, https:\/\/zsps.poznan.pl\/wp-content\/uploads\/2025\/03\/DSC_2973-230x230.jpg 230w, https:\/\/zsps.poznan.pl\/wp-content\/uploads\/2025\/03\/DSC_2973-365x365.jpg 365w\" sizes=\"(max-width: 150px) 100vw, 150px\" \/><\/a>\n\t\t\t<\/div><\/figure>\n\t\t<\/div>\n\t\t<\/div>\n\t\t\t\t\t\t<\/div>\n\t\t\t\t<\/div>\n\t\t\t\t\t<\/div>\n\t\t<\/div>\n\t\t\t\t\t<\/div>\n\t\t<\/section>\n\t\t\t\t<\/div>\n\t\t","protected":false},"excerpt":{"rendered":"<p>\u00a0 W dniach 18-19 marca 2025 r. w naszej szkole odby\u0142a si\u0119 IX edycja Og\u00f3lnopolskiego Turnieju Kucharskiego pod patronatem Krajowej Rady Gastronomii i Cateringu. Organizatorami s\u0105: Wielkopolska Izba Rzemie\u015blnicza, Og\u00f3lnopolski Cech Rze\u017anik\u00f3w-W\u0119dliniarzy-Kucharzy oraz Zesp\u00f3\u0142 Szk\u00f3\u0142 Przemys\u0142u Spo\u017cywczego w Poznaniu. Sekretarzami<\/p>\n","protected":false},"author":8,"featured_media":0,"parent":0,"menu_order":0,"comment_status":"closed","ping_status":"closed","template":"","meta":{"footnotes":""},"class_list":["post-15669","page","type-page","status-publish","hentry"],"yoast_head":"<!-- This site is optimized with the Yoast SEO plugin v27.3 - https:\/\/yoast.com\/product\/yoast-seo-wordpress\/ -->\n<title>IX Og\u00f3lnopolski Turniej Kucharski - ZESP\u00d3\u0141 SZK\u00d3\u0141 PRZEMYS\u0141U SPO\u017bYWCZEGO<\/title>\n<meta name=\"robots\" content=\"index, follow, max-snippet:-1, max-image-preview:large, max-video-preview:-1\" \/>\n<link rel=\"canonical\" href=\"https:\/\/zsps.poznan.pl\/index.php\/ix-ogolnopolski-turniej-kucharski\/\" \/>\n<meta property=\"og:locale\" content=\"pl_PL\" \/>\n<meta property=\"og:type\" content=\"article\" \/>\n<meta property=\"og:title\" content=\"IX Og\u00f3lnopolski Turniej Kucharski - ZESP\u00d3\u0141 SZK\u00d3\u0141 PRZEMYS\u0141U SPO\u017bYWCZEGO\" \/>\n<meta property=\"og:description\" content=\"\u00a0 W dniach 18-19 marca 2025 r. w naszej szkole odby\u0142a si\u0119 IX edycja Og\u00f3lnopolskiego Turnieju Kucharskiego pod patronatem Krajowej Rady Gastronomii i Cateringu. Organizatorami s\u0105: Wielkopolska Izba Rzemie\u015blnicza, Og\u00f3lnopolski Cech Rze\u017anik\u00f3w-W\u0119dliniarzy-Kucharzy oraz Zesp\u00f3\u0142 Szk\u00f3\u0142 Przemys\u0142u Spo\u017cywczego w Poznaniu. Sekretarzami\" \/>\n<meta property=\"og:url\" content=\"https:\/\/zsps.poznan.pl\/index.php\/ix-ogolnopolski-turniej-kucharski\/\" \/>\n<meta property=\"og:site_name\" content=\"ZESP\u00d3\u0141 SZK\u00d3\u0141 PRZEMYS\u0141U SPO\u017bYWCZEGO\" \/>\n<meta property=\"article:publisher\" content=\"https:\/\/www.facebook.com\/zsps.poznan\" \/>\n<meta property=\"article:modified_time\" content=\"2025-03-26T12:06:50+00:00\" \/>\n<meta property=\"og:image\" content=\"https:\/\/zsps.poznan.pl\/wp-content\/uploads\/2025\/03\/DSC_2867-150x150.jpg\" \/>\n<meta name=\"twitter:card\" content=\"summary_large_image\" \/>\n<meta name=\"twitter:label1\" content=\"Szacowany czas czytania\" \/>\n\t<meta name=\"twitter:data1\" content=\"4 minuty\" \/>\n<script type=\"application\/ld+json\" class=\"yoast-schema-graph\">{\"@context\":\"https:\\\/\\\/schema.org\",\"@graph\":[{\"@type\":\"WebPage\",\"@id\":\"https:\\\/\\\/zsps.poznan.pl\\\/index.php\\\/ix-ogolnopolski-turniej-kucharski\\\/\",\"url\":\"https:\\\/\\\/zsps.poznan.pl\\\/index.php\\\/ix-ogolnopolski-turniej-kucharski\\\/\",\"name\":\"IX Og\u00f3lnopolski Turniej Kucharski - ZESP\u00d3\u0141 SZK\u00d3\u0141 PRZEMYS\u0141U SPO\u017bYWCZEGO\",\"isPartOf\":{\"@id\":\"https:\\\/\\\/zsps.poznan.pl\\\/#website\"},\"primaryImageOfPage\":{\"@id\":\"https:\\\/\\\/zsps.poznan.pl\\\/index.php\\\/ix-ogolnopolski-turniej-kucharski\\\/#primaryimage\"},\"image\":{\"@id\":\"https:\\\/\\\/zsps.poznan.pl\\\/index.php\\\/ix-ogolnopolski-turniej-kucharski\\\/#primaryimage\"},\"thumbnailUrl\":\"https:\\\/\\\/zsps.poznan.pl\\\/wp-content\\\/uploads\\\/2025\\\/03\\\/DSC_2867-150x150.jpg\",\"datePublished\":\"2025-03-26T11:57:15+00:00\",\"dateModified\":\"2025-03-26T12:06:50+00:00\",\"breadcrumb\":{\"@id\":\"https:\\\/\\\/zsps.poznan.pl\\\/index.php\\\/ix-ogolnopolski-turniej-kucharski\\\/#breadcrumb\"},\"inLanguage\":\"pl-PL\",\"potentialAction\":[{\"@type\":\"ReadAction\",\"target\":[\"https:\\\/\\\/zsps.poznan.pl\\\/index.php\\\/ix-ogolnopolski-turniej-kucharski\\\/\"]}]},{\"@type\":\"ImageObject\",\"inLanguage\":\"pl-PL\",\"@id\":\"https:\\\/\\\/zsps.poznan.pl\\\/index.php\\\/ix-ogolnopolski-turniej-kucharski\\\/#primaryimage\",\"url\":\"https:\\\/\\\/zsps.poznan.pl\\\/wp-content\\\/uploads\\\/2025\\\/03\\\/DSC_2867.jpg\",\"contentUrl\":\"https:\\\/\\\/zsps.poznan.pl\\\/wp-content\\\/uploads\\\/2025\\\/03\\\/DSC_2867.jpg\",\"width\":1500,\"height\":1000},{\"@type\":\"BreadcrumbList\",\"@id\":\"https:\\\/\\\/zsps.poznan.pl\\\/index.php\\\/ix-ogolnopolski-turniej-kucharski\\\/#breadcrumb\",\"itemListElement\":[{\"@type\":\"ListItem\",\"position\":1,\"name\":\"Strona g\u0142\u00f3wna\",\"item\":\"https:\\\/\\\/zsps.poznan.pl\\\/\"},{\"@type\":\"ListItem\",\"position\":2,\"name\":\"IX Og\u00f3lnopolski Turniej Kucharski\"}]},{\"@type\":\"WebSite\",\"@id\":\"https:\\\/\\\/zsps.poznan.pl\\\/#website\",\"url\":\"https:\\\/\\\/zsps.poznan.pl\\\/\",\"name\":\"ZESP\u00d3\u0141 SZK\u00d3\u0141 PRZEMYS\u0141U SPO\u017bYWCZEGO\",\"description\":\"im. J. J. \u015aniadeckich w Poznaniu\",\"publisher\":{\"@id\":\"https:\\\/\\\/zsps.poznan.pl\\\/#organization\"},\"potentialAction\":[{\"@type\":\"SearchAction\",\"target\":{\"@type\":\"EntryPoint\",\"urlTemplate\":\"https:\\\/\\\/zsps.poznan.pl\\\/?s={search_term_string}\"},\"query-input\":{\"@type\":\"PropertyValueSpecification\",\"valueRequired\":true,\"valueName\":\"search_term_string\"}}],\"inLanguage\":\"pl-PL\"},{\"@type\":\"Organization\",\"@id\":\"https:\\\/\\\/zsps.poznan.pl\\\/#organization\",\"name\":\"Zesp\u00f3\u0142 Szk\u00f3\u0142 Przemys\u0142u Spo\u017cywczego\",\"url\":\"https:\\\/\\\/zsps.poznan.pl\\\/\",\"logo\":{\"@type\":\"ImageObject\",\"inLanguage\":\"pl-PL\",\"@id\":\"https:\\\/\\\/zsps.poznan.pl\\\/#\\\/schema\\\/logo\\\/image\\\/\",\"url\":\"\",\"contentUrl\":\"\",\"caption\":\"Zesp\u00f3\u0142 Szk\u00f3\u0142 Przemys\u0142u Spo\u017cywczego\"},\"image\":{\"@id\":\"https:\\\/\\\/zsps.poznan.pl\\\/#\\\/schema\\\/logo\\\/image\\\/\"},\"sameAs\":[\"https:\\\/\\\/www.facebook.com\\\/zsps.poznan\"]}]}<\/script>\n<!-- \/ Yoast SEO plugin. -->","yoast_head_json":{"title":"IX Og\u00f3lnopolski Turniej Kucharski - ZESP\u00d3\u0141 SZK\u00d3\u0141 PRZEMYS\u0141U SPO\u017bYWCZEGO","robots":{"index":"index","follow":"follow","max-snippet":"max-snippet:-1","max-image-preview":"max-image-preview:large","max-video-preview":"max-video-preview:-1"},"canonical":"https:\/\/zsps.poznan.pl\/index.php\/ix-ogolnopolski-turniej-kucharski\/","og_locale":"pl_PL","og_type":"article","og_title":"IX Og\u00f3lnopolski Turniej Kucharski - ZESP\u00d3\u0141 SZK\u00d3\u0141 PRZEMYS\u0141U SPO\u017bYWCZEGO","og_description":"\u00a0 W dniach 18-19 marca 2025 r. w naszej szkole odby\u0142a si\u0119 IX edycja Og\u00f3lnopolskiego Turnieju Kucharskiego pod patronatem Krajowej Rady Gastronomii i Cateringu. Organizatorami s\u0105: Wielkopolska Izba Rzemie\u015blnicza, Og\u00f3lnopolski Cech Rze\u017anik\u00f3w-W\u0119dliniarzy-Kucharzy oraz Zesp\u00f3\u0142 Szk\u00f3\u0142 Przemys\u0142u Spo\u017cywczego w Poznaniu. Sekretarzami","og_url":"https:\/\/zsps.poznan.pl\/index.php\/ix-ogolnopolski-turniej-kucharski\/","og_site_name":"ZESP\u00d3\u0141 SZK\u00d3\u0141 PRZEMYS\u0141U SPO\u017bYWCZEGO","article_publisher":"https:\/\/www.facebook.com\/zsps.poznan","article_modified_time":"2025-03-26T12:06:50+00:00","og_image":[{"url":"https:\/\/zsps.poznan.pl\/wp-content\/uploads\/2025\/03\/DSC_2867-150x150.jpg","type":"","width":"","height":""}],"twitter_card":"summary_large_image","twitter_misc":{"Szacowany czas czytania":"4 minuty"},"schema":{"@context":"https:\/\/schema.org","@graph":[{"@type":"WebPage","@id":"https:\/\/zsps.poznan.pl\/index.php\/ix-ogolnopolski-turniej-kucharski\/","url":"https:\/\/zsps.poznan.pl\/index.php\/ix-ogolnopolski-turniej-kucharski\/","name":"IX Og\u00f3lnopolski Turniej Kucharski - ZESP\u00d3\u0141 SZK\u00d3\u0141 PRZEMYS\u0141U SPO\u017bYWCZEGO","isPartOf":{"@id":"https:\/\/zsps.poznan.pl\/#website"},"primaryImageOfPage":{"@id":"https:\/\/zsps.poznan.pl\/index.php\/ix-ogolnopolski-turniej-kucharski\/#primaryimage"},"image":{"@id":"https:\/\/zsps.poznan.pl\/index.php\/ix-ogolnopolski-turniej-kucharski\/#primaryimage"},"thumbnailUrl":"https:\/\/zsps.poznan.pl\/wp-content\/uploads\/2025\/03\/DSC_2867-150x150.jpg","datePublished":"2025-03-26T11:57:15+00:00","dateModified":"2025-03-26T12:06:50+00:00","breadcrumb":{"@id":"https:\/\/zsps.poznan.pl\/index.php\/ix-ogolnopolski-turniej-kucharski\/#breadcrumb"},"inLanguage":"pl-PL","potentialAction":[{"@type":"ReadAction","target":["https:\/\/zsps.poznan.pl\/index.php\/ix-ogolnopolski-turniej-kucharski\/"]}]},{"@type":"ImageObject","inLanguage":"pl-PL","@id":"https:\/\/zsps.poznan.pl\/index.php\/ix-ogolnopolski-turniej-kucharski\/#primaryimage","url":"https:\/\/zsps.poznan.pl\/wp-content\/uploads\/2025\/03\/DSC_2867.jpg","contentUrl":"https:\/\/zsps.poznan.pl\/wp-content\/uploads\/2025\/03\/DSC_2867.jpg","width":1500,"height":1000},{"@type":"BreadcrumbList","@id":"https:\/\/zsps.poznan.pl\/index.php\/ix-ogolnopolski-turniej-kucharski\/#breadcrumb","itemListElement":[{"@type":"ListItem","position":1,"name":"Strona g\u0142\u00f3wna","item":"https:\/\/zsps.poznan.pl\/"},{"@type":"ListItem","position":2,"name":"IX Og\u00f3lnopolski Turniej Kucharski"}]},{"@type":"WebSite","@id":"https:\/\/zsps.poznan.pl\/#website","url":"https:\/\/zsps.poznan.pl\/","name":"ZESP\u00d3\u0141 SZK\u00d3\u0141 PRZEMYS\u0141U SPO\u017bYWCZEGO","description":"im. J. J. \u015aniadeckich w Poznaniu","publisher":{"@id":"https:\/\/zsps.poznan.pl\/#organization"},"potentialAction":[{"@type":"SearchAction","target":{"@type":"EntryPoint","urlTemplate":"https:\/\/zsps.poznan.pl\/?s={search_term_string}"},"query-input":{"@type":"PropertyValueSpecification","valueRequired":true,"valueName":"search_term_string"}}],"inLanguage":"pl-PL"},{"@type":"Organization","@id":"https:\/\/zsps.poznan.pl\/#organization","name":"Zesp\u00f3\u0142 Szk\u00f3\u0142 Przemys\u0142u Spo\u017cywczego","url":"https:\/\/zsps.poznan.pl\/","logo":{"@type":"ImageObject","inLanguage":"pl-PL","@id":"https:\/\/zsps.poznan.pl\/#\/schema\/logo\/image\/","url":"","contentUrl":"","caption":"Zesp\u00f3\u0142 Szk\u00f3\u0142 Przemys\u0142u Spo\u017cywczego"},"image":{"@id":"https:\/\/zsps.poznan.pl\/#\/schema\/logo\/image\/"},"sameAs":["https:\/\/www.facebook.com\/zsps.poznan"]}]}},"_links":{"self":[{"href":"https:\/\/zsps.poznan.pl\/index.php\/wp-json\/wp\/v2\/pages\/15669","targetHints":{"allow":["GET"]}}],"collection":[{"href":"https:\/\/zsps.poznan.pl\/index.php\/wp-json\/wp\/v2\/pages"}],"about":[{"href":"https:\/\/zsps.poznan.pl\/index.php\/wp-json\/wp\/v2\/types\/page"}],"author":[{"embeddable":true,"href":"https:\/\/zsps.poznan.pl\/index.php\/wp-json\/wp\/v2\/users\/8"}],"replies":[{"embeddable":true,"href":"https:\/\/zsps.poznan.pl\/index.php\/wp-json\/wp\/v2\/comments?post=15669"}],"version-history":[{"count":9,"href":"https:\/\/zsps.poznan.pl\/index.php\/wp-json\/wp\/v2\/pages\/15669\/revisions"}],"predecessor-version":[{"id":15683,"href":"https:\/\/zsps.poznan.pl\/index.php\/wp-json\/wp\/v2\/pages\/15669\/revisions\/15683"}],"wp:attachment":[{"href":"https:\/\/zsps.poznan.pl\/index.php\/wp-json\/wp\/v2\/media?parent=15669"}],"curies":[{"name":"wp","href":"https:\/\/api.w.org\/{rel}","templated":true}]}}