{"id":16212,"date":"2025-08-22T12:16:47","date_gmt":"2025-08-22T10:16:47","guid":{"rendered":"https:\/\/zsps.poznan.pl\/?page_id=16212"},"modified":"2025-09-02T12:17:28","modified_gmt":"2025-09-02T10:17:28","slug":"semestr-i-zc","status":"publish","type":"page","link":"https:\/\/zsps.poznan.pl\/index.php\/semestr-i-zc\/","title":{"rendered":"Semestr I \u017bC"},"content":{"rendered":"\t\t<div data-elementor-type=\"wp-page\" data-elementor-id=\"16212\" class=\"elementor elementor-16212\">\n\t\t\t\t\t\t<section class=\"elementor-section elementor-top-section elementor-element elementor-element-d71ea9e elementor-section-boxed elementor-section-height-default elementor-section-height-default\" data-id=\"d71ea9e\" data-element_type=\"section\" data-e-type=\"section\">\n\t\t\t\t\t\t<div class=\"elementor-container elementor-column-gap-default\">\n\t\t\t\t\t<div class=\"elementor-column elementor-col-50 elementor-top-column elementor-element elementor-element-e0a3998\" data-id=\"e0a3998\" data-element_type=\"column\" data-e-type=\"column\">\n\t\t\t<div class=\"elementor-widget-wrap elementor-element-populated\">\n\t\t\t\t\t\t<div class=\"elementor-element elementor-element-d0f9578 elementor-widget__width-initial elementor-widget elementor-widget-html\" data-id=\"d0f9578\" data-element_type=\"widget\" data-e-type=\"widget\" data-widget_type=\"html.default\">\n\t\t\t\t<div class=\"elementor-widget-container\">\n\t\t\t\t\t<iframe height=700px  src=\"https:\/\/docs.google.com\/spreadsheets\/d\/e\/2PACX-1vSiFBTtJFCBQshFQnSkfLZaPredF0Tohld3zb9Li7mPzDr_PIuL7UjKTAZatA3BFA\/pubhtml?widget=true&amp;headers=false\"><\/iframe>\t\t\t\t<\/div>\n\t\t\t\t<\/div>\n\t\t\t\t\t<\/div>\n\t\t<\/div>\n\t\t\t\t<div class=\"elementor-column elementor-col-50 elementor-top-column elementor-element elementor-element-7b65bd0\" data-id=\"7b65bd0\" data-element_type=\"column\" data-e-type=\"column\">\n\t\t\t<div class=\"elementor-widget-wrap elementor-element-populated\">\n\t\t\t\t\t\t<div class=\"elementor-element elementor-element-d61c24a elementor-widget elementor-widget-html\" data-id=\"d61c24a\" data-element_type=\"widget\" data-e-type=\"widget\" data-widget_type=\"html.default\">\n\t\t\t\t<div class=\"elementor-widget-container\">\n\t\t\t\t\t<table class=\"table\">\r\n  <tr class=\"table-bg\">\r\n    <th colspan=\"3\" class=\"table-hs\">Dzwonki w szkole zaocznej<\/th>\r\n  <\/tr>\r\n  <tr class=\"table-bg\">\r\n    <th class=\"table-shl\">Nr lekcji<\/th>\r\n    <th class=\"table-shc\">Pi\u0105tek<\/th>\r\n    <th class=\"table-shr\">Sobota<\/th>\r\n  <\/tr>\r\n  <tr class=\"table-bg\">\r\n    <td class=\"table-cl table-c\">1<\/td>\r\n    <td class=\"table-table-cc table-c\">14:50 \u2013 15:35<\/td>\r\n    <td class=\"table-cr table-c\">08:00 \u2013 08:45<\/td>\r\n  <\/tr>\r\n  <tr class=\"table-bg\">\r\n    <td class=\"table-cl table-c\">2<\/td>\r\n    <td class=\"table-table-cc table-c\">15:40 \u2013 16:25<\/td>\r\n    <td class=\"table-cr table-c\">08:50 \u2013 09:35<\/td>\r\n  <\/tr>\r\n  <tr class=\"table-bg\">\r\n    <td class=\"table-cl table-c\">3<\/td>\r\n    <td class=\"table-table-cc table-c\">16:30 \u2013 17:15<\/td>\r\n    <td class=\"table-cr table-c\">09:40 \u2013 10:25<\/td>    \r\n  <\/tr>\r\n  <tr class=\"table-bg\">\r\n    <td class=\"table-cl table-c\">4<\/td>\r\n    <td class=\"table-table-cc table-c\">17:20 \u2013 18:05<\/td>\r\n    <td class=\"table-cr table-c\">10:30 \u2013 11:15<\/td>\r\n  <\/tr>\r\n  <tr class=\"table-bg\">\r\n    <td class=\"table-cl table-c\">5<\/td>\r\n    <td class=\"table-table-cc table-c\">18:10 \u2013 18:55<\/td>\r\n    <td class=\"table-cr table-c\">11:35 \u2013 12:20<\/td>\r\n  <\/tr>\r\n  <tr class=\"table-bg\">\r\n    <td class=\"table-cl table-c\">6<\/td>\r\n    <td class=\"table-table-cc table-c\">19:00 \u2013 19:45<\/td>\r\n    <td class=\"table-cr table-c\">12:25 \u2013 13:10<\/td>    \r\n  <\/tr>\r\n  <tr class=\"table-bg\">\r\n    <td class=\"table-cl table-c\">7<\/td>\r\n    <td class=\"table-table-cc table-c\">19:50 \u2013 20:35<\/td>\r\n    <td class=\"table-cr table-c\">13:15 \u2013 14:00<\/td>    \r\n  <\/tr>\r\n  <tr class=\"table-bg\">\r\n    <td class=\"table-cl table-c\">8<\/td>\r\n    <td rowspan=\"3\" class=\"table-table-cc table-c\"><\/td>\r\n    <td class=\"table-cr table-c\">14:05 \u2013 14:50<\/td>\r\n  <\/tr>\r\n  <tr class=\"table-bg\">\r\n    <td class=\"table-cl table-c\">9<\/td>\r\n    <td class=\"table-cr table-c\">14:55 \u2013 15:40<\/td>\r\n  <\/tr>\r\n  <tr class=\"table-bg\">\r\n    <td class=\"table-cl table-c\">10<\/td>\r\n    <td class=\"table-cr table-c\">15:45 \u2013 16:30<\/td>\r\n  <\/tr>\r\n<\/table>\t\t\t\t<\/div>\n\t\t\t\t<\/div>\n\t\t\t\t\t<\/div>\n\t\t<\/div>\n\t\t\t\t\t<\/div>\n\t\t<\/section>\n\t\t\t\t<section class=\"elementor-section elementor-top-section elementor-element elementor-element-78167bd elementor-section-boxed elementor-section-height-default elementor-section-height-default\" data-id=\"78167bd\" data-element_type=\"section\" data-e-type=\"section\">\n\t\t\t\t\t\t<div class=\"elementor-container elementor-column-gap-default\">\n\t\t\t\t\t<div class=\"elementor-column elementor-col-100 elementor-top-column elementor-element elementor-element-bb2e841\" data-id=\"bb2e841\" data-element_type=\"column\" data-e-type=\"column\">\n\t\t\t<div class=\"elementor-widget-wrap elementor-element-populated\">\n\t\t\t\t\t\t<div class=\"elementor-element elementor-element-45ca026 elementor-widget elementor-widget-html\" data-id=\"45ca026\" data-element_type=\"widget\" data-e-type=\"widget\" data-widget_type=\"html.default\">\n\t\t\t\t<div class=\"elementor-widget-container\">\n\t\t\t\t\t<p class=\"subhead\">Do pobrania<\/p>\r\n<p class=\"subinfo\">\r\n    <a href=\"https:\/\/docs.google.com\/spreadsheets\/d\/e\/2PACX-1vSiFBTtJFCBQshFQnSkfLZaPredF0Tohld3zb9Li7mPzDr_PIuL7UjKTAZatA3BFA\/pub?output=xlsx\">Plan lekcji - XLSX\r\n    <\/a>\r\n<\/p>\r\n<p class=\"subinfo\">\r\n    <a href=\"https:\/\/docs.google.com\/spreadsheets\/d\/e\/2PACX-1vSiFBTtJFCBQshFQnSkfLZaPredF0Tohld3zb9Li7mPzDr_PIuL7UjKTAZatA3BFA\/pub?output=pdf\">Plan lekcji - PDF\r\n    <\/a>\r\n<\/p>\t\t\t\t<\/div>\n\t\t\t\t<\/div>\n\t\t\t\t\t<\/div>\n\t\t<\/div>\n\t\t\t\t\t<\/div>\n\t\t<\/section>\n\t\t\t\t<\/div>\n\t\t","protected":false},"excerpt":{"rendered":"<p>Dzwonki w szkole zaocznej Nr lekcji Pi\u0105tek Sobota 1 14:50 \u2013 15:35 08:00 \u2013 08:45 2 15:40 \u2013 16:25 08:50 \u2013 09:35 3 16:30 \u2013 17:15 09:40 \u2013 10:25 4 17:20 \u2013 18:05 10:30 \u2013 11:15 5 18:10 \u2013 18:55<\/p>\n","protected":false},"author":9,"featured_media":0,"parent":0,"menu_order":0,"comment_status":"closed","ping_status":"closed","template":"","meta":{"footnotes":""},"class_list":["post-16212","page","type-page","status-publish","hentry"],"yoast_head":"<!-- This site is optimized with the Yoast SEO plugin v27.3 - https:\/\/yoast.com\/product\/yoast-seo-wordpress\/ -->\n<title>Semestr I \u017bC - ZESP\u00d3\u0141 SZK\u00d3\u0141 PRZEMYS\u0141U SPO\u017bYWCZEGO<\/title>\n<meta name=\"robots\" content=\"index, follow, max-snippet:-1, max-image-preview:large, max-video-preview:-1\" \/>\n<link rel=\"canonical\" href=\"https:\/\/zsps.poznan.pl\/index.php\/semestr-i-zc\/\" \/>\n<meta property=\"og:locale\" content=\"pl_PL\" \/>\n<meta property=\"og:type\" content=\"article\" \/>\n<meta property=\"og:title\" content=\"Semestr I \u017bC - ZESP\u00d3\u0141 SZK\u00d3\u0141 PRZEMYS\u0141U SPO\u017bYWCZEGO\" \/>\n<meta property=\"og:description\" content=\"Dzwonki w szkole zaocznej Nr lekcji Pi\u0105tek Sobota 1 14:50 \u2013 15:35 08:00 \u2013 08:45 2 15:40 \u2013 16:25 08:50 \u2013 09:35 3 16:30 \u2013 17:15 09:40 \u2013 10:25 4 17:20 \u2013 18:05 10:30 \u2013 11:15 5 18:10 \u2013 18:55\" \/>\n<meta property=\"og:url\" content=\"https:\/\/zsps.poznan.pl\/index.php\/semestr-i-zc\/\" \/>\n<meta property=\"og:site_name\" content=\"ZESP\u00d3\u0141 SZK\u00d3\u0141 PRZEMYS\u0141U SPO\u017bYWCZEGO\" \/>\n<meta property=\"article:publisher\" content=\"https:\/\/www.facebook.com\/zsps.poznan\" \/>\n<meta property=\"article:modified_time\" content=\"2025-09-02T10:17:28+00:00\" \/>\n<meta name=\"twitter:card\" content=\"summary_large_image\" \/>\n<meta name=\"twitter:label1\" content=\"Szacowany czas czytania\" \/>\n\t<meta name=\"twitter:data1\" content=\"1 minuta\" \/>\n<script type=\"application\/ld+json\" class=\"yoast-schema-graph\">{\"@context\":\"https:\\\/\\\/schema.org\",\"@graph\":[{\"@type\":\"WebPage\",\"@id\":\"https:\\\/\\\/zsps.poznan.pl\\\/index.php\\\/semestr-i-zc\\\/\",\"url\":\"https:\\\/\\\/zsps.poznan.pl\\\/index.php\\\/semestr-i-zc\\\/\",\"name\":\"Semestr I \u017bC - ZESP\u00d3\u0141 SZK\u00d3\u0141 PRZEMYS\u0141U SPO\u017bYWCZEGO\",\"isPartOf\":{\"@id\":\"https:\\\/\\\/zsps.poznan.pl\\\/#website\"},\"datePublished\":\"2025-08-22T10:16:47+00:00\",\"dateModified\":\"2025-09-02T10:17:28+00:00\",\"breadcrumb\":{\"@id\":\"https:\\\/\\\/zsps.poznan.pl\\\/index.php\\\/semestr-i-zc\\\/#breadcrumb\"},\"inLanguage\":\"pl-PL\",\"potentialAction\":[{\"@type\":\"ReadAction\",\"target\":[\"https:\\\/\\\/zsps.poznan.pl\\\/index.php\\\/semestr-i-zc\\\/\"]}]},{\"@type\":\"BreadcrumbList\",\"@id\":\"https:\\\/\\\/zsps.poznan.pl\\\/index.php\\\/semestr-i-zc\\\/#breadcrumb\",\"itemListElement\":[{\"@type\":\"ListItem\",\"position\":1,\"name\":\"Strona g\u0142\u00f3wna\",\"item\":\"https:\\\/\\\/zsps.poznan.pl\\\/\"},{\"@type\":\"ListItem\",\"position\":2,\"name\":\"Semestr I \u017bC\"}]},{\"@type\":\"WebSite\",\"@id\":\"https:\\\/\\\/zsps.poznan.pl\\\/#website\",\"url\":\"https:\\\/\\\/zsps.poznan.pl\\\/\",\"name\":\"ZESP\u00d3\u0141 SZK\u00d3\u0141 PRZEMYS\u0141U SPO\u017bYWCZEGO\",\"description\":\"im. J. J. \u015aniadeckich w Poznaniu\",\"publisher\":{\"@id\":\"https:\\\/\\\/zsps.poznan.pl\\\/#organization\"},\"potentialAction\":[{\"@type\":\"SearchAction\",\"target\":{\"@type\":\"EntryPoint\",\"urlTemplate\":\"https:\\\/\\\/zsps.poznan.pl\\\/?s={search_term_string}\"},\"query-input\":{\"@type\":\"PropertyValueSpecification\",\"valueRequired\":true,\"valueName\":\"search_term_string\"}}],\"inLanguage\":\"pl-PL\"},{\"@type\":\"Organization\",\"@id\":\"https:\\\/\\\/zsps.poznan.pl\\\/#organization\",\"name\":\"Zesp\u00f3\u0142 Szk\u00f3\u0142 Przemys\u0142u Spo\u017cywczego\",\"url\":\"https:\\\/\\\/zsps.poznan.pl\\\/\",\"logo\":{\"@type\":\"ImageObject\",\"inLanguage\":\"pl-PL\",\"@id\":\"https:\\\/\\\/zsps.poznan.pl\\\/#\\\/schema\\\/logo\\\/image\\\/\",\"url\":\"\",\"contentUrl\":\"\",\"caption\":\"Zesp\u00f3\u0142 Szk\u00f3\u0142 Przemys\u0142u Spo\u017cywczego\"},\"image\":{\"@id\":\"https:\\\/\\\/zsps.poznan.pl\\\/#\\\/schema\\\/logo\\\/image\\\/\"},\"sameAs\":[\"https:\\\/\\\/www.facebook.com\\\/zsps.poznan\"]}]}<\/script>\n<!-- \/ Yoast SEO plugin. -->","yoast_head_json":{"title":"Semestr I \u017bC - ZESP\u00d3\u0141 SZK\u00d3\u0141 PRZEMYS\u0141U SPO\u017bYWCZEGO","robots":{"index":"index","follow":"follow","max-snippet":"max-snippet:-1","max-image-preview":"max-image-preview:large","max-video-preview":"max-video-preview:-1"},"canonical":"https:\/\/zsps.poznan.pl\/index.php\/semestr-i-zc\/","og_locale":"pl_PL","og_type":"article","og_title":"Semestr I \u017bC - ZESP\u00d3\u0141 SZK\u00d3\u0141 PRZEMYS\u0141U SPO\u017bYWCZEGO","og_description":"Dzwonki w szkole zaocznej Nr lekcji Pi\u0105tek Sobota 1 14:50 \u2013 15:35 08:00 \u2013 08:45 2 15:40 \u2013 16:25 08:50 \u2013 09:35 3 16:30 \u2013 17:15 09:40 \u2013 10:25 4 17:20 \u2013 18:05 10:30 \u2013 11:15 5 18:10 \u2013 18:55","og_url":"https:\/\/zsps.poznan.pl\/index.php\/semestr-i-zc\/","og_site_name":"ZESP\u00d3\u0141 SZK\u00d3\u0141 PRZEMYS\u0141U SPO\u017bYWCZEGO","article_publisher":"https:\/\/www.facebook.com\/zsps.poznan","article_modified_time":"2025-09-02T10:17:28+00:00","twitter_card":"summary_large_image","twitter_misc":{"Szacowany czas czytania":"1 minuta"},"schema":{"@context":"https:\/\/schema.org","@graph":[{"@type":"WebPage","@id":"https:\/\/zsps.poznan.pl\/index.php\/semestr-i-zc\/","url":"https:\/\/zsps.poznan.pl\/index.php\/semestr-i-zc\/","name":"Semestr I \u017bC - ZESP\u00d3\u0141 SZK\u00d3\u0141 PRZEMYS\u0141U SPO\u017bYWCZEGO","isPartOf":{"@id":"https:\/\/zsps.poznan.pl\/#website"},"datePublished":"2025-08-22T10:16:47+00:00","dateModified":"2025-09-02T10:17:28+00:00","breadcrumb":{"@id":"https:\/\/zsps.poznan.pl\/index.php\/semestr-i-zc\/#breadcrumb"},"inLanguage":"pl-PL","potentialAction":[{"@type":"ReadAction","target":["https:\/\/zsps.poznan.pl\/index.php\/semestr-i-zc\/"]}]},{"@type":"BreadcrumbList","@id":"https:\/\/zsps.poznan.pl\/index.php\/semestr-i-zc\/#breadcrumb","itemListElement":[{"@type":"ListItem","position":1,"name":"Strona g\u0142\u00f3wna","item":"https:\/\/zsps.poznan.pl\/"},{"@type":"ListItem","position":2,"name":"Semestr I \u017bC"}]},{"@type":"WebSite","@id":"https:\/\/zsps.poznan.pl\/#website","url":"https:\/\/zsps.poznan.pl\/","name":"ZESP\u00d3\u0141 SZK\u00d3\u0141 PRZEMYS\u0141U SPO\u017bYWCZEGO","description":"im. J. J. \u015aniadeckich w Poznaniu","publisher":{"@id":"https:\/\/zsps.poznan.pl\/#organization"},"potentialAction":[{"@type":"SearchAction","target":{"@type":"EntryPoint","urlTemplate":"https:\/\/zsps.poznan.pl\/?s={search_term_string}"},"query-input":{"@type":"PropertyValueSpecification","valueRequired":true,"valueName":"search_term_string"}}],"inLanguage":"pl-PL"},{"@type":"Organization","@id":"https:\/\/zsps.poznan.pl\/#organization","name":"Zesp\u00f3\u0142 Szk\u00f3\u0142 Przemys\u0142u Spo\u017cywczego","url":"https:\/\/zsps.poznan.pl\/","logo":{"@type":"ImageObject","inLanguage":"pl-PL","@id":"https:\/\/zsps.poznan.pl\/#\/schema\/logo\/image\/","url":"","contentUrl":"","caption":"Zesp\u00f3\u0142 Szk\u00f3\u0142 Przemys\u0142u Spo\u017cywczego"},"image":{"@id":"https:\/\/zsps.poznan.pl\/#\/schema\/logo\/image\/"},"sameAs":["https:\/\/www.facebook.com\/zsps.poznan"]}]}},"_links":{"self":[{"href":"https:\/\/zsps.poznan.pl\/index.php\/wp-json\/wp\/v2\/pages\/16212","targetHints":{"allow":["GET"]}}],"collection":[{"href":"https:\/\/zsps.poznan.pl\/index.php\/wp-json\/wp\/v2\/pages"}],"about":[{"href":"https:\/\/zsps.poznan.pl\/index.php\/wp-json\/wp\/v2\/types\/page"}],"author":[{"embeddable":true,"href":"https:\/\/zsps.poznan.pl\/index.php\/wp-json\/wp\/v2\/users\/9"}],"replies":[{"embeddable":true,"href":"https:\/\/zsps.poznan.pl\/index.php\/wp-json\/wp\/v2\/comments?post=16212"}],"version-history":[{"count":10,"href":"https:\/\/zsps.poznan.pl\/index.php\/wp-json\/wp\/v2\/pages\/16212\/revisions"}],"predecessor-version":[{"id":16321,"href":"https:\/\/zsps.poznan.pl\/index.php\/wp-json\/wp\/v2\/pages\/16212\/revisions\/16321"}],"wp:attachment":[{"href":"https:\/\/zsps.poznan.pl\/index.php\/wp-json\/wp\/v2\/media?parent=16212"}],"curies":[{"name":"wp","href":"https:\/\/api.w.org\/{rel}","templated":true}]}}