{"id":16966,"date":"2026-01-19T10:46:04","date_gmt":"2026-01-19T09:46:04","guid":{"rendered":"https:\/\/zsps.poznan.pl\/?page_id=16966"},"modified":"2026-01-19T10:54:10","modified_gmt":"2026-01-19T09:54:10","slug":"dni-promocji-zdrowia","status":"publish","type":"page","link":"https:\/\/zsps.poznan.pl\/index.php\/dni-promocji-zdrowia\/","title":{"rendered":"Dni Promocji Zdrowia"},"content":{"rendered":"\t\t<div data-elementor-type=\"wp-page\" data-elementor-id=\"16966\" class=\"elementor elementor-16966\">\n\t\t\t\t\t\t<section class=\"elementor-section elementor-top-section elementor-element elementor-element-93662bf elementor-section-boxed elementor-section-height-default elementor-section-height-default\" data-id=\"93662bf\" data-element_type=\"section\" data-e-type=\"section\">\n\t\t\t\t\t\t<div class=\"elementor-container elementor-column-gap-default\">\n\t\t\t\t\t<div class=\"elementor-column elementor-col-100 elementor-top-column elementor-element elementor-element-cfe9d82\" data-id=\"cfe9d82\" data-element_type=\"column\" data-e-type=\"column\">\n\t\t\t<div class=\"elementor-widget-wrap elementor-element-populated\">\n\t\t\t\t\t\t<div class=\"elementor-element elementor-element-7e1dcc1 elementor-widget elementor-widget-text-editor\" data-id=\"7e1dcc1\" data-element_type=\"widget\" data-e-type=\"widget\" data-widget_type=\"text-editor.default\">\n\t\t\t\t<div class=\"elementor-widget-container\">\n\t\t\t\t\t\t\t\t\t<p>W ostatnim tygodniu listopada w naszej szkole odby\u0142a si\u0119 2 edycja Tygodnia Promocji Zdrowia &#8211; czyli pogadanki, dzia\u0142ania i warsztaty o profilaktyce chor\u00f3b. Z tej okazji go\u015bcili\u015bmy w szkole Panie z Powiatowej Stacji Sanitarno-Epidemiologicznej (profilaktyka HIV, HPV, kampania antynikotynowa) z pani\u0105 Beat\u0105 Rutkowska na czele, wolontariuszk\u0119 DKMS pani\u0105 Ma\u0142gorzat\u0119 Paczy\u0144ska- Jedryck\u0105 (poruszaj\u0105ca prelekcja o zwyci\u0119skiej walce z bia\u0142aczk\u0105 i propagowanie dawstwa szpiku) oraz pani\u0105 Karolin\u0119 Klimczak ze Studenckiego Ko\u0142a Naukowego Dietetyki Klinicznej. Uczniowie wzi\u0119li udzia\u0142 w warsztatach &#8222;Fit s\u0142odycze&#8221; (klasa 3 CA z wychowawczyni\u0105 p.Klaudia Chmielecka), rejestrowali si\u0119 jako potencjalni dawcy szpiku w akcji #Kom\u00f3rkomania, mierzyli sobie poziom tlenku w\u0119gla w p\u0142ucach oraz rozwi\u0105zywali quizy wiedzy z profilaktyki chor\u00f3b. Uczennica z klasy 1K Liliana Perz (pod opiek\u0105 p.Marty Kazimierskiej) poprowadzi\u0142a warsztaty kulinarne (potrawy wysokobia\u0142kowe), a p. Dagmara Leniec zadba\u0142a o dobrostan uczni\u00f3w w ramach Dnia Zdrowia Psychicznego. Na \u0142\u0105czonej lekcji biologii i chemii uczniowie przeanalizowali sk\u0142ad ciasta i donuta z popularnego dyskontu <span class=\"html-span xexx8yu xyri2b x18d9i69 x1c1uobl x1hl2dhg x16tdsg8 x1vvkbs x3nfvp2 x1j61x8r x1fcty0u xdj266r xat24cr xm2jcoa x1mpyi22 xxymvpz xlup9mm x1kky2od\"><img decoding=\"async\" class=\"xz74otr x15mokao x1ga7v0g x16uus16 xbiv7yw\" src=\"https:\/\/static.xx.fbcdn.net\/images\/emoji.php\/v9\/t4c\/1\/16\/1f642.png\" alt=\"\ud83d\ude42\" width=\"16\" height=\"16\" \/><\/span><\/p><p>Dzi\u0119kuj\u0119 wszystkim za udzia\u0142 w tej akcji i zapraszamy na kolejn\u0105 edycj\u0119.<\/p><p>Ma\u0142gorzata Natywa, Marta Borkowska-Bereta<\/p>\t\t\t\t\t\t\t\t<\/div>\n\t\t\t\t<\/div>\n\t\t\t\t\t<\/div>\n\t\t<\/div>\n\t\t\t\t\t<\/div>\n\t\t<\/section>\n\t\t\t\t<\/div>\n\t\t","protected":false},"excerpt":{"rendered":"<p>W ostatnim tygodniu listopada w naszej szkole odby\u0142a si\u0119 2 edycja Tygodnia Promocji Zdrowia &#8211; czyli pogadanki, dzia\u0142ania i warsztaty o profilaktyce chor\u00f3b. Z tej okazji go\u015bcili\u015bmy w szkole Panie z Powiatowej Stacji Sanitarno-Epidemiologicznej (profilaktyka HIV, HPV, kampania antynikotynowa) z<\/p>\n","protected":false},"author":7,"featured_media":0,"parent":0,"menu_order":0,"comment_status":"closed","ping_status":"closed","template":"","meta":{"footnotes":""},"class_list":["post-16966","page","type-page","status-publish","hentry"],"yoast_head":"<!-- This site is optimized with the Yoast SEO plugin v27.5 - https:\/\/yoast.com\/product\/yoast-seo-wordpress\/ -->\n<title>Dni Promocji Zdrowia - ZESP\u00d3\u0141 SZK\u00d3\u0141 PRZEMYS\u0141U SPO\u017bYWCZEGO<\/title>\n<meta name=\"robots\" content=\"index, follow, max-snippet:-1, max-image-preview:large, max-video-preview:-1\" \/>\n<link rel=\"canonical\" href=\"https:\/\/zsps.poznan.pl\/index.php\/dni-promocji-zdrowia\/\" \/>\n<meta property=\"og:locale\" content=\"pl_PL\" \/>\n<meta property=\"og:type\" content=\"article\" \/>\n<meta property=\"og:title\" content=\"Dni Promocji Zdrowia - ZESP\u00d3\u0141 SZK\u00d3\u0141 PRZEMYS\u0141U SPO\u017bYWCZEGO\" \/>\n<meta property=\"og:description\" content=\"W ostatnim tygodniu listopada w naszej szkole odby\u0142a si\u0119 2 edycja Tygodnia Promocji Zdrowia &#8211; czyli pogadanki, dzia\u0142ania i warsztaty o profilaktyce chor\u00f3b. Z tej okazji go\u015bcili\u015bmy w szkole Panie z Powiatowej Stacji Sanitarno-Epidemiologicznej (profilaktyka HIV, HPV, kampania antynikotynowa) z\" \/>\n<meta property=\"og:url\" content=\"https:\/\/zsps.poznan.pl\/index.php\/dni-promocji-zdrowia\/\" \/>\n<meta property=\"og:site_name\" content=\"ZESP\u00d3\u0141 SZK\u00d3\u0141 PRZEMYS\u0141U SPO\u017bYWCZEGO\" \/>\n<meta property=\"article:publisher\" content=\"https:\/\/www.facebook.com\/zsps.poznan\" \/>\n<meta property=\"article:modified_time\" content=\"2026-01-19T09:54:10+00:00\" \/>\n<meta property=\"og:image\" content=\"https:\/\/static.xx.fbcdn.net\/images\/emoji.php\/v9\/t4c\/1\/16\/1f642.png\" \/>\n<meta name=\"twitter:card\" content=\"summary_large_image\" \/>\n<meta name=\"twitter:label1\" content=\"Szacowany czas czytania\" \/>\n\t<meta name=\"twitter:data1\" content=\"2 minuty\" \/>\n<script type=\"application\/ld+json\" class=\"yoast-schema-graph\">{\"@context\":\"https:\\\/\\\/schema.org\",\"@graph\":[{\"@type\":\"WebPage\",\"@id\":\"https:\\\/\\\/zsps.poznan.pl\\\/index.php\\\/dni-promocji-zdrowia\\\/\",\"url\":\"https:\\\/\\\/zsps.poznan.pl\\\/index.php\\\/dni-promocji-zdrowia\\\/\",\"name\":\"Dni Promocji Zdrowia - ZESP\u00d3\u0141 SZK\u00d3\u0141 PRZEMYS\u0141U SPO\u017bYWCZEGO\",\"isPartOf\":{\"@id\":\"https:\\\/\\\/zsps.poznan.pl\\\/#website\"},\"primaryImageOfPage\":{\"@id\":\"https:\\\/\\\/zsps.poznan.pl\\\/index.php\\\/dni-promocji-zdrowia\\\/#primaryimage\"},\"image\":{\"@id\":\"https:\\\/\\\/zsps.poznan.pl\\\/index.php\\\/dni-promocji-zdrowia\\\/#primaryimage\"},\"thumbnailUrl\":\"https:\\\/\\\/static.xx.fbcdn.net\\\/images\\\/emoji.php\\\/v9\\\/t4c\\\/1\\\/16\\\/1f642.png\",\"datePublished\":\"2026-01-19T09:46:04+00:00\",\"dateModified\":\"2026-01-19T09:54:10+00:00\",\"breadcrumb\":{\"@id\":\"https:\\\/\\\/zsps.poznan.pl\\\/index.php\\\/dni-promocji-zdrowia\\\/#breadcrumb\"},\"inLanguage\":\"pl-PL\",\"potentialAction\":[{\"@type\":\"ReadAction\",\"target\":[\"https:\\\/\\\/zsps.poznan.pl\\\/index.php\\\/dni-promocji-zdrowia\\\/\"]}]},{\"@type\":\"ImageObject\",\"inLanguage\":\"pl-PL\",\"@id\":\"https:\\\/\\\/zsps.poznan.pl\\\/index.php\\\/dni-promocji-zdrowia\\\/#primaryimage\",\"url\":\"https:\\\/\\\/static.xx.fbcdn.net\\\/images\\\/emoji.php\\\/v9\\\/t4c\\\/1\\\/16\\\/1f642.png\",\"contentUrl\":\"https:\\\/\\\/static.xx.fbcdn.net\\\/images\\\/emoji.php\\\/v9\\\/t4c\\\/1\\\/16\\\/1f642.png\"},{\"@type\":\"BreadcrumbList\",\"@id\":\"https:\\\/\\\/zsps.poznan.pl\\\/index.php\\\/dni-promocji-zdrowia\\\/#breadcrumb\",\"itemListElement\":[{\"@type\":\"ListItem\",\"position\":1,\"name\":\"Strona g\u0142\u00f3wna\",\"item\":\"https:\\\/\\\/zsps.poznan.pl\\\/\"},{\"@type\":\"ListItem\",\"position\":2,\"name\":\"Dni Promocji Zdrowia\"}]},{\"@type\":\"WebSite\",\"@id\":\"https:\\\/\\\/zsps.poznan.pl\\\/#website\",\"url\":\"https:\\\/\\\/zsps.poznan.pl\\\/\",\"name\":\"ZESP\u00d3\u0141 SZK\u00d3\u0141 PRZEMYS\u0141U SPO\u017bYWCZEGO\",\"description\":\"im. J. J. \u015aniadeckich w Poznaniu\",\"publisher\":{\"@id\":\"https:\\\/\\\/zsps.poznan.pl\\\/#organization\"},\"potentialAction\":[{\"@type\":\"SearchAction\",\"target\":{\"@type\":\"EntryPoint\",\"urlTemplate\":\"https:\\\/\\\/zsps.poznan.pl\\\/?s={search_term_string}\"},\"query-input\":{\"@type\":\"PropertyValueSpecification\",\"valueRequired\":true,\"valueName\":\"search_term_string\"}}],\"inLanguage\":\"pl-PL\"},{\"@type\":\"Organization\",\"@id\":\"https:\\\/\\\/zsps.poznan.pl\\\/#organization\",\"name\":\"Zesp\u00f3\u0142 Szk\u00f3\u0142 Przemys\u0142u Spo\u017cywczego\",\"url\":\"https:\\\/\\\/zsps.poznan.pl\\\/\",\"logo\":{\"@type\":\"ImageObject\",\"inLanguage\":\"pl-PL\",\"@id\":\"https:\\\/\\\/zsps.poznan.pl\\\/#\\\/schema\\\/logo\\\/image\\\/\",\"url\":\"\",\"contentUrl\":\"\",\"caption\":\"Zesp\u00f3\u0142 Szk\u00f3\u0142 Przemys\u0142u Spo\u017cywczego\"},\"image\":{\"@id\":\"https:\\\/\\\/zsps.poznan.pl\\\/#\\\/schema\\\/logo\\\/image\\\/\"},\"sameAs\":[\"https:\\\/\\\/www.facebook.com\\\/zsps.poznan\"]}]}<\/script>\n<!-- \/ Yoast SEO plugin. -->","yoast_head_json":{"title":"Dni Promocji Zdrowia - ZESP\u00d3\u0141 SZK\u00d3\u0141 PRZEMYS\u0141U SPO\u017bYWCZEGO","robots":{"index":"index","follow":"follow","max-snippet":"max-snippet:-1","max-image-preview":"max-image-preview:large","max-video-preview":"max-video-preview:-1"},"canonical":"https:\/\/zsps.poznan.pl\/index.php\/dni-promocji-zdrowia\/","og_locale":"pl_PL","og_type":"article","og_title":"Dni Promocji Zdrowia - ZESP\u00d3\u0141 SZK\u00d3\u0141 PRZEMYS\u0141U SPO\u017bYWCZEGO","og_description":"W ostatnim tygodniu listopada w naszej szkole odby\u0142a si\u0119 2 edycja Tygodnia Promocji Zdrowia &#8211; czyli pogadanki, dzia\u0142ania i warsztaty o profilaktyce chor\u00f3b. Z tej okazji go\u015bcili\u015bmy w szkole Panie z Powiatowej Stacji Sanitarno-Epidemiologicznej (profilaktyka HIV, HPV, kampania antynikotynowa) z","og_url":"https:\/\/zsps.poznan.pl\/index.php\/dni-promocji-zdrowia\/","og_site_name":"ZESP\u00d3\u0141 SZK\u00d3\u0141 PRZEMYS\u0141U SPO\u017bYWCZEGO","article_publisher":"https:\/\/www.facebook.com\/zsps.poznan","article_modified_time":"2026-01-19T09:54:10+00:00","og_image":[{"url":"https:\/\/static.xx.fbcdn.net\/images\/emoji.php\/v9\/t4c\/1\/16\/1f642.png","type":"","width":"","height":""}],"twitter_card":"summary_large_image","twitter_misc":{"Szacowany czas czytania":"2 minuty"},"schema":{"@context":"https:\/\/schema.org","@graph":[{"@type":"WebPage","@id":"https:\/\/zsps.poznan.pl\/index.php\/dni-promocji-zdrowia\/","url":"https:\/\/zsps.poznan.pl\/index.php\/dni-promocji-zdrowia\/","name":"Dni Promocji Zdrowia - ZESP\u00d3\u0141 SZK\u00d3\u0141 PRZEMYS\u0141U SPO\u017bYWCZEGO","isPartOf":{"@id":"https:\/\/zsps.poznan.pl\/#website"},"primaryImageOfPage":{"@id":"https:\/\/zsps.poznan.pl\/index.php\/dni-promocji-zdrowia\/#primaryimage"},"image":{"@id":"https:\/\/zsps.poznan.pl\/index.php\/dni-promocji-zdrowia\/#primaryimage"},"thumbnailUrl":"https:\/\/static.xx.fbcdn.net\/images\/emoji.php\/v9\/t4c\/1\/16\/1f642.png","datePublished":"2026-01-19T09:46:04+00:00","dateModified":"2026-01-19T09:54:10+00:00","breadcrumb":{"@id":"https:\/\/zsps.poznan.pl\/index.php\/dni-promocji-zdrowia\/#breadcrumb"},"inLanguage":"pl-PL","potentialAction":[{"@type":"ReadAction","target":["https:\/\/zsps.poznan.pl\/index.php\/dni-promocji-zdrowia\/"]}]},{"@type":"ImageObject","inLanguage":"pl-PL","@id":"https:\/\/zsps.poznan.pl\/index.php\/dni-promocji-zdrowia\/#primaryimage","url":"https:\/\/static.xx.fbcdn.net\/images\/emoji.php\/v9\/t4c\/1\/16\/1f642.png","contentUrl":"https:\/\/static.xx.fbcdn.net\/images\/emoji.php\/v9\/t4c\/1\/16\/1f642.png"},{"@type":"BreadcrumbList","@id":"https:\/\/zsps.poznan.pl\/index.php\/dni-promocji-zdrowia\/#breadcrumb","itemListElement":[{"@type":"ListItem","position":1,"name":"Strona g\u0142\u00f3wna","item":"https:\/\/zsps.poznan.pl\/"},{"@type":"ListItem","position":2,"name":"Dni Promocji Zdrowia"}]},{"@type":"WebSite","@id":"https:\/\/zsps.poznan.pl\/#website","url":"https:\/\/zsps.poznan.pl\/","name":"ZESP\u00d3\u0141 SZK\u00d3\u0141 PRZEMYS\u0141U SPO\u017bYWCZEGO","description":"im. J. J. \u015aniadeckich w Poznaniu","publisher":{"@id":"https:\/\/zsps.poznan.pl\/#organization"},"potentialAction":[{"@type":"SearchAction","target":{"@type":"EntryPoint","urlTemplate":"https:\/\/zsps.poznan.pl\/?s={search_term_string}"},"query-input":{"@type":"PropertyValueSpecification","valueRequired":true,"valueName":"search_term_string"}}],"inLanguage":"pl-PL"},{"@type":"Organization","@id":"https:\/\/zsps.poznan.pl\/#organization","name":"Zesp\u00f3\u0142 Szk\u00f3\u0142 Przemys\u0142u Spo\u017cywczego","url":"https:\/\/zsps.poznan.pl\/","logo":{"@type":"ImageObject","inLanguage":"pl-PL","@id":"https:\/\/zsps.poznan.pl\/#\/schema\/logo\/image\/","url":"","contentUrl":"","caption":"Zesp\u00f3\u0142 Szk\u00f3\u0142 Przemys\u0142u Spo\u017cywczego"},"image":{"@id":"https:\/\/zsps.poznan.pl\/#\/schema\/logo\/image\/"},"sameAs":["https:\/\/www.facebook.com\/zsps.poznan"]}]}},"_links":{"self":[{"href":"https:\/\/zsps.poznan.pl\/index.php\/wp-json\/wp\/v2\/pages\/16966","targetHints":{"allow":["GET"]}}],"collection":[{"href":"https:\/\/zsps.poznan.pl\/index.php\/wp-json\/wp\/v2\/pages"}],"about":[{"href":"https:\/\/zsps.poznan.pl\/index.php\/wp-json\/wp\/v2\/types\/page"}],"author":[{"embeddable":true,"href":"https:\/\/zsps.poznan.pl\/index.php\/wp-json\/wp\/v2\/users\/7"}],"replies":[{"embeddable":true,"href":"https:\/\/zsps.poznan.pl\/index.php\/wp-json\/wp\/v2\/comments?post=16966"}],"version-history":[{"count":12,"href":"https:\/\/zsps.poznan.pl\/index.php\/wp-json\/wp\/v2\/pages\/16966\/revisions"}],"predecessor-version":[{"id":16996,"href":"https:\/\/zsps.poznan.pl\/index.php\/wp-json\/wp\/v2\/pages\/16966\/revisions\/16996"}],"wp:attachment":[{"href":"https:\/\/zsps.poznan.pl\/index.php\/wp-json\/wp\/v2\/media?parent=16966"}],"curies":[{"name":"wp","href":"https:\/\/api.w.org\/{rel}","templated":true}]}}