{"id":4438,"date":"2023-08-11T12:00:20","date_gmt":"2023-08-11T10:00:20","guid":{"rendered":"https:\/\/zsps.poznan.pl\/?page_id=4438"},"modified":"2026-02-10T12:49:57","modified_gmt":"2026-02-10T11:49:57","slug":"wyniki-rekrutacji-na-rok-szkolny-2026-2027","status":"publish","type":"page","link":"https:\/\/zsps.poznan.pl\/index.php\/wyniki-rekrutacji-na-rok-szkolny-2026-2027\/","title":{"rendered":"Wyniki rekrutacji na rok szkolny 2026\/2027"},"content":{"rendered":"\t\t<div data-elementor-type=\"wp-page\" data-elementor-id=\"4438\" class=\"elementor elementor-4438\">\n\t\t\t\t\t\t<section class=\"elementor-section elementor-top-section elementor-element elementor-element-a572f82 elementor-section-boxed elementor-section-height-default elementor-section-height-default\" data-id=\"a572f82\" data-element_type=\"section\" data-e-type=\"section\">\n\t\t\t\t\t\t<div class=\"elementor-container elementor-column-gap-default\">\n\t\t\t\t\t<div class=\"elementor-column elementor-col-100 elementor-top-column elementor-element elementor-element-d71b8a5\" data-id=\"d71b8a5\" data-element_type=\"column\" data-e-type=\"column\">\n\t\t\t<div class=\"elementor-widget-wrap elementor-element-populated\">\n\t\t\t\t\t\t<div class=\"elementor-element elementor-element-ce38cf7 elementor-widget elementor-widget-text-editor\" data-id=\"ce38cf7\" data-element_type=\"widget\" data-e-type=\"widget\" data-widget_type=\"text-editor.default\">\n\t\t\t\t<div class=\"elementor-widget-container\">\n\t\t\t\t\t\t\t\t\t<p>Lista os\u00f3b zakwalifikowanych do\u00a0 Technikum Przemys\u0142u Spo\u017cywczego.<\/p><p>Lista os\u00f3b niezakwalifikowanych do\u00a0 Technikum Przemys\u0142u Spo\u017cywczego.<\/p><p>Lista os\u00f3b zakwalifikowanych do Bran\u017cowej Szko\u0142y I Stopnia nr 8.<\/p><p>Lista os\u00f3b niezakwalifikowanych do Bran\u017cowej Szko\u0142y I Stopnia nr 8.<\/p>\t\t\t\t\t\t\t\t<\/div>\n\t\t\t\t<\/div>\n\t\t\t\t\t<\/div>\n\t\t<\/div>\n\t\t\t\t\t<\/div>\n\t\t<\/section>\n\t\t\t\t<section class=\"elementor-section elementor-top-section elementor-element elementor-element-7f40036 elementor-section-boxed elementor-section-height-default elementor-section-height-default\" data-id=\"7f40036\" data-element_type=\"section\" data-e-type=\"section\">\n\t\t\t\t\t\t<div class=\"elementor-container elementor-column-gap-default\">\n\t\t\t\t\t<div class=\"elementor-column elementor-col-100 elementor-top-column elementor-element elementor-element-0fa1e5e\" data-id=\"0fa1e5e\" data-element_type=\"column\" data-e-type=\"column\">\n\t\t\t<div class=\"elementor-widget-wrap elementor-element-populated\">\n\t\t\t\t\t\t<div class=\"elementor-element elementor-element-042b1ee elementor-widget elementor-widget-text-editor\" data-id=\"042b1ee\" data-element_type=\"widget\" data-e-type=\"widget\" data-widget_type=\"text-editor.default\">\n\t\t\t\t<div class=\"elementor-widget-container\">\n\t\t\t\t\t\t\t\t\t<p><strong>Wyniki rekrutacji uzupe\u0142niaj\u0105cej<\/strong>.<\/p><p>Lista os\u00f3b przyj\u0119tych do TPS\u00a0<\/p><p>Lista os\u00f3b nieprzyj\u0119tych do TPS<\/p><p>Lista os\u00f3b przyj\u0119tych do BSIS<\/p><p>Lista os\u00f3b nieprzyj\u0119tych do BSIS<\/p>\t\t\t\t\t\t\t\t<\/div>\n\t\t\t\t<\/div>\n\t\t\t\t\t<\/div>\n\t\t<\/div>\n\t\t\t\t\t<\/div>\n\t\t<\/section>\n\t\t\t\t<\/div>\n\t\t","protected":false},"excerpt":{"rendered":"<p>Lista os\u00f3b zakwalifikowanych do\u00a0 Technikum Przemys\u0142u Spo\u017cywczego. Lista os\u00f3b niezakwalifikowanych do\u00a0 Technikum Przemys\u0142u Spo\u017cywczego. Lista os\u00f3b zakwalifikowanych do Bran\u017cowej Szko\u0142y I Stopnia nr 8. Lista os\u00f3b niezakwalifikowanych do Bran\u017cowej Szko\u0142y I Stopnia nr 8. Wyniki rekrutacji uzupe\u0142niaj\u0105cej. Lista os\u00f3b przyj\u0119tych<\/p>\n","protected":false},"author":9,"featured_media":0,"parent":0,"menu_order":0,"comment_status":"closed","ping_status":"closed","template":"","meta":{"footnotes":""},"class_list":["post-4438","page","type-page","status-publish","hentry"],"yoast_head":"<!-- This site is optimized with the Yoast SEO plugin v27.3 - https:\/\/yoast.com\/product\/yoast-seo-wordpress\/ -->\n<title>Wyniki rekrutacji na rok szkolny 2026\/2027 - ZESP\u00d3\u0141 SZK\u00d3\u0141 PRZEMYS\u0141U SPO\u017bYWCZEGO<\/title>\n<meta name=\"robots\" content=\"index, follow, max-snippet:-1, max-image-preview:large, max-video-preview:-1\" \/>\n<link rel=\"canonical\" href=\"https:\/\/zsps.poznan.pl\/index.php\/wyniki-rekrutacji-na-rok-szkolny-2026-2027\/\" \/>\n<meta property=\"og:locale\" content=\"pl_PL\" \/>\n<meta property=\"og:type\" content=\"article\" \/>\n<meta property=\"og:title\" content=\"Wyniki rekrutacji na rok szkolny 2026\/2027 - ZESP\u00d3\u0141 SZK\u00d3\u0141 PRZEMYS\u0141U SPO\u017bYWCZEGO\" \/>\n<meta property=\"og:description\" content=\"Lista os\u00f3b zakwalifikowanych do\u00a0 Technikum Przemys\u0142u Spo\u017cywczego. Lista os\u00f3b niezakwalifikowanych do\u00a0 Technikum Przemys\u0142u Spo\u017cywczego. Lista os\u00f3b zakwalifikowanych do Bran\u017cowej Szko\u0142y I Stopnia nr 8. Lista os\u00f3b niezakwalifikowanych do Bran\u017cowej Szko\u0142y I Stopnia nr 8. Wyniki rekrutacji uzupe\u0142niaj\u0105cej. Lista os\u00f3b przyj\u0119tych\" \/>\n<meta property=\"og:url\" content=\"https:\/\/zsps.poznan.pl\/index.php\/wyniki-rekrutacji-na-rok-szkolny-2026-2027\/\" \/>\n<meta property=\"og:site_name\" content=\"ZESP\u00d3\u0141 SZK\u00d3\u0141 PRZEMYS\u0141U SPO\u017bYWCZEGO\" \/>\n<meta property=\"article:publisher\" content=\"https:\/\/www.facebook.com\/zsps.poznan\" \/>\n<meta property=\"article:modified_time\" content=\"2026-02-10T11:49:57+00:00\" \/>\n<meta name=\"twitter:card\" content=\"summary_large_image\" \/>\n<meta name=\"twitter:label1\" content=\"Szacowany czas czytania\" \/>\n\t<meta name=\"twitter:data1\" content=\"1 minuta\" \/>\n<script type=\"application\/ld+json\" class=\"yoast-schema-graph\">{\"@context\":\"https:\\\/\\\/schema.org\",\"@graph\":[{\"@type\":\"WebPage\",\"@id\":\"https:\\\/\\\/zsps.poznan.pl\\\/index.php\\\/wyniki-rekrutacji-na-rok-szkolny-2026-2027\\\/\",\"url\":\"https:\\\/\\\/zsps.poznan.pl\\\/index.php\\\/wyniki-rekrutacji-na-rok-szkolny-2026-2027\\\/\",\"name\":\"Wyniki rekrutacji na rok szkolny 2026\\\/2027 - ZESP\u00d3\u0141 SZK\u00d3\u0141 PRZEMYS\u0141U SPO\u017bYWCZEGO\",\"isPartOf\":{\"@id\":\"https:\\\/\\\/zsps.poznan.pl\\\/#website\"},\"datePublished\":\"2023-08-11T10:00:20+00:00\",\"dateModified\":\"2026-02-10T11:49:57+00:00\",\"breadcrumb\":{\"@id\":\"https:\\\/\\\/zsps.poznan.pl\\\/index.php\\\/wyniki-rekrutacji-na-rok-szkolny-2026-2027\\\/#breadcrumb\"},\"inLanguage\":\"pl-PL\",\"potentialAction\":[{\"@type\":\"ReadAction\",\"target\":[\"https:\\\/\\\/zsps.poznan.pl\\\/index.php\\\/wyniki-rekrutacji-na-rok-szkolny-2026-2027\\\/\"]}]},{\"@type\":\"BreadcrumbList\",\"@id\":\"https:\\\/\\\/zsps.poznan.pl\\\/index.php\\\/wyniki-rekrutacji-na-rok-szkolny-2026-2027\\\/#breadcrumb\",\"itemListElement\":[{\"@type\":\"ListItem\",\"position\":1,\"name\":\"Strona g\u0142\u00f3wna\",\"item\":\"https:\\\/\\\/zsps.poznan.pl\\\/\"},{\"@type\":\"ListItem\",\"position\":2,\"name\":\"Wyniki rekrutacji na rok szkolny 2026\\\/2027\"}]},{\"@type\":\"WebSite\",\"@id\":\"https:\\\/\\\/zsps.poznan.pl\\\/#website\",\"url\":\"https:\\\/\\\/zsps.poznan.pl\\\/\",\"name\":\"ZESP\u00d3\u0141 SZK\u00d3\u0141 PRZEMYS\u0141U SPO\u017bYWCZEGO\",\"description\":\"im. J. J. \u015aniadeckich w Poznaniu\",\"publisher\":{\"@id\":\"https:\\\/\\\/zsps.poznan.pl\\\/#organization\"},\"potentialAction\":[{\"@type\":\"SearchAction\",\"target\":{\"@type\":\"EntryPoint\",\"urlTemplate\":\"https:\\\/\\\/zsps.poznan.pl\\\/?s={search_term_string}\"},\"query-input\":{\"@type\":\"PropertyValueSpecification\",\"valueRequired\":true,\"valueName\":\"search_term_string\"}}],\"inLanguage\":\"pl-PL\"},{\"@type\":\"Organization\",\"@id\":\"https:\\\/\\\/zsps.poznan.pl\\\/#organization\",\"name\":\"Zesp\u00f3\u0142 Szk\u00f3\u0142 Przemys\u0142u Spo\u017cywczego\",\"url\":\"https:\\\/\\\/zsps.poznan.pl\\\/\",\"logo\":{\"@type\":\"ImageObject\",\"inLanguage\":\"pl-PL\",\"@id\":\"https:\\\/\\\/zsps.poznan.pl\\\/#\\\/schema\\\/logo\\\/image\\\/\",\"url\":\"\",\"contentUrl\":\"\",\"caption\":\"Zesp\u00f3\u0142 Szk\u00f3\u0142 Przemys\u0142u Spo\u017cywczego\"},\"image\":{\"@id\":\"https:\\\/\\\/zsps.poznan.pl\\\/#\\\/schema\\\/logo\\\/image\\\/\"},\"sameAs\":[\"https:\\\/\\\/www.facebook.com\\\/zsps.poznan\"]}]}<\/script>\n<!-- \/ Yoast SEO plugin. -->","yoast_head_json":{"title":"Wyniki rekrutacji na rok szkolny 2026\/2027 - ZESP\u00d3\u0141 SZK\u00d3\u0141 PRZEMYS\u0141U SPO\u017bYWCZEGO","robots":{"index":"index","follow":"follow","max-snippet":"max-snippet:-1","max-image-preview":"max-image-preview:large","max-video-preview":"max-video-preview:-1"},"canonical":"https:\/\/zsps.poznan.pl\/index.php\/wyniki-rekrutacji-na-rok-szkolny-2026-2027\/","og_locale":"pl_PL","og_type":"article","og_title":"Wyniki rekrutacji na rok szkolny 2026\/2027 - ZESP\u00d3\u0141 SZK\u00d3\u0141 PRZEMYS\u0141U SPO\u017bYWCZEGO","og_description":"Lista os\u00f3b zakwalifikowanych do\u00a0 Technikum Przemys\u0142u Spo\u017cywczego. Lista os\u00f3b niezakwalifikowanych do\u00a0 Technikum Przemys\u0142u Spo\u017cywczego. Lista os\u00f3b zakwalifikowanych do Bran\u017cowej Szko\u0142y I Stopnia nr 8. Lista os\u00f3b niezakwalifikowanych do Bran\u017cowej Szko\u0142y I Stopnia nr 8. Wyniki rekrutacji uzupe\u0142niaj\u0105cej. Lista os\u00f3b przyj\u0119tych","og_url":"https:\/\/zsps.poznan.pl\/index.php\/wyniki-rekrutacji-na-rok-szkolny-2026-2027\/","og_site_name":"ZESP\u00d3\u0141 SZK\u00d3\u0141 PRZEMYS\u0141U SPO\u017bYWCZEGO","article_publisher":"https:\/\/www.facebook.com\/zsps.poznan","article_modified_time":"2026-02-10T11:49:57+00:00","twitter_card":"summary_large_image","twitter_misc":{"Szacowany czas czytania":"1 minuta"},"schema":{"@context":"https:\/\/schema.org","@graph":[{"@type":"WebPage","@id":"https:\/\/zsps.poznan.pl\/index.php\/wyniki-rekrutacji-na-rok-szkolny-2026-2027\/","url":"https:\/\/zsps.poznan.pl\/index.php\/wyniki-rekrutacji-na-rok-szkolny-2026-2027\/","name":"Wyniki rekrutacji na rok szkolny 2026\/2027 - ZESP\u00d3\u0141 SZK\u00d3\u0141 PRZEMYS\u0141U SPO\u017bYWCZEGO","isPartOf":{"@id":"https:\/\/zsps.poznan.pl\/#website"},"datePublished":"2023-08-11T10:00:20+00:00","dateModified":"2026-02-10T11:49:57+00:00","breadcrumb":{"@id":"https:\/\/zsps.poznan.pl\/index.php\/wyniki-rekrutacji-na-rok-szkolny-2026-2027\/#breadcrumb"},"inLanguage":"pl-PL","potentialAction":[{"@type":"ReadAction","target":["https:\/\/zsps.poznan.pl\/index.php\/wyniki-rekrutacji-na-rok-szkolny-2026-2027\/"]}]},{"@type":"BreadcrumbList","@id":"https:\/\/zsps.poznan.pl\/index.php\/wyniki-rekrutacji-na-rok-szkolny-2026-2027\/#breadcrumb","itemListElement":[{"@type":"ListItem","position":1,"name":"Strona g\u0142\u00f3wna","item":"https:\/\/zsps.poznan.pl\/"},{"@type":"ListItem","position":2,"name":"Wyniki rekrutacji na rok szkolny 2026\/2027"}]},{"@type":"WebSite","@id":"https:\/\/zsps.poznan.pl\/#website","url":"https:\/\/zsps.poznan.pl\/","name":"ZESP\u00d3\u0141 SZK\u00d3\u0141 PRZEMYS\u0141U SPO\u017bYWCZEGO","description":"im. J. J. \u015aniadeckich w Poznaniu","publisher":{"@id":"https:\/\/zsps.poznan.pl\/#organization"},"potentialAction":[{"@type":"SearchAction","target":{"@type":"EntryPoint","urlTemplate":"https:\/\/zsps.poznan.pl\/?s={search_term_string}"},"query-input":{"@type":"PropertyValueSpecification","valueRequired":true,"valueName":"search_term_string"}}],"inLanguage":"pl-PL"},{"@type":"Organization","@id":"https:\/\/zsps.poznan.pl\/#organization","name":"Zesp\u00f3\u0142 Szk\u00f3\u0142 Przemys\u0142u Spo\u017cywczego","url":"https:\/\/zsps.poznan.pl\/","logo":{"@type":"ImageObject","inLanguage":"pl-PL","@id":"https:\/\/zsps.poznan.pl\/#\/schema\/logo\/image\/","url":"","contentUrl":"","caption":"Zesp\u00f3\u0142 Szk\u00f3\u0142 Przemys\u0142u Spo\u017cywczego"},"image":{"@id":"https:\/\/zsps.poznan.pl\/#\/schema\/logo\/image\/"},"sameAs":["https:\/\/www.facebook.com\/zsps.poznan"]}]}},"_links":{"self":[{"href":"https:\/\/zsps.poznan.pl\/index.php\/wp-json\/wp\/v2\/pages\/4438","targetHints":{"allow":["GET"]}}],"collection":[{"href":"https:\/\/zsps.poznan.pl\/index.php\/wp-json\/wp\/v2\/pages"}],"about":[{"href":"https:\/\/zsps.poznan.pl\/index.php\/wp-json\/wp\/v2\/types\/page"}],"author":[{"embeddable":true,"href":"https:\/\/zsps.poznan.pl\/index.php\/wp-json\/wp\/v2\/users\/9"}],"replies":[{"embeddable":true,"href":"https:\/\/zsps.poznan.pl\/index.php\/wp-json\/wp\/v2\/comments?post=4438"}],"version-history":[{"count":51,"href":"https:\/\/zsps.poznan.pl\/index.php\/wp-json\/wp\/v2\/pages\/4438\/revisions"}],"predecessor-version":[{"id":17124,"href":"https:\/\/zsps.poznan.pl\/index.php\/wp-json\/wp\/v2\/pages\/4438\/revisions\/17124"}],"wp:attachment":[{"href":"https:\/\/zsps.poznan.pl\/index.php\/wp-json\/wp\/v2\/media?parent=4438"}],"curies":[{"name":"wp","href":"https:\/\/api.w.org\/{rel}","templated":true}]}}