{"id":56,"date":"2020-03-18T22:02:40","date_gmt":"2020-03-18T21:02:40","guid":{"rendered":"https:\/\/zsps.poznan.pl\/wp\/?page_id=56"},"modified":"2020-06-15T22:24:29","modified_gmt":"2020-06-15T20:24:29","slug":"kierunki-ksztalcenia","status":"publish","type":"page","link":"https:\/\/zsps.poznan.pl\/index.php\/kierunki-ksztalcenia\/","title":{"rendered":"Kierunki kszta\u0142cenia"},"content":{"rendered":"\t\t<div data-elementor-type=\"wp-page\" data-elementor-id=\"56\" class=\"elementor elementor-56\">\n\t\t\t\t\t\t<section class=\"elementor-section elementor-top-section elementor-element elementor-element-7f0921a elementor-section-full_width elementor-section-height-default elementor-section-height-default\" data-id=\"7f0921a\" data-element_type=\"section\" data-e-type=\"section\">\n\t\t\t\t\t\t<div class=\"elementor-container elementor-column-gap-wide\">\n\t\t\t\t\t<div class=\"elementor-column elementor-col-50 elementor-top-column elementor-element elementor-element-22ab537b\" data-id=\"22ab537b\" data-element_type=\"column\" data-e-type=\"column\">\n\t\t\t<div class=\"elementor-widget-wrap elementor-element-populated\">\n\t\t\t\t\t\t<div class=\"elementor-element elementor-element-3b3b767 elementor-widget elementor-widget-html\" data-id=\"3b3b767\" data-element_type=\"widget\" data-e-type=\"widget\" data-widget_type=\"html.default\">\n\t\t\t\t<div class=\"elementor-widget-container\">\n\t\t\t\t\t<table>\r\n    <tr>\r\n        <td class=\"content\">\r\n            <p class=\"head center\">\r\n                Technikum Przemys\u0142u Spo\u017cywczego\r\n            <\/p>\r\n            <p class=\"info-thin center\">\r\n                czas nauki: 5 lat\r\n            <\/p>\r\n            <table style=\"margin:0px\"><tr><td class=\"content subhead\" style=\"padding:0px;\" width=90%>\r\n                Technik hotelarstwa\r\n            <td class=\"subhead\">\r\n            <button class=\"button\" style=\"margin:0px\" onclick=\"window.open('\/index.php\/technik-hotelarstwa\/', '_blank'); return false;\">Wi\u0119cej&nbsp;informacji\r\n            <\/button>\r\n            <\/td>\r\n            <\/tr><\/table>\r\n            <p class=\"subinfo\">\r\n                przedmioty rozszerzone: j\u0119zyk obcy, geografia\r\n            <\/p>\r\n            <p class=\"info-thin\">\r\n                kwalifikacje:\r\n            <\/p>\r\n            <ul class=\"list\" style=\"text-align:left\">\r\n             \t<li>\r\n     \t     \t    HGT.03. Obs\u0142uga go\u015bci&nbsp;w&nbsp;obiekcie \u015bwiadcz\u0105cym us\u0142ugi&nbsp;hotelarskie\r\n                <\/li>\r\n                <li>\r\n                    HGT.06. Realizacja us\u0142ug w&nbsp;recepcji\r\n             \t<\/li>\r\n            <\/ul><br>\r\n            <table style=\"margin:0px\"><tr><td class=\"content subhead\" style=\"padding:0px;\" width=90%>\r\n                Technik przetw\u00f3rstwa mleczarskiego\r\n            <td class=\"subhead\">\r\n            <button class=\"button\" style=\"margin:0px\" onclick=\"window.open('\/index.php\/technik-przetworstwa-mleczarskiego\/', '_blank'); return false;\">Wi\u0119cej&nbsp;informacji\r\n            <\/button>\r\n            <\/td>\r\n            <\/tr><\/table>\r\n            <p class=\"subinfo\">\r\n                przedmioty rozszerzone:\r\n            <\/p>\r\n            <p class=\"info-thin\">\r\n                kwalifikacje:\r\n            <\/p>\r\n            <ul class=\"list\" style=\"text-align:left\">\r\n             \t<li>\r\n                    SPC.02. Produkcja wyrob\u00f3w&nbsp;spo\u017cywczych z&nbsp;wykorzystaniem maszyn i&nbsp;urz\u0105dze\u0144\r\n                <\/li>\r\n                <li>\r\n                    SPC.06. Organizacja i&nbsp;nadzorowanie produkcji&nbsp;wyrob\u00f3w&nbsp;mleczarskich\r\n             \t<\/li>\r\n            <\/ul><br>\r\n            <table style=\"margin:0px\"><tr><td class=\"content subhead\" style=\"padding:0px;text-align:left;\" width=90%>\r\n                Technik technologii&nbsp;\u017cywno\u015bci\r\n            <p class=\"subinfo\">\r\n                klasa patronacka Uniwersytetu Przyrodniczego\r\n            <\/p>\r\n            <td class=\"subhead\">\r\n            <button class=\"button\" style=\"margin:0px\" onclick=\"window.open('\/index.php\/technik-technologii-zywnosci\/', '_blank'); return false;\">Wi\u0119cej&nbsp;informacji\r\n            <\/button>\r\n            <\/td>\r\n             <\/tr><\/table>\r\n            <p class=\"subinfo\">\r\n                przedmioty rozszerzone: j\u0119zyk obcy, chemia\r\n            <\/p>\r\n            <p class=\"info-thin\">\r\n                kwalifikacje:\r\n            <\/p>\r\n           <p class=\"subinfo-thin\">\r\n                jedna z&nbsp;wybranych kwalifikacji:\r\n            <\/p>           \r\n            <ul class=\"list\" style=\"text-align:left\">\r\n             \t<li>\r\n             \t    SPC.01. Produkcja wyrob\u00f3w&nbsp;cukierniczych\r\n                <\/li>\r\n                <li>\r\n                    SPC.02. Produkcja wyrob\u00f3w&nbsp;spo\u017cywczych z&nbsp;wykorzystaniem maszyn i&nbsp;urz\u0105dze\u0144\r\n                <\/li>\r\n                <li>\r\n                    SPC.03. Produkcja wyrob\u00f3w&nbsp;piekarskich\r\n                <\/li>\r\n                <li>\r\n                    SPC.04. Produkcja przetwor\u00f3w&nbsp;mi\u0119snych i&nbsp;t\u0142uszczowych\r\n                <\/li>\r\n            <\/ul>\r\n            oraz\r\n            <ul class=\"list\" style=\"text-align:left\">\r\n                <li>\r\n                    SPC.07. Organizacja i&nbsp;nadzorowanie produkcji&nbsp;wyrob\u00f3w&nbsp;spo\u017cywczych\r\n            <\/li>\r\n            <\/ul><br>\r\n            <table style=\"margin:0px\"><tr><td class=\"subhead\" style=\"padding:0px\" width=90%>\r\n            Technik \u017cywienia i&nbsp;us\u0142ug gastronomicznych\r\n             <p class=\"subinfo\">\r\n                klasa patronacka Uniwersytetu Ekonomicznego\r\n            <\/p>\r\n            <td class=\"subhead\">\r\n            <button class=\"button\" style=\"margin:0px\" onclick=\"window.open('\/index.php\/technik-zywienia-i-uslug-gastronomicznych\/', '_blank'); return false;\">Wi\u0119cej&nbsp;informacji\r\n            <\/button>\r\n            <\/td>\r\n             <\/tr><\/table>\r\n            <p class=\"subinfo\">\r\n                przedmioty rozszerzone: j\u0119zyk obcy, biologia\r\n            <\/p>\r\n           \r\n            <p class=\"info-thin\">\r\n                kwalifikacje:\r\n            <\/p>\r\n            <ul class=\"list\" style=\"text-align:left\">\r\n             \t<li>\r\n             \t    HGT.02. Przygotowanie i&nbsp;wydawanie da\u0144\r\n                <\/li>\r\n                <li>\r\n                    HGT.12. Organizacja \u017cywienia i&nbsp;us\u0142ug gastronomicznych\r\n                <\/li>\r\n            <\/ul>\r\n        <\/td>\r\n    <\/tr>\r\n<\/table>\t\t\t\t<\/div>\n\t\t\t\t<\/div>\n\t\t\t\t\t<\/div>\n\t\t<\/div>\n\t\t\t\t<div class=\"elementor-column elementor-col-50 elementor-top-column elementor-element elementor-element-1c2dc63\" data-id=\"1c2dc63\" data-element_type=\"column\" data-e-type=\"column\">\n\t\t\t<div class=\"elementor-widget-wrap elementor-element-populated\">\n\t\t\t\t\t\t<div class=\"elementor-element elementor-element-948c633 elementor-widget elementor-widget-html\" data-id=\"948c633\" data-element_type=\"widget\" data-e-type=\"widget\" data-widget_type=\"html.default\">\n\t\t\t\t<div class=\"elementor-widget-container\">\n\t\t\t\t\t<table>\r\n    <tr>\r\n        <td class=\"content\">\r\n            <p class=\"head center\">\r\n                Bran\u017cowa Szko\u0142a I stopnia nr 8\r\n            <\/p>\r\n            <p class=\"info-thin center \">\r\n                czas nauki: 3 lata\r\n            <\/p>\r\n            <p class=\"subinfo center\">\r\n                przedmioty rozszerzone: j\u0119zyk obcy, informatyka\r\n            <\/p>\r\n            <table style=\"margin:0px\">\r\n            <tr>\r\n            <td class=\"subhead\" style=\"padding:0px\" width=90%>\r\n                Cukiernik\r\n            <td class=\"subhead\">\r\n            <button class=\"button\" style=\"margin:0px\" onclick=\"window.open('\/index.php\/cukiernik\/', '_blank'); return false;\">Wi\u0119cej&nbsp;informacji\r\n            <\/button>\r\n            <\/td><\/tr><\/table>\r\n            <p class=\"info-thin\">\r\n                kwalifikacja:\r\n            <\/p>\r\n            <ul class=\"list\" style=\"text-align:left\">\r\n             \t<li>\r\n     \t     \t    SPC.01. Produkcja wyrob\u00f3w cukierniczych\r\n                <\/li>\r\n            <\/ul>\r\n            <table style=\"margin:0px\">\r\n            <tr><td class=\"subhead\" style=\"padding:0px\" width=90%>\r\n                Kucharz\r\n            <td class=\"subhead\">\r\n            <button class=\"button\" style=\"margin:0px\" onclick=\"window.open('\/index.php\/kucharz', '_blank'); return false;\">Wi\u0119cej&nbsp;informacji\r\n            <\/button>\r\n            <\/td><\/tr><\/table>\r\n            <p class=\"info-thin\">\r\n                kwalifikacja:\r\n            <\/p>\r\n            <ul class=\"list\" style=\"text-align:left\">\r\n             \t<li>\r\n             \t    HGT.02. Przygotowanie i wydawanie da\u0144\r\n                <\/li>\r\n            <\/ul>\r\n            <table style=\"margin:0px\"><tr><td class=\"subhead\" style=\"padding:0px\" width=90%>\r\n                Piekarz\r\n            <td class=\"subhead\">\r\n            <button class=\"button\" style=\"margin:0px\" onclick=\"window.open('\/index.php\/piekarz', '_blank'); return false;\">Wi\u0119cej&nbsp;informacji\r\n            <\/button>\r\n            <\/td><\/tr><\/table>\r\n            <p class=\"info-thin\">\r\n                kwalifikacja:\r\n            <\/p>\r\n            <ul class=\"list\" style=\"text-align:left\">\r\n             \t<li>\r\n             \t    SPC.03. Produkcja wyrob\u00f3w piekarskich\r\n                <\/li>\r\n            <\/ul>\r\n               <table style=\"margin:0px\"><tr><td class=\"subhead\" style=\"padding:0px\" width=90%>\r\n                Przetw\u00f3rca mi\u0119sa\r\n            <td class=\"subhead\">\r\n            <button class=\"button\" style=\"margin:0px\" onclick=\"window.open('\/index.php\/przetworca-miesa', '_blank'); return false;\">Wi\u0119cej&nbsp;informacji\r\n            <\/button>\r\n            <\/td<\/td><\/table>\r\n            <p class=\"info-thin\">\r\n                kwalifikacja:\r\n            <\/p>\r\n            <ul class=\"list\" style=\"text-align:left\">\r\n             \t<li>\r\n             \t    SPC.04. Produkcja przetwor\u00f3w mi\u0119snych i&nbsp;t\u0142uszczowych\r\n                <\/li>\r\n            <\/ul>\r\n        <\/td>\r\n    <\/tr>\r\n<\/table>\t\t\t\t<\/div>\n\t\t\t\t<\/div>\n\t\t\t\t\t<\/div>\n\t\t<\/div>\n\t\t\t\t\t<\/div>\n\t\t<\/section>\n\t\t\t\t<\/div>\n\t\t","protected":false},"excerpt":{"rendered":"<p>Technikum Przemys\u0142u Spo\u017cywczego czas nauki: 5 lat Technik hotelarstwa Wi\u0119cej&nbsp;informacji przedmioty rozszerzone: j\u0119zyk obcy, geografia kwalifikacje: HGT.03. Obs\u0142uga go\u015bci&nbsp;w&nbsp;obiekcie \u015bwiadcz\u0105cym us\u0142ugi&nbsp;hotelarskie HGT.06. Realizacja us\u0142ug w&nbsp;recepcji Technik przetw\u00f3rstwa mleczarskiego Wi\u0119cej&nbsp;informacji przedmioty rozszerzone: kwalifikacje: SPC.02. Produkcja wyrob\u00f3w&nbsp;spo\u017cywczych z&nbsp;wykorzystaniem maszyn i&nbsp;urz\u0105dze\u0144 SPC.06. Organizacja<\/p>\n","protected":false},"author":5,"featured_media":0,"parent":0,"menu_order":0,"comment_status":"closed","ping_status":"closed","template":"","meta":{"footnotes":""},"class_list":["post-56","page","type-page","status-publish","hentry"],"yoast_head":"<!-- This site is optimized with the Yoast SEO plugin v27.5 - https:\/\/yoast.com\/product\/yoast-seo-wordpress\/ -->\n<title>Kierunki kszta\u0142cenia - ZESP\u00d3\u0141 SZK\u00d3\u0141 PRZEMYS\u0141U SPO\u017bYWCZEGO<\/title>\n<meta name=\"description\" content=\"Technik hotelarstwa, technik technologii \u017cywno\u015bci, technik \u017cywienia i us\u0142ug gastronomicznych oraz cukiernik, kucharz, piekarz i przetw\u00f3rca Mi\u0119sa.\" \/>\n<meta name=\"robots\" content=\"index, follow, max-snippet:-1, max-image-preview:large, max-video-preview:-1\" \/>\n<link rel=\"canonical\" href=\"https:\/\/zsps.poznan.pl\/index.php\/kierunki-ksztalcenia\/\" \/>\n<meta property=\"og:locale\" content=\"pl_PL\" \/>\n<meta property=\"og:type\" content=\"article\" \/>\n<meta property=\"og:title\" content=\"Kierunki kszta\u0142cenia - ZESP\u00d3\u0141 SZK\u00d3\u0141 PRZEMYS\u0141U SPO\u017bYWCZEGO\" \/>\n<meta property=\"og:description\" content=\"Technik hotelarstwa, technik technologii \u017cywno\u015bci, technik \u017cywienia i us\u0142ug gastronomicznych oraz cukiernik, kucharz, piekarz i przetw\u00f3rca Mi\u0119sa.\" \/>\n<meta property=\"og:url\" content=\"https:\/\/zsps.poznan.pl\/index.php\/kierunki-ksztalcenia\/\" \/>\n<meta property=\"og:site_name\" content=\"ZESP\u00d3\u0141 SZK\u00d3\u0141 PRZEMYS\u0141U SPO\u017bYWCZEGO\" \/>\n<meta property=\"article:publisher\" content=\"https:\/\/www.facebook.com\/zsps.poznan\" \/>\n<meta property=\"article:modified_time\" content=\"2020-06-15T20:24:29+00:00\" \/>\n<meta name=\"twitter:card\" content=\"summary_large_image\" \/>\n<meta name=\"twitter:label1\" content=\"Szacowany czas czytania\" \/>\n\t<meta name=\"twitter:data1\" content=\"1 minuta\" \/>\n<script type=\"application\/ld+json\" class=\"yoast-schema-graph\">{\"@context\":\"https:\\\/\\\/schema.org\",\"@graph\":[{\"@type\":\"WebPage\",\"@id\":\"https:\\\/\\\/zsps.poznan.pl\\\/index.php\\\/kierunki-ksztalcenia\\\/\",\"url\":\"https:\\\/\\\/zsps.poznan.pl\\\/index.php\\\/kierunki-ksztalcenia\\\/\",\"name\":\"Kierunki kszta\u0142cenia - ZESP\u00d3\u0141 SZK\u00d3\u0141 PRZEMYS\u0141U SPO\u017bYWCZEGO\",\"isPartOf\":{\"@id\":\"https:\\\/\\\/zsps.poznan.pl\\\/#website\"},\"datePublished\":\"2020-03-18T21:02:40+00:00\",\"dateModified\":\"2020-06-15T20:24:29+00:00\",\"description\":\"Technik hotelarstwa, technik technologii \u017cywno\u015bci, technik \u017cywienia i us\u0142ug gastronomicznych oraz cukiernik, kucharz, piekarz i przetw\u00f3rca Mi\u0119sa.\",\"breadcrumb\":{\"@id\":\"https:\\\/\\\/zsps.poznan.pl\\\/index.php\\\/kierunki-ksztalcenia\\\/#breadcrumb\"},\"inLanguage\":\"pl-PL\",\"potentialAction\":[{\"@type\":\"ReadAction\",\"target\":[\"https:\\\/\\\/zsps.poznan.pl\\\/index.php\\\/kierunki-ksztalcenia\\\/\"]}]},{\"@type\":\"BreadcrumbList\",\"@id\":\"https:\\\/\\\/zsps.poznan.pl\\\/index.php\\\/kierunki-ksztalcenia\\\/#breadcrumb\",\"itemListElement\":[{\"@type\":\"ListItem\",\"position\":1,\"name\":\"Strona g\u0142\u00f3wna\",\"item\":\"https:\\\/\\\/zsps.poznan.pl\\\/\"},{\"@type\":\"ListItem\",\"position\":2,\"name\":\"Kierunki kszta\u0142cenia\"}]},{\"@type\":\"WebSite\",\"@id\":\"https:\\\/\\\/zsps.poznan.pl\\\/#website\",\"url\":\"https:\\\/\\\/zsps.poznan.pl\\\/\",\"name\":\"ZESP\u00d3\u0141 SZK\u00d3\u0141 PRZEMYS\u0141U SPO\u017bYWCZEGO\",\"description\":\"im. J. J. \u015aniadeckich w Poznaniu\",\"publisher\":{\"@id\":\"https:\\\/\\\/zsps.poznan.pl\\\/#organization\"},\"potentialAction\":[{\"@type\":\"SearchAction\",\"target\":{\"@type\":\"EntryPoint\",\"urlTemplate\":\"https:\\\/\\\/zsps.poznan.pl\\\/?s={search_term_string}\"},\"query-input\":{\"@type\":\"PropertyValueSpecification\",\"valueRequired\":true,\"valueName\":\"search_term_string\"}}],\"inLanguage\":\"pl-PL\"},{\"@type\":\"Organization\",\"@id\":\"https:\\\/\\\/zsps.poznan.pl\\\/#organization\",\"name\":\"Zesp\u00f3\u0142 Szk\u00f3\u0142 Przemys\u0142u Spo\u017cywczego\",\"url\":\"https:\\\/\\\/zsps.poznan.pl\\\/\",\"logo\":{\"@type\":\"ImageObject\",\"inLanguage\":\"pl-PL\",\"@id\":\"https:\\\/\\\/zsps.poznan.pl\\\/#\\\/schema\\\/logo\\\/image\\\/\",\"url\":\"\",\"contentUrl\":\"\",\"caption\":\"Zesp\u00f3\u0142 Szk\u00f3\u0142 Przemys\u0142u Spo\u017cywczego\"},\"image\":{\"@id\":\"https:\\\/\\\/zsps.poznan.pl\\\/#\\\/schema\\\/logo\\\/image\\\/\"},\"sameAs\":[\"https:\\\/\\\/www.facebook.com\\\/zsps.poznan\"]}]}<\/script>\n<!-- \/ Yoast SEO plugin. -->","yoast_head_json":{"title":"Kierunki kszta\u0142cenia - ZESP\u00d3\u0141 SZK\u00d3\u0141 PRZEMYS\u0141U SPO\u017bYWCZEGO","description":"Technik hotelarstwa, technik technologii \u017cywno\u015bci, technik \u017cywienia i us\u0142ug gastronomicznych oraz cukiernik, kucharz, piekarz i przetw\u00f3rca Mi\u0119sa.","robots":{"index":"index","follow":"follow","max-snippet":"max-snippet:-1","max-image-preview":"max-image-preview:large","max-video-preview":"max-video-preview:-1"},"canonical":"https:\/\/zsps.poznan.pl\/index.php\/kierunki-ksztalcenia\/","og_locale":"pl_PL","og_type":"article","og_title":"Kierunki kszta\u0142cenia - ZESP\u00d3\u0141 SZK\u00d3\u0141 PRZEMYS\u0141U SPO\u017bYWCZEGO","og_description":"Technik hotelarstwa, technik technologii \u017cywno\u015bci, technik \u017cywienia i us\u0142ug gastronomicznych oraz cukiernik, kucharz, piekarz i przetw\u00f3rca Mi\u0119sa.","og_url":"https:\/\/zsps.poznan.pl\/index.php\/kierunki-ksztalcenia\/","og_site_name":"ZESP\u00d3\u0141 SZK\u00d3\u0141 PRZEMYS\u0141U SPO\u017bYWCZEGO","article_publisher":"https:\/\/www.facebook.com\/zsps.poznan","article_modified_time":"2020-06-15T20:24:29+00:00","twitter_card":"summary_large_image","twitter_misc":{"Szacowany czas czytania":"1 minuta"},"schema":{"@context":"https:\/\/schema.org","@graph":[{"@type":"WebPage","@id":"https:\/\/zsps.poznan.pl\/index.php\/kierunki-ksztalcenia\/","url":"https:\/\/zsps.poznan.pl\/index.php\/kierunki-ksztalcenia\/","name":"Kierunki kszta\u0142cenia - ZESP\u00d3\u0141 SZK\u00d3\u0141 PRZEMYS\u0141U SPO\u017bYWCZEGO","isPartOf":{"@id":"https:\/\/zsps.poznan.pl\/#website"},"datePublished":"2020-03-18T21:02:40+00:00","dateModified":"2020-06-15T20:24:29+00:00","description":"Technik hotelarstwa, technik technologii \u017cywno\u015bci, technik \u017cywienia i us\u0142ug gastronomicznych oraz cukiernik, kucharz, piekarz i przetw\u00f3rca Mi\u0119sa.","breadcrumb":{"@id":"https:\/\/zsps.poznan.pl\/index.php\/kierunki-ksztalcenia\/#breadcrumb"},"inLanguage":"pl-PL","potentialAction":[{"@type":"ReadAction","target":["https:\/\/zsps.poznan.pl\/index.php\/kierunki-ksztalcenia\/"]}]},{"@type":"BreadcrumbList","@id":"https:\/\/zsps.poznan.pl\/index.php\/kierunki-ksztalcenia\/#breadcrumb","itemListElement":[{"@type":"ListItem","position":1,"name":"Strona g\u0142\u00f3wna","item":"https:\/\/zsps.poznan.pl\/"},{"@type":"ListItem","position":2,"name":"Kierunki kszta\u0142cenia"}]},{"@type":"WebSite","@id":"https:\/\/zsps.poznan.pl\/#website","url":"https:\/\/zsps.poznan.pl\/","name":"ZESP\u00d3\u0141 SZK\u00d3\u0141 PRZEMYS\u0141U SPO\u017bYWCZEGO","description":"im. J. J. \u015aniadeckich w Poznaniu","publisher":{"@id":"https:\/\/zsps.poznan.pl\/#organization"},"potentialAction":[{"@type":"SearchAction","target":{"@type":"EntryPoint","urlTemplate":"https:\/\/zsps.poznan.pl\/?s={search_term_string}"},"query-input":{"@type":"PropertyValueSpecification","valueRequired":true,"valueName":"search_term_string"}}],"inLanguage":"pl-PL"},{"@type":"Organization","@id":"https:\/\/zsps.poznan.pl\/#organization","name":"Zesp\u00f3\u0142 Szk\u00f3\u0142 Przemys\u0142u Spo\u017cywczego","url":"https:\/\/zsps.poznan.pl\/","logo":{"@type":"ImageObject","inLanguage":"pl-PL","@id":"https:\/\/zsps.poznan.pl\/#\/schema\/logo\/image\/","url":"","contentUrl":"","caption":"Zesp\u00f3\u0142 Szk\u00f3\u0142 Przemys\u0142u Spo\u017cywczego"},"image":{"@id":"https:\/\/zsps.poznan.pl\/#\/schema\/logo\/image\/"},"sameAs":["https:\/\/www.facebook.com\/zsps.poznan"]}]}},"_links":{"self":[{"href":"https:\/\/zsps.poznan.pl\/index.php\/wp-json\/wp\/v2\/pages\/56","targetHints":{"allow":["GET"]}}],"collection":[{"href":"https:\/\/zsps.poznan.pl\/index.php\/wp-json\/wp\/v2\/pages"}],"about":[{"href":"https:\/\/zsps.poznan.pl\/index.php\/wp-json\/wp\/v2\/types\/page"}],"author":[{"embeddable":true,"href":"https:\/\/zsps.poznan.pl\/index.php\/wp-json\/wp\/v2\/users\/5"}],"replies":[{"embeddable":true,"href":"https:\/\/zsps.poznan.pl\/index.php\/wp-json\/wp\/v2\/comments?post=56"}],"version-history":[{"count":78,"href":"https:\/\/zsps.poznan.pl\/index.php\/wp-json\/wp\/v2\/pages\/56\/revisions"}],"predecessor-version":[{"id":16055,"href":"https:\/\/zsps.poznan.pl\/index.php\/wp-json\/wp\/v2\/pages\/56\/revisions\/16055"}],"wp:attachment":[{"href":"https:\/\/zsps.poznan.pl\/index.php\/wp-json\/wp\/v2\/media?parent=56"}],"curies":[{"name":"wp","href":"https:\/\/api.w.org\/{rel}","templated":true}]}}