{"id":6936,"date":"2022-05-19T13:29:37","date_gmt":"2022-05-19T11:29:37","guid":{"rendered":"https:\/\/zsps.poznan.pl\/?page_id=6936"},"modified":"2023-05-16T11:52:27","modified_gmt":"2023-05-16T09:52:27","slug":"jemy-i-zyjemy-zdrowo-promocja-zawodow-zwiazanych-z-branza-spozywcza","status":"publish","type":"page","link":"https:\/\/zsps.poznan.pl\/index.php\/jemy-i-zyjemy-zdrowo-promocja-zawodow-zwiazanych-z-branza-spozywcza\/","title":{"rendered":"Jemy i \u017cyjemy zdrowo \u2013 promocja zawod\u00f3w  zwi\u0105zanych z bran\u017c\u0105 spo\u017cywcz\u0105"},"content":{"rendered":"\t\t<div data-elementor-type=\"wp-page\" data-elementor-id=\"6936\" class=\"elementor elementor-6936\">\n\t\t\t\t\t\t<section class=\"elementor-section elementor-top-section elementor-element elementor-element-3128046 elementor-section-boxed elementor-section-height-default elementor-section-height-default\" data-id=\"3128046\" data-element_type=\"section\" data-e-type=\"section\">\n\t\t\t\t\t\t<div class=\"elementor-container elementor-column-gap-default\">\n\t\t\t\t\t<div class=\"elementor-column elementor-col-50 elementor-top-column elementor-element elementor-element-6d68cb8\" data-id=\"6d68cb8\" data-element_type=\"column\" data-e-type=\"column\">\n\t\t\t<div class=\"elementor-widget-wrap elementor-element-populated\">\n\t\t\t\t\t\t<div class=\"elementor-element elementor-element-958bb55 elementor-widget elementor-widget-image\" data-id=\"958bb55\" data-element_type=\"widget\" data-e-type=\"widget\" data-widget_type=\"image.default\">\n\t\t\t\t<div class=\"elementor-widget-container\">\n\t\t\t\t\t\t\t\t\t\t\t\t\t\t\t\t<a href=\"https:\/\/www.zsps.poznan.pl\/wp-content\/uploads\/2022\/05\/1-Imformacja-na-strone-ZSPS-Poznan-1.jpg\" data-elementor-open-lightbox=\"yes\" data-e-action-hash=\"#elementor-action%3Aaction%3Dlightbox%26settings%3DeyJpZCI6NjkzNywidXJsIjoiaHR0cHM6XC9cL3pzcHMucG96bmFuLnBsXC93cC1jb250ZW50XC91cGxvYWRzXC8yMDIyXC8wNVwvMS1JbWZvcm1hY2phLW5hLXN0cm9uZS1aU1BTLVBvem5hbi0xLmpwZyJ9\">\n\t\t\t\t\t\t\t<img fetchpriority=\"high\" decoding=\"async\" width=\"707\" height=\"1000\" src=\"https:\/\/zsps.poznan.pl\/wp-content\/uploads\/2022\/05\/1-Imformacja-na-strone-ZSPS-Poznan-1.jpg\" class=\"attachment-large size-large wp-image-6937\" alt=\"\" srcset=\"https:\/\/zsps.poznan.pl\/wp-content\/uploads\/2022\/05\/1-Imformacja-na-strone-ZSPS-Poznan-1.jpg 707w, https:\/\/zsps.poznan.pl\/wp-content\/uploads\/2022\/05\/1-Imformacja-na-strone-ZSPS-Poznan-1-212x300.jpg 212w\" sizes=\"(max-width: 707px) 100vw, 707px\" \/>\t\t\t\t\t\t\t\t<\/a>\n\t\t\t\t\t\t\t\t\t\t\t\t\t\t\t<\/div>\n\t\t\t\t<\/div>\n\t\t\t\t\t<\/div>\n\t\t<\/div>\n\t\t\t\t<div class=\"elementor-column elementor-col-50 elementor-top-column elementor-element elementor-element-50d7f21\" data-id=\"50d7f21\" data-element_type=\"column\" data-e-type=\"column\">\n\t\t\t<div class=\"elementor-widget-wrap elementor-element-populated\">\n\t\t\t\t\t\t<div class=\"elementor-element elementor-element-61084c9 elementor-widget elementor-widget-image\" data-id=\"61084c9\" data-element_type=\"widget\" data-e-type=\"widget\" data-widget_type=\"image.default\">\n\t\t\t\t<div class=\"elementor-widget-container\">\n\t\t\t\t\t\t\t\t\t\t\t\t\t\t\t\t<a href=\"https:\/\/www.zsps.poznan.pl\/wp-content\/uploads\/2022\/05\/1-Tablica-informujaca-o-projekcie-1.jpg\" data-elementor-open-lightbox=\"yes\" data-e-action-hash=\"#elementor-action%3Aaction%3Dlightbox%26settings%3DeyJpZCI6NjkzOCwidXJsIjoiaHR0cHM6XC9cL3pzcHMucG96bmFuLnBsXC93cC1jb250ZW50XC91cGxvYWRzXC8yMDIyXC8wNVwvMS1UYWJsaWNhLWluZm9ybXVqYWNhLW8tcHJvamVrY2llLTEuanBnIn0%3D\">\n\t\t\t\t\t\t\t<img decoding=\"async\" width=\"720\" height=\"509\" src=\"https:\/\/zsps.poznan.pl\/wp-content\/uploads\/2022\/05\/1-Tablica-informujaca-o-projekcie-1-1024x724.jpg\" class=\"attachment-large size-large wp-image-6938\" alt=\"\" srcset=\"https:\/\/zsps.poznan.pl\/wp-content\/uploads\/2022\/05\/1-Tablica-informujaca-o-projekcie-1-1024x724.jpg 1024w, https:\/\/zsps.poznan.pl\/wp-content\/uploads\/2022\/05\/1-Tablica-informujaca-o-projekcie-1-300x212.jpg 300w, https:\/\/zsps.poznan.pl\/wp-content\/uploads\/2022\/05\/1-Tablica-informujaca-o-projekcie-1-768x543.jpg 768w, https:\/\/zsps.poznan.pl\/wp-content\/uploads\/2022\/05\/1-Tablica-informujaca-o-projekcie-1.jpg 1414w\" sizes=\"(max-width: 720px) 100vw, 720px\" \/>\t\t\t\t\t\t\t\t<\/a>\n\t\t\t\t\t\t\t\t\t\t\t\t\t\t\t<\/div>\n\t\t\t\t<\/div>\n\t\t\t\t\t<\/div>\n\t\t<\/div>\n\t\t\t\t\t<\/div>\n\t\t<\/section>\n\t\t\t\t<section class=\"elementor-section elementor-top-section elementor-element elementor-element-938990b elementor-section-boxed elementor-section-height-default elementor-section-height-default\" data-id=\"938990b\" data-element_type=\"section\" data-e-type=\"section\">\n\t\t\t\t\t\t<div class=\"elementor-container elementor-column-gap-default\">\n\t\t\t\t\t<div class=\"elementor-column elementor-col-100 elementor-top-column elementor-element elementor-element-2573069\" data-id=\"2573069\" data-element_type=\"column\" data-e-type=\"column\">\n\t\t\t<div class=\"elementor-widget-wrap elementor-element-populated\">\n\t\t\t\t\t\t<div class=\"elementor-element elementor-element-a00d002 elementor-widget elementor-widget-image\" data-id=\"a00d002\" data-element_type=\"widget\" data-e-type=\"widget\" data-widget_type=\"image.default\">\n\t\t\t\t<div class=\"elementor-widget-container\">\n\t\t\t\t\t\t\t\t\t\t\t\t\t\t\t<img decoding=\"async\" width=\"707\" height=\"1000\" src=\"https:\/\/zsps.poznan.pl\/wp-content\/uploads\/2023\/05\/WARSZTATY-pieczywo-maslane.png\" class=\"attachment-large size-large wp-image-9986\" alt=\"\" srcset=\"https:\/\/zsps.poznan.pl\/wp-content\/uploads\/2023\/05\/WARSZTATY-pieczywo-maslane.png 707w, https:\/\/zsps.poznan.pl\/wp-content\/uploads\/2023\/05\/WARSZTATY-pieczywo-maslane-212x300.png 212w\" sizes=\"(max-width: 707px) 100vw, 707px\" \/>\t\t\t\t\t\t\t\t\t\t\t\t\t\t\t<\/div>\n\t\t\t\t<\/div>\n\t\t\t\t\t<\/div>\n\t\t<\/div>\n\t\t\t\t\t<\/div>\n\t\t<\/section>\n\t\t\t\t<section class=\"elementor-section elementor-top-section elementor-element elementor-element-666d418 elementor-section-boxed elementor-section-height-default elementor-section-height-default\" data-id=\"666d418\" data-element_type=\"section\" data-e-type=\"section\">\n\t\t\t\t\t\t<div class=\"elementor-container elementor-column-gap-default\">\n\t\t\t\t\t<div class=\"elementor-column elementor-col-100 elementor-top-column elementor-element elementor-element-50ea1ac\" data-id=\"50ea1ac\" data-element_type=\"column\" data-e-type=\"column\">\n\t\t\t<div class=\"elementor-widget-wrap elementor-element-populated\">\n\t\t\t\t\t\t<div class=\"elementor-element elementor-element-06c0c66 elementor-button-success elementor-align-center elementor-widget elementor-widget-button\" data-id=\"06c0c66\" data-element_type=\"widget\" data-e-type=\"widget\" data-widget_type=\"button.default\">\n\t\t\t\t<div class=\"elementor-widget-container\">\n\t\t\t\t\t\t\t\t\t<div class=\"elementor-button-wrapper\">\n\t\t\t\t\t<a class=\"elementor-button elementor-button-link elementor-size-md\" href=\"https:\/\/www.zsps.poznan.pl\/wp-content\/uploads\/static\/docs\/Smaki-mlodziezy.pdf\" target=\"_blank\">\n\t\t\t\t\t\t<span class=\"elementor-button-content-wrapper\">\n\t\t\t\t\t\t<span class=\"elementor-button-icon\">\n\t\t\t\t<i aria-hidden=\"true\" class=\"fas fa-book-open\"><\/i>\t\t\t<\/span>\n\t\t\t\t\t\t\t\t\t<span class=\"elementor-button-text\">Smaki m\u0142odzie\u017cy - przepisy kulinarne<\/span>\n\t\t\t\t\t<\/span>\n\t\t\t\t\t<\/a>\n\t\t\t\t<\/div>\n\t\t\t\t\t\t\t\t<\/div>\n\t\t\t\t<\/div>\n\t\t\t\t\t<\/div>\n\t\t<\/div>\n\t\t\t\t\t<\/div>\n\t\t<\/section>\n\t\t\t\t<section class=\"elementor-section elementor-top-section elementor-element elementor-element-4d70931 elementor-section-boxed elementor-section-height-default elementor-section-height-default\" data-id=\"4d70931\" data-element_type=\"section\" data-e-type=\"section\">\n\t\t\t\t\t\t<div class=\"elementor-container elementor-column-gap-default\">\n\t\t\t\t\t<div class=\"elementor-column elementor-col-100 elementor-top-column elementor-element elementor-element-f171f19\" data-id=\"f171f19\" data-element_type=\"column\" data-e-type=\"column\">\n\t\t\t<div class=\"elementor-widget-wrap elementor-element-populated\">\n\t\t\t\t\t\t<div class=\"elementor-element elementor-element-49d667e elementor-invisible elementor-widget elementor-widget-heading\" data-id=\"49d667e\" data-element_type=\"widget\" data-e-type=\"widget\" data-settings=\"{&quot;_animation&quot;:&quot;fadeInDown&quot;}\" data-widget_type=\"heading.default\">\n\t\t\t\t<div class=\"elementor-widget-container\">\n\t\t\t\t\t<h4 class=\"elementor-heading-title elementor-size-default\"><a href=\"https:\/\/www.zsps.poznan.pl\/index.php\/festyn-w-zsps\/\" rel=\"nofollow\">Festyn i warsztaty pod has\u0142em  \"Warzywa na Warzywnej\" link do wydarzenia<\/a><\/h4>\t\t\t\t<\/div>\n\t\t\t\t<\/div>\n\t\t\t\t\t<\/div>\n\t\t<\/div>\n\t\t\t\t\t<\/div>\n\t\t<\/section>\n\t\t\t\t<\/div>\n\t\t","protected":false},"excerpt":{"rendered":"<p>Smaki m\u0142odzie\u017cy &#8211; przepisy kulinarne Festyn i warsztaty pod has\u0142em &#8222;Warzywa na Warzywnej&#8221; link do wydarzenia<\/p>\n","protected":false},"author":9,"featured_media":0,"parent":0,"menu_order":0,"comment_status":"closed","ping_status":"closed","template":"","meta":{"footnotes":""},"class_list":["post-6936","page","type-page","status-publish","hentry"],"yoast_head":"<!-- This site is optimized with the Yoast SEO plugin v27.6 - https:\/\/yoast.com\/product\/yoast-seo-wordpress\/ -->\n<title>Jemy i \u017cyjemy zdrowo \u2013 promocja zawod\u00f3w zwi\u0105zanych z bran\u017c\u0105 spo\u017cywcz\u0105 - ZESP\u00d3\u0141 SZK\u00d3\u0141 PRZEMYS\u0141U SPO\u017bYWCZEGO<\/title>\n<meta name=\"robots\" content=\"index, follow, max-snippet:-1, max-image-preview:large, max-video-preview:-1\" \/>\n<link rel=\"canonical\" href=\"https:\/\/zsps.poznan.pl\/index.php\/jemy-i-zyjemy-zdrowo-promocja-zawodow-zwiazanych-z-branza-spozywcza\/\" \/>\n<meta property=\"og:locale\" content=\"pl_PL\" \/>\n<meta property=\"og:type\" content=\"article\" \/>\n<meta property=\"og:title\" content=\"Jemy i \u017cyjemy zdrowo \u2013 promocja zawod\u00f3w zwi\u0105zanych z bran\u017c\u0105 spo\u017cywcz\u0105 - ZESP\u00d3\u0141 SZK\u00d3\u0141 PRZEMYS\u0141U SPO\u017bYWCZEGO\" \/>\n<meta property=\"og:description\" content=\"Smaki m\u0142odzie\u017cy &#8211; przepisy kulinarne Festyn i warsztaty pod has\u0142em &#8222;Warzywa na Warzywnej&#8221; link do wydarzenia\" \/>\n<meta property=\"og:url\" content=\"https:\/\/zsps.poznan.pl\/index.php\/jemy-i-zyjemy-zdrowo-promocja-zawodow-zwiazanych-z-branza-spozywcza\/\" \/>\n<meta property=\"og:site_name\" content=\"ZESP\u00d3\u0141 SZK\u00d3\u0141 PRZEMYS\u0141U SPO\u017bYWCZEGO\" \/>\n<meta property=\"article:publisher\" content=\"https:\/\/www.facebook.com\/zsps.poznan\" \/>\n<meta property=\"article:modified_time\" content=\"2023-05-16T09:52:27+00:00\" \/>\n<meta property=\"og:image\" content=\"https:\/\/zsps.poznan.pl\/wp-content\/uploads\/2022\/05\/1-Imformacja-na-strone-ZSPS-Poznan-1.jpg\" \/>\n<meta name=\"twitter:card\" content=\"summary_large_image\" \/>\n<script type=\"application\/ld+json\" class=\"yoast-schema-graph\">{\"@context\":\"https:\\\/\\\/schema.org\",\"@graph\":[{\"@type\":\"WebPage\",\"@id\":\"https:\\\/\\\/zsps.poznan.pl\\\/index.php\\\/jemy-i-zyjemy-zdrowo-promocja-zawodow-zwiazanych-z-branza-spozywcza\\\/\",\"url\":\"https:\\\/\\\/zsps.poznan.pl\\\/index.php\\\/jemy-i-zyjemy-zdrowo-promocja-zawodow-zwiazanych-z-branza-spozywcza\\\/\",\"name\":\"Jemy i \u017cyjemy zdrowo \u2013 promocja zawod\u00f3w zwi\u0105zanych z bran\u017c\u0105 spo\u017cywcz\u0105 - ZESP\u00d3\u0141 SZK\u00d3\u0141 PRZEMYS\u0141U SPO\u017bYWCZEGO\",\"isPartOf\":{\"@id\":\"https:\\\/\\\/zsps.poznan.pl\\\/#website\"},\"primaryImageOfPage\":{\"@id\":\"https:\\\/\\\/zsps.poznan.pl\\\/index.php\\\/jemy-i-zyjemy-zdrowo-promocja-zawodow-zwiazanych-z-branza-spozywcza\\\/#primaryimage\"},\"image\":{\"@id\":\"https:\\\/\\\/zsps.poznan.pl\\\/index.php\\\/jemy-i-zyjemy-zdrowo-promocja-zawodow-zwiazanych-z-branza-spozywcza\\\/#primaryimage\"},\"thumbnailUrl\":\"https:\\\/\\\/zsps.poznan.pl\\\/wp-content\\\/uploads\\\/2022\\\/05\\\/1-Imformacja-na-strone-ZSPS-Poznan-1.jpg\",\"datePublished\":\"2022-05-19T11:29:37+00:00\",\"dateModified\":\"2023-05-16T09:52:27+00:00\",\"breadcrumb\":{\"@id\":\"https:\\\/\\\/zsps.poznan.pl\\\/index.php\\\/jemy-i-zyjemy-zdrowo-promocja-zawodow-zwiazanych-z-branza-spozywcza\\\/#breadcrumb\"},\"inLanguage\":\"pl-PL\",\"potentialAction\":[{\"@type\":\"ReadAction\",\"target\":[\"https:\\\/\\\/zsps.poznan.pl\\\/index.php\\\/jemy-i-zyjemy-zdrowo-promocja-zawodow-zwiazanych-z-branza-spozywcza\\\/\"]}]},{\"@type\":\"ImageObject\",\"inLanguage\":\"pl-PL\",\"@id\":\"https:\\\/\\\/zsps.poznan.pl\\\/index.php\\\/jemy-i-zyjemy-zdrowo-promocja-zawodow-zwiazanych-z-branza-spozywcza\\\/#primaryimage\",\"url\":\"https:\\\/\\\/zsps.poznan.pl\\\/wp-content\\\/uploads\\\/2022\\\/05\\\/1-Imformacja-na-strone-ZSPS-Poznan-1.jpg\",\"contentUrl\":\"https:\\\/\\\/zsps.poznan.pl\\\/wp-content\\\/uploads\\\/2022\\\/05\\\/1-Imformacja-na-strone-ZSPS-Poznan-1.jpg\",\"width\":707,\"height\":1000},{\"@type\":\"BreadcrumbList\",\"@id\":\"https:\\\/\\\/zsps.poznan.pl\\\/index.php\\\/jemy-i-zyjemy-zdrowo-promocja-zawodow-zwiazanych-z-branza-spozywcza\\\/#breadcrumb\",\"itemListElement\":[{\"@type\":\"ListItem\",\"position\":1,\"name\":\"Strona g\u0142\u00f3wna\",\"item\":\"https:\\\/\\\/zsps.poznan.pl\\\/\"},{\"@type\":\"ListItem\",\"position\":2,\"name\":\"Jemy i \u017cyjemy zdrowo \u2013 promocja zawod\u00f3w zwi\u0105zanych z bran\u017c\u0105 spo\u017cywcz\u0105\"}]},{\"@type\":\"WebSite\",\"@id\":\"https:\\\/\\\/zsps.poznan.pl\\\/#website\",\"url\":\"https:\\\/\\\/zsps.poznan.pl\\\/\",\"name\":\"ZESP\u00d3\u0141 SZK\u00d3\u0141 PRZEMYS\u0141U SPO\u017bYWCZEGO\",\"description\":\"im. J. J. \u015aniadeckich w Poznaniu\",\"publisher\":{\"@id\":\"https:\\\/\\\/zsps.poznan.pl\\\/#organization\"},\"potentialAction\":[{\"@type\":\"SearchAction\",\"target\":{\"@type\":\"EntryPoint\",\"urlTemplate\":\"https:\\\/\\\/zsps.poznan.pl\\\/?s={search_term_string}\"},\"query-input\":{\"@type\":\"PropertyValueSpecification\",\"valueRequired\":true,\"valueName\":\"search_term_string\"}}],\"inLanguage\":\"pl-PL\"},{\"@type\":\"Organization\",\"@id\":\"https:\\\/\\\/zsps.poznan.pl\\\/#organization\",\"name\":\"Zesp\u00f3\u0142 Szk\u00f3\u0142 Przemys\u0142u Spo\u017cywczego\",\"url\":\"https:\\\/\\\/zsps.poznan.pl\\\/\",\"logo\":{\"@type\":\"ImageObject\",\"inLanguage\":\"pl-PL\",\"@id\":\"https:\\\/\\\/zsps.poznan.pl\\\/#\\\/schema\\\/logo\\\/image\\\/\",\"url\":\"\",\"contentUrl\":\"\",\"caption\":\"Zesp\u00f3\u0142 Szk\u00f3\u0142 Przemys\u0142u Spo\u017cywczego\"},\"image\":{\"@id\":\"https:\\\/\\\/zsps.poznan.pl\\\/#\\\/schema\\\/logo\\\/image\\\/\"},\"sameAs\":[\"https:\\\/\\\/www.facebook.com\\\/zsps.poznan\"]}]}<\/script>\n<!-- \/ Yoast SEO plugin. -->","yoast_head_json":{"title":"Jemy i \u017cyjemy zdrowo \u2013 promocja zawod\u00f3w zwi\u0105zanych z bran\u017c\u0105 spo\u017cywcz\u0105 - ZESP\u00d3\u0141 SZK\u00d3\u0141 PRZEMYS\u0141U SPO\u017bYWCZEGO","robots":{"index":"index","follow":"follow","max-snippet":"max-snippet:-1","max-image-preview":"max-image-preview:large","max-video-preview":"max-video-preview:-1"},"canonical":"https:\/\/zsps.poznan.pl\/index.php\/jemy-i-zyjemy-zdrowo-promocja-zawodow-zwiazanych-z-branza-spozywcza\/","og_locale":"pl_PL","og_type":"article","og_title":"Jemy i \u017cyjemy zdrowo \u2013 promocja zawod\u00f3w zwi\u0105zanych z bran\u017c\u0105 spo\u017cywcz\u0105 - ZESP\u00d3\u0141 SZK\u00d3\u0141 PRZEMYS\u0141U SPO\u017bYWCZEGO","og_description":"Smaki m\u0142odzie\u017cy &#8211; przepisy kulinarne Festyn i warsztaty pod has\u0142em &#8222;Warzywa na Warzywnej&#8221; link do wydarzenia","og_url":"https:\/\/zsps.poznan.pl\/index.php\/jemy-i-zyjemy-zdrowo-promocja-zawodow-zwiazanych-z-branza-spozywcza\/","og_site_name":"ZESP\u00d3\u0141 SZK\u00d3\u0141 PRZEMYS\u0141U SPO\u017bYWCZEGO","article_publisher":"https:\/\/www.facebook.com\/zsps.poznan","article_modified_time":"2023-05-16T09:52:27+00:00","og_image":[{"url":"https:\/\/zsps.poznan.pl\/wp-content\/uploads\/2022\/05\/1-Imformacja-na-strone-ZSPS-Poznan-1.jpg","type":"","width":"","height":""}],"twitter_card":"summary_large_image","schema":{"@context":"https:\/\/schema.org","@graph":[{"@type":"WebPage","@id":"https:\/\/zsps.poznan.pl\/index.php\/jemy-i-zyjemy-zdrowo-promocja-zawodow-zwiazanych-z-branza-spozywcza\/","url":"https:\/\/zsps.poznan.pl\/index.php\/jemy-i-zyjemy-zdrowo-promocja-zawodow-zwiazanych-z-branza-spozywcza\/","name":"Jemy i \u017cyjemy zdrowo \u2013 promocja zawod\u00f3w zwi\u0105zanych z bran\u017c\u0105 spo\u017cywcz\u0105 - ZESP\u00d3\u0141 SZK\u00d3\u0141 PRZEMYS\u0141U SPO\u017bYWCZEGO","isPartOf":{"@id":"https:\/\/zsps.poznan.pl\/#website"},"primaryImageOfPage":{"@id":"https:\/\/zsps.poznan.pl\/index.php\/jemy-i-zyjemy-zdrowo-promocja-zawodow-zwiazanych-z-branza-spozywcza\/#primaryimage"},"image":{"@id":"https:\/\/zsps.poznan.pl\/index.php\/jemy-i-zyjemy-zdrowo-promocja-zawodow-zwiazanych-z-branza-spozywcza\/#primaryimage"},"thumbnailUrl":"https:\/\/zsps.poznan.pl\/wp-content\/uploads\/2022\/05\/1-Imformacja-na-strone-ZSPS-Poznan-1.jpg","datePublished":"2022-05-19T11:29:37+00:00","dateModified":"2023-05-16T09:52:27+00:00","breadcrumb":{"@id":"https:\/\/zsps.poznan.pl\/index.php\/jemy-i-zyjemy-zdrowo-promocja-zawodow-zwiazanych-z-branza-spozywcza\/#breadcrumb"},"inLanguage":"pl-PL","potentialAction":[{"@type":"ReadAction","target":["https:\/\/zsps.poznan.pl\/index.php\/jemy-i-zyjemy-zdrowo-promocja-zawodow-zwiazanych-z-branza-spozywcza\/"]}]},{"@type":"ImageObject","inLanguage":"pl-PL","@id":"https:\/\/zsps.poznan.pl\/index.php\/jemy-i-zyjemy-zdrowo-promocja-zawodow-zwiazanych-z-branza-spozywcza\/#primaryimage","url":"https:\/\/zsps.poznan.pl\/wp-content\/uploads\/2022\/05\/1-Imformacja-na-strone-ZSPS-Poznan-1.jpg","contentUrl":"https:\/\/zsps.poznan.pl\/wp-content\/uploads\/2022\/05\/1-Imformacja-na-strone-ZSPS-Poznan-1.jpg","width":707,"height":1000},{"@type":"BreadcrumbList","@id":"https:\/\/zsps.poznan.pl\/index.php\/jemy-i-zyjemy-zdrowo-promocja-zawodow-zwiazanych-z-branza-spozywcza\/#breadcrumb","itemListElement":[{"@type":"ListItem","position":1,"name":"Strona g\u0142\u00f3wna","item":"https:\/\/zsps.poznan.pl\/"},{"@type":"ListItem","position":2,"name":"Jemy i \u017cyjemy zdrowo \u2013 promocja zawod\u00f3w zwi\u0105zanych z bran\u017c\u0105 spo\u017cywcz\u0105"}]},{"@type":"WebSite","@id":"https:\/\/zsps.poznan.pl\/#website","url":"https:\/\/zsps.poznan.pl\/","name":"ZESP\u00d3\u0141 SZK\u00d3\u0141 PRZEMYS\u0141U SPO\u017bYWCZEGO","description":"im. J. J. \u015aniadeckich w Poznaniu","publisher":{"@id":"https:\/\/zsps.poznan.pl\/#organization"},"potentialAction":[{"@type":"SearchAction","target":{"@type":"EntryPoint","urlTemplate":"https:\/\/zsps.poznan.pl\/?s={search_term_string}"},"query-input":{"@type":"PropertyValueSpecification","valueRequired":true,"valueName":"search_term_string"}}],"inLanguage":"pl-PL"},{"@type":"Organization","@id":"https:\/\/zsps.poznan.pl\/#organization","name":"Zesp\u00f3\u0142 Szk\u00f3\u0142 Przemys\u0142u Spo\u017cywczego","url":"https:\/\/zsps.poznan.pl\/","logo":{"@type":"ImageObject","inLanguage":"pl-PL","@id":"https:\/\/zsps.poznan.pl\/#\/schema\/logo\/image\/","url":"","contentUrl":"","caption":"Zesp\u00f3\u0142 Szk\u00f3\u0142 Przemys\u0142u Spo\u017cywczego"},"image":{"@id":"https:\/\/zsps.poznan.pl\/#\/schema\/logo\/image\/"},"sameAs":["https:\/\/www.facebook.com\/zsps.poznan"]}]}},"_links":{"self":[{"href":"https:\/\/zsps.poznan.pl\/index.php\/wp-json\/wp\/v2\/pages\/6936","targetHints":{"allow":["GET"]}}],"collection":[{"href":"https:\/\/zsps.poznan.pl\/index.php\/wp-json\/wp\/v2\/pages"}],"about":[{"href":"https:\/\/zsps.poznan.pl\/index.php\/wp-json\/wp\/v2\/types\/page"}],"author":[{"embeddable":true,"href":"https:\/\/zsps.poznan.pl\/index.php\/wp-json\/wp\/v2\/users\/9"}],"replies":[{"embeddable":true,"href":"https:\/\/zsps.poznan.pl\/index.php\/wp-json\/wp\/v2\/comments?post=6936"}],"version-history":[{"count":21,"href":"https:\/\/zsps.poznan.pl\/index.php\/wp-json\/wp\/v2\/pages\/6936\/revisions"}],"predecessor-version":[{"id":9989,"href":"https:\/\/zsps.poznan.pl\/index.php\/wp-json\/wp\/v2\/pages\/6936\/revisions\/9989"}],"wp:attachment":[{"href":"https:\/\/zsps.poznan.pl\/index.php\/wp-json\/wp\/v2\/media?parent=6936"}],"curies":[{"name":"wp","href":"https:\/\/api.w.org\/{rel}","templated":true}]}}