{"id":705,"date":"2020-04-16T21:19:43","date_gmt":"2020-04-16T19:19:43","guid":{"rendered":"https:\/\/zsps.poznan.pl\/wp\/?page_id=705"},"modified":"2021-04-08T12:20:56","modified_gmt":"2021-04-08T10:20:56","slug":"technik-technologii-zywnosci","status":"publish","type":"page","link":"https:\/\/zsps.poznan.pl\/index.php\/technik-technologii-zywnosci\/","title":{"rendered":"Technik technologii \u017cywno\u015bci"},"content":{"rendered":"\t\t<div data-elementor-type=\"wp-page\" data-elementor-id=\"705\" class=\"elementor elementor-705\">\n\t\t\t\t\t\t<section class=\"elementor-section elementor-top-section elementor-element elementor-element-c3911fc elementor-section-full_width elementor-section-height-default elementor-section-height-default\" data-id=\"c3911fc\" data-element_type=\"section\" data-e-type=\"section\">\n\t\t\t\t\t\t<div class=\"elementor-container elementor-column-gap-default\">\n\t\t\t\t\t<div class=\"elementor-column elementor-col-100 elementor-top-column elementor-element elementor-element-8150fde\" data-id=\"8150fde\" data-element_type=\"column\" data-e-type=\"column\">\n\t\t\t<div class=\"elementor-widget-wrap elementor-element-populated\">\n\t\t\t\t\t\t<div class=\"elementor-element elementor-element-b1c109e elementor-widget elementor-widget-html\" data-id=\"b1c109e\" data-element_type=\"widget\" data-e-type=\"widget\" data-widget_type=\"html.default\">\n\t\t\t\t<div class=\"elementor-widget-container\">\n\t\t\t\t\t<div class=\"fos-circle\">\n    <div class=\"vertical-center\">\n        SYMBOL\n        <br>\n        CYFROWY ZAWODU\n        <br>\n        <span style=\"font-size:150%\">\n            314403\n        <\/span>\n    <\/div>\n<\/div>\n\n<table style=\"border-collapse: collapse;border:0px none\">\n    <tr class=\"fos-row1\">\n        <td class=\"fos-td1\" colspan=3>\n\t<tr class=\"fos-row2\">\n        <td class=\"fos-td1\">\n            <div class=\"fos-col\"><\/div>\n        <td class=\"fos-td2\">\n            <div class=\"fos-col\"><\/div>\n        <td class=\"fos-td3\">\n            <div class=\"fos-profession\">\n                TECHNIK TECHNOLOGII \u017bYWNO\u015aCI\n            <\/div>\n    <tr class=\"fos-row1\">\n    <td class=\"fos-td1\" colspan=3>\n<\/table>\t\t\t\t<\/div>\n\t\t\t\t<\/div>\n\t\t\t\t\t<\/div>\n\t\t<\/div>\n\t\t\t\t\t<\/div>\n\t\t<\/section>\n\t\t\t\t<section class=\"elementor-section elementor-top-section elementor-element elementor-element-e3abb3a elementor-reverse-mobile elementor-section-full_width elementor-section-height-default elementor-section-height-default\" data-id=\"e3abb3a\" data-element_type=\"section\" data-e-type=\"section\">\n\t\t\t\t\t\t<div class=\"elementor-container elementor-column-gap-default\">\n\t\t\t\t\t<div class=\"elementor-column elementor-col-33 elementor-top-column elementor-element elementor-element-d41d230\" data-id=\"d41d230\" data-element_type=\"column\" data-e-type=\"column\">\n\t\t\t<div class=\"elementor-widget-wrap elementor-element-populated\">\n\t\t\t\t\t\t<div class=\"elementor-element elementor-element-e3cda59 elementor-widget elementor-widget-html\" data-id=\"e3cda59\" data-element_type=\"widget\" data-e-type=\"widget\" data-widget_type=\"html.default\">\n\t\t\t\t<div class=\"elementor-widget-container\">\n\t\t\t\t\t<table class=\"fos\">\r\n\t<tr>\r\n\t\t<td class=\"fos-section\" style=\"min-width: 180px !important;\">\r\n\t\t\tKWALIFIKACJE WYODR\u0118BNIONE W&nbsp;ZAWODZIE\r\n\t\t<\/td>\r\n\t<\/tr>\r\n\t<tr>\r\n\t\t<td class=\"fos-spec\">\r\n\t\t\tDo wyboru jedna z&nbsp;poni\u017cszych kwalifikacji:\r\n\t\t<\/td>\r\n\t<\/tr>\r\n\t<tr>\r\n\t\t<td class=\"fos-spec\">\r\n\t\t\tSPC.01. Produkcja wyrob\u00f3w cukierniczych \r\n\t\t<\/td>\r\n\t<\/tr>\r\n\t<tr>\r\n\t\t<td class=\"fos-spec\">\r\n\t\t\tSPC.02. Produkcja wyrob\u00f3w spo\u017cywczych z&nbsp;wykorzystaniem maszyn i&nbsp;urz\u0105dze\u0144\r\n\t\t<\/td>\r\n\t<\/tr>\r\n    <tr>\r\n\t\t<td class=\"fos-spec\">\r\n\t\t\tSPC.03. Produkcja wyrob\u00f3w piekarskich\r\n\t\t<\/td>\r\n\t<\/tr>\r\n    <tr>\r\n\t\t<td class=\"fos-spec\">\r\n\t\t\tSPC.04. Produkcja przetwor\u00f3w mi\u0119snych i&nbsp;t\u0142uszczowych\r\n\t\t<\/td>\r\n\t<\/tr>\r\n\t<tr>\r\n\t\t<td class=\"fos-spec\">\r\n\t\t\toraz obowi\u0105zkowa:\r\n\t\t<\/td>\r\n\t<\/tr>\r\n\t<tr>\r\n\t\t<td class=\"fos-spec\">\r\n\t\t\tSPC.07. Organizacja i&nbsp;nadzorowanie produkcji wyrob\u00f3w spo\u017cywczych\r\n\t\t<\/td>\r\n\t<\/tr>\r\n<\/table>\t\t\t\t<\/div>\n\t\t\t\t<\/div>\n\t\t\t\t\t<\/div>\n\t\t<\/div>\n\t\t\t\t<div class=\"elementor-column elementor-col-66 elementor-top-column elementor-element elementor-element-fc88919\" data-id=\"fc88919\" data-element_type=\"column\" data-e-type=\"column\">\n\t\t\t<div class=\"elementor-widget-wrap elementor-element-populated\">\n\t\t\t\t\t\t<div class=\"elementor-element elementor-element-ba1da28 elementor-widget elementor-widget-html\" data-id=\"ba1da28\" data-element_type=\"widget\" data-e-type=\"widget\" data-widget_type=\"html.default\">\n\t\t\t\t<div class=\"elementor-widget-container\">\n\t\t\t\t\t<table class=\"fos\">\r\n\t<tr>\r\n\t\t<td class=\"fos-section\">OPIS ZAWODU<\/td>\r\n\t<\/tr>\r\n\t<tr>\r\n\t\t<td class=\"fos-content\">\r\n\t\t\tTechnik technologii \u017cywno\u015bci pozna tajniki produkcji artyku\u0142\u00f3w spo\u017cywczych, dowie si\u0119 jak planowa\u0107, organizowa\u0107 oraz nadzorowa\u0107 proces ich wytwarzania. Zdob\u0119dzie niezb\u0119dn\u0105 wiedz\u0119 z&nbsp;zakresu w\u0142a\u015bciwej oceny jako\u015bciowej wyrob\u00f3w, sporz\u0105dzania nowych receptur oraz modyfikowania ju\u017c istniej\u0105cych. Nauczy si\u0119 jak opracowywa\u0107 odpowiednie normy i&nbsp;procedury dotycz\u0105ce wprowadzania poszczeg\u00f3lnych produkt\u00f3w na rynek, a&nbsp;tak\u017ce jak tworzy\u0107 dokumentacj\u0119, dzi\u0119ki kt\u00f3rej dany produkt b\u0119dzie mo\u017cna eksportowa\u0107 do innych kraj\u00f3w.\r\n\t\t<\/td>\r\n\t<\/tr>\r\n\t<tr>\r\n\t\t<td class=\"fos-section\">\r\n\t\t\tKSZTA\u0141CONE UMIEJ\u0118TNO\u015aCI\r\n\t\t<\/td>\r\n\t<\/tr>\r\n\t<tr>\r\n\t\t<td class=\"fos-content\">\r\n\t\t\tTechnik technologii \u017cywno\u015bci potrafi:\r\n\t\t\t<ul class=\"fos\">\r\n\t\t\t    <li>\r\n\t\t\t        wytwarza\u0107 wyroby cukiernicze, piekarski, w\u0119dliniarskie;\r\n\t\t\t    <\/li>\r\n\t\t\t    <li>\r\n\t\t    \t    opracowywa\u0107 receptury \u017cywno\u015bciowe;\r\n\t    \t\t<\/li>\r\n\t    \t\t<li>\r\n\t    \t\t    wykorzysta\u0107 nowoczesne i&nbsp;tradycyjne techniki i&nbsp;technologie produkcji \u017cywno\u015bci;\r\n               <\/li>\r\n              <li>\r\n\t    \t\t    planowa\u0107 i nadzorowa\u0107 procesy produkcji \u017cywno\u015bci;\r\n\t    \t\t<\/li>\r\n    \t\t\t<li>\r\n\t    \t\t    prowadzi\u0107 badania i pr\u00f3by przy wdra\u017caniu nowych artyku\u0142\u00f3w spo\u017cywczych;\r\n                <\/li>\r\n                <li>    \r\n                    zastosowa\u0107 j\u0119zyk obcy zawodowy;\r\n    \t\t\t<\/li>\r\n\t\t\t    <li>\r\n    \t\t\t    stosowa\u0107 w pracy zasady kultury i etyki oraz komunikacji interpersonalnej;\r\n\t    \t\t<\/li>\r\n            <\/ul>\r\n        <\/td>\r\n\t<\/tr>\r\n\t<tr>\r\n\t\t<td class=\"fos-section\">\r\n\t\t\tMO\u017bLIWO\u015aCI ZATRUDNIENIA\r\n\t\t<\/td>\r\n\t<\/tr>\r\n\t<tr>\r\n\t\t<td class=\"fos-content\">\r\n\t\t\tJako technik technologii \u017cywno\u015bci b\u0119dziesz m\u00f3g\u0142 podj\u0105\u0107 prac\u0119 w przedsi\u0119biorstwie zajmuj\u0105cym si\u0119 przetw\u00f3rstwem, produkcj\u0105 lub dystrybucj\u0105 produkt\u00f3w spo\u017cywczych, laboratorium dokonuj\u0105cym analizy i oceny \u017cywno\u015bci.<\/td>\r\n\t<\/tr>\r\n<\/table>\t\t\t\t<\/div>\n\t\t\t\t<\/div>\n\t\t\t\t\t<\/div>\n\t\t<\/div>\n\t\t\t\t\t<\/div>\n\t\t<\/section>\n\t\t\t\t<section class=\"elementor-section elementor-top-section elementor-element elementor-element-4da5602 elementor-section-boxed elementor-section-height-default elementor-section-height-default\" data-id=\"4da5602\" data-element_type=\"section\" data-e-type=\"section\">\n\t\t\t\t\t\t<div class=\"elementor-container elementor-column-gap-default\">\n\t\t\t\t\t<div class=\"elementor-column elementor-col-100 elementor-top-column elementor-element elementor-element-0f5c414\" data-id=\"0f5c414\" data-element_type=\"column\" data-e-type=\"column\">\n\t\t\t<div class=\"elementor-widget-wrap elementor-element-populated\">\n\t\t\t\t\t\t<div class=\"elementor-element elementor-element-a816ffd elementor-widget elementor-widget-video\" data-id=\"a816ffd\" data-element_type=\"widget\" data-e-type=\"widget\" data-settings=\"{&quot;youtube_url&quot;:&quot;https:\\\/\\\/youtu.be\\\/9WzPUXuRpSU&quot;,&quot;autoplay&quot;:&quot;yes&quot;,&quot;loop&quot;:&quot;yes&quot;,&quot;video_type&quot;:&quot;youtube&quot;,&quot;controls&quot;:&quot;yes&quot;}\" data-widget_type=\"video.default\">\n\t\t\t\t<div class=\"elementor-widget-container\">\n\t\t\t\t\t\t\t<div class=\"elementor-wrapper elementor-open-inline\">\n\t\t\t<div class=\"elementor-video\"><\/div>\t\t<\/div>\n\t\t\t\t\t\t<\/div>\n\t\t\t\t<\/div>\n\t\t\t\t\t<\/div>\n\t\t<\/div>\n\t\t\t\t\t<\/div>\n\t\t<\/section>\n\t\t\t\t<\/div>\n\t\t","protected":false},"excerpt":{"rendered":"<p>SYMBOL CYFROWY ZAWODU 314403 TECHNIK TECHNOLOGII \u017bYWNO\u015aCI KWALIFIKACJE WYODR\u0118BNIONE W&nbsp;ZAWODZIE Do wyboru jedna z&nbsp;poni\u017cszych kwalifikacji: SPC.01. Produkcja wyrob\u00f3w cukierniczych SPC.02. Produkcja wyrob\u00f3w spo\u017cywczych z&nbsp;wykorzystaniem maszyn i&nbsp;urz\u0105dze\u0144 SPC.03. Produkcja wyrob\u00f3w piekarskich SPC.04. Produkcja przetwor\u00f3w mi\u0119snych i&nbsp;t\u0142uszczowych oraz obowi\u0105zkowa: SPC.07. Organizacja i&nbsp;nadzorowanie<\/p>\n","protected":false},"author":5,"featured_media":0,"parent":0,"menu_order":0,"comment_status":"closed","ping_status":"closed","template":"","meta":{"footnotes":""},"class_list":["post-705","page","type-page","status-publish","hentry"],"yoast_head":"<!-- This site is optimized with the Yoast SEO plugin v27.6 - https:\/\/yoast.com\/product\/yoast-seo-wordpress\/ -->\n<title>Technik technologii \u017cywno\u015bci - ZESP\u00d3\u0141 SZK\u00d3\u0141 PRZEMYS\u0141U SPO\u017bYWCZEGO<\/title>\n<meta name=\"robots\" content=\"index, follow, max-snippet:-1, max-image-preview:large, max-video-preview:-1\" \/>\n<link rel=\"canonical\" href=\"https:\/\/zsps.poznan.pl\/index.php\/technik-technologii-zywnosci\/\" \/>\n<meta property=\"og:locale\" content=\"pl_PL\" \/>\n<meta property=\"og:type\" content=\"article\" \/>\n<meta property=\"og:title\" content=\"Technik technologii \u017cywno\u015bci - ZESP\u00d3\u0141 SZK\u00d3\u0141 PRZEMYS\u0141U SPO\u017bYWCZEGO\" \/>\n<meta property=\"og:description\" content=\"SYMBOL CYFROWY ZAWODU 314403 TECHNIK TECHNOLOGII \u017bYWNO\u015aCI KWALIFIKACJE WYODR\u0118BNIONE W&nbsp;ZAWODZIE Do wyboru jedna z&nbsp;poni\u017cszych kwalifikacji: SPC.01. Produkcja wyrob\u00f3w cukierniczych SPC.02. Produkcja wyrob\u00f3w spo\u017cywczych z&nbsp;wykorzystaniem maszyn i&nbsp;urz\u0105dze\u0144 SPC.03. Produkcja wyrob\u00f3w piekarskich SPC.04. Produkcja przetwor\u00f3w mi\u0119snych i&nbsp;t\u0142uszczowych oraz obowi\u0105zkowa: SPC.07. Organizacja i&nbsp;nadzorowanie\" \/>\n<meta property=\"og:url\" content=\"https:\/\/zsps.poznan.pl\/index.php\/technik-technologii-zywnosci\/\" \/>\n<meta property=\"og:site_name\" content=\"ZESP\u00d3\u0141 SZK\u00d3\u0141 PRZEMYS\u0141U SPO\u017bYWCZEGO\" \/>\n<meta property=\"article:publisher\" content=\"https:\/\/www.facebook.com\/zsps.poznan\" \/>\n<meta property=\"article:modified_time\" content=\"2021-04-08T10:20:56+00:00\" \/>\n<meta name=\"twitter:card\" content=\"summary_large_image\" \/>\n<meta name=\"twitter:label1\" content=\"Szacowany czas czytania\" \/>\n\t<meta name=\"twitter:data1\" content=\"1 minuta\" \/>\n<script type=\"application\/ld+json\" class=\"yoast-schema-graph\">{\"@context\":\"https:\\\/\\\/schema.org\",\"@graph\":[{\"@type\":\"WebPage\",\"@id\":\"https:\\\/\\\/zsps.poznan.pl\\\/index.php\\\/technik-technologii-zywnosci\\\/\",\"url\":\"https:\\\/\\\/zsps.poznan.pl\\\/index.php\\\/technik-technologii-zywnosci\\\/\",\"name\":\"Technik technologii \u017cywno\u015bci - ZESP\u00d3\u0141 SZK\u00d3\u0141 PRZEMYS\u0141U SPO\u017bYWCZEGO\",\"isPartOf\":{\"@id\":\"https:\\\/\\\/zsps.poznan.pl\\\/#website\"},\"datePublished\":\"2020-04-16T19:19:43+00:00\",\"dateModified\":\"2021-04-08T10:20:56+00:00\",\"breadcrumb\":{\"@id\":\"https:\\\/\\\/zsps.poznan.pl\\\/index.php\\\/technik-technologii-zywnosci\\\/#breadcrumb\"},\"inLanguage\":\"pl-PL\",\"potentialAction\":[{\"@type\":\"ReadAction\",\"target\":[\"https:\\\/\\\/zsps.poznan.pl\\\/index.php\\\/technik-technologii-zywnosci\\\/\"]}]},{\"@type\":\"BreadcrumbList\",\"@id\":\"https:\\\/\\\/zsps.poznan.pl\\\/index.php\\\/technik-technologii-zywnosci\\\/#breadcrumb\",\"itemListElement\":[{\"@type\":\"ListItem\",\"position\":1,\"name\":\"Strona g\u0142\u00f3wna\",\"item\":\"https:\\\/\\\/zsps.poznan.pl\\\/\"},{\"@type\":\"ListItem\",\"position\":2,\"name\":\"Technik technologii \u017cywno\u015bci\"}]},{\"@type\":\"WebSite\",\"@id\":\"https:\\\/\\\/zsps.poznan.pl\\\/#website\",\"url\":\"https:\\\/\\\/zsps.poznan.pl\\\/\",\"name\":\"ZESP\u00d3\u0141 SZK\u00d3\u0141 PRZEMYS\u0141U SPO\u017bYWCZEGO\",\"description\":\"im. J. J. \u015aniadeckich w Poznaniu\",\"publisher\":{\"@id\":\"https:\\\/\\\/zsps.poznan.pl\\\/#organization\"},\"potentialAction\":[{\"@type\":\"SearchAction\",\"target\":{\"@type\":\"EntryPoint\",\"urlTemplate\":\"https:\\\/\\\/zsps.poznan.pl\\\/?s={search_term_string}\"},\"query-input\":{\"@type\":\"PropertyValueSpecification\",\"valueRequired\":true,\"valueName\":\"search_term_string\"}}],\"inLanguage\":\"pl-PL\"},{\"@type\":\"Organization\",\"@id\":\"https:\\\/\\\/zsps.poznan.pl\\\/#organization\",\"name\":\"Zesp\u00f3\u0142 Szk\u00f3\u0142 Przemys\u0142u Spo\u017cywczego\",\"url\":\"https:\\\/\\\/zsps.poznan.pl\\\/\",\"logo\":{\"@type\":\"ImageObject\",\"inLanguage\":\"pl-PL\",\"@id\":\"https:\\\/\\\/zsps.poznan.pl\\\/#\\\/schema\\\/logo\\\/image\\\/\",\"url\":\"\",\"contentUrl\":\"\",\"caption\":\"Zesp\u00f3\u0142 Szk\u00f3\u0142 Przemys\u0142u Spo\u017cywczego\"},\"image\":{\"@id\":\"https:\\\/\\\/zsps.poznan.pl\\\/#\\\/schema\\\/logo\\\/image\\\/\"},\"sameAs\":[\"https:\\\/\\\/www.facebook.com\\\/zsps.poznan\"]}]}<\/script>\n<!-- \/ Yoast SEO plugin. -->","yoast_head_json":{"title":"Technik technologii \u017cywno\u015bci - ZESP\u00d3\u0141 SZK\u00d3\u0141 PRZEMYS\u0141U SPO\u017bYWCZEGO","robots":{"index":"index","follow":"follow","max-snippet":"max-snippet:-1","max-image-preview":"max-image-preview:large","max-video-preview":"max-video-preview:-1"},"canonical":"https:\/\/zsps.poznan.pl\/index.php\/technik-technologii-zywnosci\/","og_locale":"pl_PL","og_type":"article","og_title":"Technik technologii \u017cywno\u015bci - ZESP\u00d3\u0141 SZK\u00d3\u0141 PRZEMYS\u0141U SPO\u017bYWCZEGO","og_description":"SYMBOL CYFROWY ZAWODU 314403 TECHNIK TECHNOLOGII \u017bYWNO\u015aCI KWALIFIKACJE WYODR\u0118BNIONE W&nbsp;ZAWODZIE Do wyboru jedna z&nbsp;poni\u017cszych kwalifikacji: SPC.01. Produkcja wyrob\u00f3w cukierniczych SPC.02. Produkcja wyrob\u00f3w spo\u017cywczych z&nbsp;wykorzystaniem maszyn i&nbsp;urz\u0105dze\u0144 SPC.03. Produkcja wyrob\u00f3w piekarskich SPC.04. Produkcja przetwor\u00f3w mi\u0119snych i&nbsp;t\u0142uszczowych oraz obowi\u0105zkowa: SPC.07. Organizacja i&nbsp;nadzorowanie","og_url":"https:\/\/zsps.poznan.pl\/index.php\/technik-technologii-zywnosci\/","og_site_name":"ZESP\u00d3\u0141 SZK\u00d3\u0141 PRZEMYS\u0141U SPO\u017bYWCZEGO","article_publisher":"https:\/\/www.facebook.com\/zsps.poznan","article_modified_time":"2021-04-08T10:20:56+00:00","twitter_card":"summary_large_image","twitter_misc":{"Szacowany czas czytania":"1 minuta"},"schema":{"@context":"https:\/\/schema.org","@graph":[{"@type":"WebPage","@id":"https:\/\/zsps.poznan.pl\/index.php\/technik-technologii-zywnosci\/","url":"https:\/\/zsps.poznan.pl\/index.php\/technik-technologii-zywnosci\/","name":"Technik technologii \u017cywno\u015bci - ZESP\u00d3\u0141 SZK\u00d3\u0141 PRZEMYS\u0141U SPO\u017bYWCZEGO","isPartOf":{"@id":"https:\/\/zsps.poznan.pl\/#website"},"datePublished":"2020-04-16T19:19:43+00:00","dateModified":"2021-04-08T10:20:56+00:00","breadcrumb":{"@id":"https:\/\/zsps.poznan.pl\/index.php\/technik-technologii-zywnosci\/#breadcrumb"},"inLanguage":"pl-PL","potentialAction":[{"@type":"ReadAction","target":["https:\/\/zsps.poznan.pl\/index.php\/technik-technologii-zywnosci\/"]}]},{"@type":"BreadcrumbList","@id":"https:\/\/zsps.poznan.pl\/index.php\/technik-technologii-zywnosci\/#breadcrumb","itemListElement":[{"@type":"ListItem","position":1,"name":"Strona g\u0142\u00f3wna","item":"https:\/\/zsps.poznan.pl\/"},{"@type":"ListItem","position":2,"name":"Technik technologii \u017cywno\u015bci"}]},{"@type":"WebSite","@id":"https:\/\/zsps.poznan.pl\/#website","url":"https:\/\/zsps.poznan.pl\/","name":"ZESP\u00d3\u0141 SZK\u00d3\u0141 PRZEMYS\u0141U SPO\u017bYWCZEGO","description":"im. J. J. \u015aniadeckich w Poznaniu","publisher":{"@id":"https:\/\/zsps.poznan.pl\/#organization"},"potentialAction":[{"@type":"SearchAction","target":{"@type":"EntryPoint","urlTemplate":"https:\/\/zsps.poznan.pl\/?s={search_term_string}"},"query-input":{"@type":"PropertyValueSpecification","valueRequired":true,"valueName":"search_term_string"}}],"inLanguage":"pl-PL"},{"@type":"Organization","@id":"https:\/\/zsps.poznan.pl\/#organization","name":"Zesp\u00f3\u0142 Szk\u00f3\u0142 Przemys\u0142u Spo\u017cywczego","url":"https:\/\/zsps.poznan.pl\/","logo":{"@type":"ImageObject","inLanguage":"pl-PL","@id":"https:\/\/zsps.poznan.pl\/#\/schema\/logo\/image\/","url":"","contentUrl":"","caption":"Zesp\u00f3\u0142 Szk\u00f3\u0142 Przemys\u0142u Spo\u017cywczego"},"image":{"@id":"https:\/\/zsps.poznan.pl\/#\/schema\/logo\/image\/"},"sameAs":["https:\/\/www.facebook.com\/zsps.poznan"]}]}},"_links":{"self":[{"href":"https:\/\/zsps.poznan.pl\/index.php\/wp-json\/wp\/v2\/pages\/705","targetHints":{"allow":["GET"]}}],"collection":[{"href":"https:\/\/zsps.poznan.pl\/index.php\/wp-json\/wp\/v2\/pages"}],"about":[{"href":"https:\/\/zsps.poznan.pl\/index.php\/wp-json\/wp\/v2\/types\/page"}],"author":[{"embeddable":true,"href":"https:\/\/zsps.poznan.pl\/index.php\/wp-json\/wp\/v2\/users\/5"}],"replies":[{"embeddable":true,"href":"https:\/\/zsps.poznan.pl\/index.php\/wp-json\/wp\/v2\/comments?post=705"}],"version-history":[{"count":100,"href":"https:\/\/zsps.poznan.pl\/index.php\/wp-json\/wp\/v2\/pages\/705\/revisions"}],"predecessor-version":[{"id":3826,"href":"https:\/\/zsps.poznan.pl\/index.php\/wp-json\/wp\/v2\/pages\/705\/revisions\/3826"}],"wp:attachment":[{"href":"https:\/\/zsps.poznan.pl\/index.php\/wp-json\/wp\/v2\/media?parent=705"}],"curies":[{"name":"wp","href":"https:\/\/api.w.org\/{rel}","templated":true}]}}