{"id":709,"date":"2020-04-16T21:19:43","date_gmt":"2020-04-16T19:19:43","guid":{"rendered":"https:\/\/zsps.poznan.pl\/wp\/?page_id=709"},"modified":"2021-04-08T11:44:10","modified_gmt":"2021-04-08T09:44:10","slug":"piekarz","status":"publish","type":"page","link":"https:\/\/zsps.poznan.pl\/index.php\/piekarz\/","title":{"rendered":"Piekarz"},"content":{"rendered":"\t\t<div data-elementor-type=\"wp-page\" data-elementor-id=\"709\" class=\"elementor elementor-709\">\n\t\t\t\t\t\t<section class=\"elementor-section elementor-top-section elementor-element elementor-element-3d81844 elementor-section-full_width elementor-section-height-default elementor-section-height-default\" data-id=\"3d81844\" data-element_type=\"section\" data-e-type=\"section\">\n\t\t\t\t\t\t<div class=\"elementor-container elementor-column-gap-default\">\n\t\t\t\t\t<div class=\"elementor-column elementor-col-100 elementor-top-column elementor-element elementor-element-6e0203a\" data-id=\"6e0203a\" data-element_type=\"column\" data-e-type=\"column\">\n\t\t\t<div class=\"elementor-widget-wrap elementor-element-populated\">\n\t\t\t\t\t\t<div class=\"elementor-element elementor-element-a16815e elementor-widget elementor-widget-html\" data-id=\"a16815e\" data-element_type=\"widget\" data-e-type=\"widget\" data-widget_type=\"html.default\">\n\t\t\t\t<div class=\"elementor-widget-container\">\n\t\t\t\t\t<div class=\"fos-circle\">\n    <div class=\"vertical-center\">\n        SYMBOL\n        <br>\n        CYFROWY ZAWODU\n        <br>\n        <span style=\"font-size:150%\">\n            751204\n        <\/span>\n    <\/div>\n<\/div>\n\n<table style=\"border-collapse: collapse;border:0px none\">\n    <tr class=\"fos-row1\">\n        <td class=\"fos-td1\" colspan=3>\n\t<tr class=\"fos-row2\">\n        <td class=\"fos-td1\">\n            <div class=\"fos-col\"><\/div>\n        <td class=\"fos-td2\">\n            <div class=\"fos-col\"><\/div>\n        <td class=\"fos-td3\">\n            <div class=\"fos-profession\">\n                PIEKARZ\n            <\/div>\n    <tr class=\"fos-row1\">\n    <td class=\"fos-td1\" colspan=3>\n<\/table>\t\t\t\t<\/div>\n\t\t\t\t<\/div>\n\t\t\t\t\t<\/div>\n\t\t<\/div>\n\t\t\t\t\t<\/div>\n\t\t<\/section>\n\t\t\t\t<section class=\"elementor-section elementor-top-section elementor-element elementor-element-5c38064 elementor-reverse-mobile elementor-section-full_width elementor-section-height-default elementor-section-height-default\" data-id=\"5c38064\" data-element_type=\"section\" data-e-type=\"section\">\n\t\t\t\t\t\t<div class=\"elementor-container elementor-column-gap-default\">\n\t\t\t\t\t<div class=\"elementor-column elementor-col-50 elementor-top-column elementor-element elementor-element-026fdff\" data-id=\"026fdff\" data-element_type=\"column\" data-e-type=\"column\">\n\t\t\t<div class=\"elementor-widget-wrap elementor-element-populated\">\n\t\t\t\t\t\t<div class=\"elementor-element elementor-element-712175e elementor-widget elementor-widget-html\" data-id=\"712175e\" data-element_type=\"widget\" data-e-type=\"widget\" data-widget_type=\"html.default\">\n\t\t\t\t<div class=\"elementor-widget-container\">\n\t\t\t\t\t<table class=\"fos\">\r\n\t<tr>\r\n\t\t<td class=\"fos-section\">\r\n\t\t\tKWALIFIKACJE<br>WYODR\u0118BNIONE W&nbsp;ZAWODZIE\r\n\t\t<\/td>\r\n\t<\/tr>\r\n\t<tr>\r\n\t\t<td class=\"fos-spec\">\r\n\t\t\tSPC.03. Produkcja wyrob\u00f3w piekarskich\r\n\t\t<\/td>\r\n\t<\/tr>\r\n<\/table>\t\t\t\t<\/div>\n\t\t\t\t<\/div>\n\t\t\t\t\t<\/div>\n\t\t<\/div>\n\t\t\t\t<div class=\"elementor-column elementor-col-50 elementor-top-column elementor-element elementor-element-877783b\" data-id=\"877783b\" data-element_type=\"column\" data-e-type=\"column\">\n\t\t\t<div class=\"elementor-widget-wrap elementor-element-populated\">\n\t\t\t\t\t\t<div class=\"elementor-element elementor-element-af7d26b elementor-widget elementor-widget-html\" data-id=\"af7d26b\" data-element_type=\"widget\" data-e-type=\"widget\" data-widget_type=\"html.default\">\n\t\t\t\t<div class=\"elementor-widget-container\">\n\t\t\t\t\t<table class=\"fos\">\r\n    <tr>\r\n        <th class=\"fos-section\">\r\n            OPIS ZAWODU\r\n        <\/th>\r\n    <\/tr>\r\n    <tr>\r\n        <td class=\"fos-content\">\r\n            Piekarz wytwarza wyroby piekarskie zgodnie z receptur\u0105, ocenia przydatno\u015b\u0107 surowc\u00f3w, magazynuje surowce, wytwarza wyroby piekarskie z&nbsp;zastosowaniem narz\u0119dzi, maszyn i&nbsp;urz\u0105dze\u0144, ocenia pieczywo, przygotowuje pieczywo do dystrybucji oraz prowadzi dokumentacj\u0119 produkcyjn\u0105 w&nbsp;zak\u0142adach piekarskich. W&nbsp;zawodzie piekarz szczeg\u00f3lnie wa\u017cna jest zdolno\u015b\u0107 do wykonywania oceny organoleptycznej surowc\u00f3w, p\u00f3\u0142produkt\u00f3w i&nbsp;wyrob\u00f3w gotowych, sprawno\u015b\u0107 fizyczna, skrupulatno\u015b\u0107, dok\u0142adno\u015b\u0107 i&nbsp;zdolno\u015b\u0107 do koncentracji.\r\n        <\/td>\r\n    <\/tr>\r\n    <tr>\r\n        <td  class=\"fos-section\">\r\n            KSZTA\u0141CONE UMIEJ\u0118TNO\u015aCI\r\n        <\/td>\r\n    <\/tr>\r\n    <tr>\r\n        <td class=\"fos-content\">\r\n            Piekarz potrafi:\r\n            <ul class=\"fos\">\r\n                <li>\r\n                    ocenia\u0107 jako\u015b\u0107 surowc\u00f3w piekarskich, p\u00f3\u0142produkt\u00f3w, dodatk\u00f3w do \u017cywno\u015bci i&nbsp;materia\u0142\u00f3w pomocniczych;\r\n                <\/li>\r\n                <li>\r\n                    pos\u0142ugiwa\u0107 si\u0119 recepturami piekarskimi;\r\n                <\/li>\r\n                <li>\r\n                    przygotowa\u0107 surowce, dodatki do \u017cywno\u015bci oraz materia\u0142y pomocnicze do produkcji ciasta pszennego, \u017cytniego, mieszanego, specjalnego i&nbsp;dietetycznego;\r\n                <\/li>\r\n                <li>\r\n                    sporz\u0105dza\u0107 ciasta do produkcji wyrob\u00f3w piekarskich pszennych, \u017cytnich i&nbsp;mieszanych, specjalnych i&nbsp;dietetycznych;\r\n                <\/li>\r\n                <li>\r\n                    dzieli\u0107 i formowa\u0107 k\u0119sy ciasta na wyroby piekarskie;\r\n                <\/li>\r\n                <li>\r\n                    ocenia\u0107 stopie\u0144 rozrostu k\u0119s\u00f3w ciasta;\r\n                <\/li>\r\n                <li>\r\n                    prowadzi\u0107 wypiek pieczywa;\r\n                <\/li>\r\n                <li>\r\n                    ocenia\u0107 jako\u015b\u0107 wyrob\u00f3w piekarskich, przygotowa\u0107 wyroby piekarskie do dystrybucji;\r\n                <\/li>\r\n                <li>\r\n                    obs\u0142ugiwa\u0107 maszyny i urz\u0105dzenia do produkcji wyrob\u00f3w piekarskich;\r\n                <\/li>\r\n                <li>\r\n                    przestrzega\u0107 procedur zarz\u0105dzania jako\u015bci\u0105 i bezpiecze\u0144stwem zdrowotnym \u017cywno\u015bci.\r\n                <\/li>\r\n            <\/ul>\r\n        <\/td>\r\n    <\/tr>\r\n    <tr>\r\n        <td class=\"fos-section\">\r\n            MO\u017bLIWO\u015aCI ZATRUDNIENIA\r\n        <\/td>\r\n    <\/tr>\r\n    <tr>\r\n        <td class=\"fos-content\">\r\n            Piekarz znajdzie zatrudnienie w zak\u0142adach przemys\u0142owych i rzemie\u015blniczych wytwarzaj\u0105cych wyroby piekarskie. Mo\u017ce r\u00f3wnie\u017c zajmowa\u0107 si\u0119 produkcj\u0105 pieczywa w restauracjach, punktach gastronomicznych i&nbsp;obiektach hotelarskich.\r\n        <\/td>\r\n    <\/tr>\r\n<\/table>\t\t\t\t<\/div>\n\t\t\t\t<\/div>\n\t\t\t\t\t<\/div>\n\t\t<\/div>\n\t\t\t\t\t<\/div>\n\t\t<\/section>\n\t\t\t\t<section class=\"elementor-section elementor-top-section elementor-element elementor-element-7fbf401 elementor-section-boxed elementor-section-height-default elementor-section-height-default\" data-id=\"7fbf401\" data-element_type=\"section\" data-e-type=\"section\">\n\t\t\t\t\t\t<div class=\"elementor-container elementor-column-gap-default\">\n\t\t\t\t\t<div class=\"elementor-column elementor-col-100 elementor-top-column elementor-element elementor-element-df699ee\" data-id=\"df699ee\" data-element_type=\"column\" data-e-type=\"column\">\n\t\t\t<div class=\"elementor-widget-wrap elementor-element-populated\">\n\t\t\t\t\t\t<div class=\"elementor-element elementor-element-4e6adbd elementor-widget elementor-widget-video\" data-id=\"4e6adbd\" data-element_type=\"widget\" data-e-type=\"widget\" data-settings=\"{&quot;youtube_url&quot;:&quot;https:\\\/\\\/youtu.be\\\/ghnL_HUxr10&quot;,&quot;autoplay&quot;:&quot;yes&quot;,&quot;play_on_mobile&quot;:&quot;yes&quot;,&quot;loop&quot;:&quot;yes&quot;,&quot;video_type&quot;:&quot;youtube&quot;,&quot;controls&quot;:&quot;yes&quot;}\" data-widget_type=\"video.default\">\n\t\t\t\t<div class=\"elementor-widget-container\">\n\t\t\t\t\t\t\t<div class=\"elementor-wrapper elementor-open-inline\">\n\t\t\t<div class=\"elementor-video\"><\/div>\t\t<\/div>\n\t\t\t\t\t\t<\/div>\n\t\t\t\t<\/div>\n\t\t\t\t\t<\/div>\n\t\t<\/div>\n\t\t\t\t\t<\/div>\n\t\t<\/section>\n\t\t\t\t<\/div>\n\t\t","protected":false},"excerpt":{"rendered":"<p>SYMBOL CYFROWY ZAWODU 751204 PIEKARZ KWALIFIKACJEWYODR\u0118BNIONE W&nbsp;ZAWODZIE SPC.03. Produkcja wyrob\u00f3w piekarskich OPIS ZAWODU Piekarz wytwarza wyroby piekarskie zgodnie z receptur\u0105, ocenia przydatno\u015b\u0107 surowc\u00f3w, magazynuje surowce, wytwarza wyroby piekarskie z&nbsp;zastosowaniem narz\u0119dzi, maszyn i&nbsp;urz\u0105dze\u0144, ocenia pieczywo, przygotowuje pieczywo do dystrybucji oraz prowadzi<\/p>\n","protected":false},"author":5,"featured_media":0,"parent":0,"menu_order":0,"comment_status":"closed","ping_status":"closed","template":"","meta":{"footnotes":""},"class_list":["post-709","page","type-page","status-publish","hentry"],"yoast_head":"<!-- This site is optimized with the Yoast SEO plugin v27.6 - https:\/\/yoast.com\/product\/yoast-seo-wordpress\/ -->\n<title>Piekarz - ZESP\u00d3\u0141 SZK\u00d3\u0141 PRZEMYS\u0141U SPO\u017bYWCZEGO<\/title>\n<meta name=\"robots\" content=\"index, follow, max-snippet:-1, max-image-preview:large, max-video-preview:-1\" \/>\n<link rel=\"canonical\" href=\"https:\/\/zsps.poznan.pl\/index.php\/piekarz\/\" \/>\n<meta property=\"og:locale\" content=\"pl_PL\" \/>\n<meta property=\"og:type\" content=\"article\" \/>\n<meta property=\"og:title\" content=\"Piekarz - ZESP\u00d3\u0141 SZK\u00d3\u0141 PRZEMYS\u0141U SPO\u017bYWCZEGO\" \/>\n<meta property=\"og:description\" content=\"SYMBOL CYFROWY ZAWODU 751204 PIEKARZ KWALIFIKACJEWYODR\u0118BNIONE W&nbsp;ZAWODZIE SPC.03. Produkcja wyrob\u00f3w piekarskich OPIS ZAWODU Piekarz wytwarza wyroby piekarskie zgodnie z receptur\u0105, ocenia przydatno\u015b\u0107 surowc\u00f3w, magazynuje surowce, wytwarza wyroby piekarskie z&nbsp;zastosowaniem narz\u0119dzi, maszyn i&nbsp;urz\u0105dze\u0144, ocenia pieczywo, przygotowuje pieczywo do dystrybucji oraz prowadzi\" \/>\n<meta property=\"og:url\" content=\"https:\/\/zsps.poznan.pl\/index.php\/piekarz\/\" \/>\n<meta property=\"og:site_name\" content=\"ZESP\u00d3\u0141 SZK\u00d3\u0141 PRZEMYS\u0141U SPO\u017bYWCZEGO\" \/>\n<meta property=\"article:publisher\" content=\"https:\/\/www.facebook.com\/zsps.poznan\" \/>\n<meta property=\"article:modified_time\" content=\"2021-04-08T09:44:10+00:00\" \/>\n<meta name=\"twitter:card\" content=\"summary_large_image\" \/>\n<meta name=\"twitter:label1\" content=\"Szacowany czas czytania\" \/>\n\t<meta name=\"twitter:data1\" content=\"1 minuta\" \/>\n<script type=\"application\/ld+json\" class=\"yoast-schema-graph\">{\"@context\":\"https:\\\/\\\/schema.org\",\"@graph\":[{\"@type\":\"WebPage\",\"@id\":\"https:\\\/\\\/zsps.poznan.pl\\\/index.php\\\/piekarz\\\/\",\"url\":\"https:\\\/\\\/zsps.poznan.pl\\\/index.php\\\/piekarz\\\/\",\"name\":\"Piekarz - ZESP\u00d3\u0141 SZK\u00d3\u0141 PRZEMYS\u0141U SPO\u017bYWCZEGO\",\"isPartOf\":{\"@id\":\"https:\\\/\\\/zsps.poznan.pl\\\/#website\"},\"datePublished\":\"2020-04-16T19:19:43+00:00\",\"dateModified\":\"2021-04-08T09:44:10+00:00\",\"breadcrumb\":{\"@id\":\"https:\\\/\\\/zsps.poznan.pl\\\/index.php\\\/piekarz\\\/#breadcrumb\"},\"inLanguage\":\"pl-PL\",\"potentialAction\":[{\"@type\":\"ReadAction\",\"target\":[\"https:\\\/\\\/zsps.poznan.pl\\\/index.php\\\/piekarz\\\/\"]}]},{\"@type\":\"BreadcrumbList\",\"@id\":\"https:\\\/\\\/zsps.poznan.pl\\\/index.php\\\/piekarz\\\/#breadcrumb\",\"itemListElement\":[{\"@type\":\"ListItem\",\"position\":1,\"name\":\"Strona g\u0142\u00f3wna\",\"item\":\"https:\\\/\\\/zsps.poznan.pl\\\/\"},{\"@type\":\"ListItem\",\"position\":2,\"name\":\"Piekarz\"}]},{\"@type\":\"WebSite\",\"@id\":\"https:\\\/\\\/zsps.poznan.pl\\\/#website\",\"url\":\"https:\\\/\\\/zsps.poznan.pl\\\/\",\"name\":\"ZESP\u00d3\u0141 SZK\u00d3\u0141 PRZEMYS\u0141U SPO\u017bYWCZEGO\",\"description\":\"im. J. J. \u015aniadeckich w Poznaniu\",\"publisher\":{\"@id\":\"https:\\\/\\\/zsps.poznan.pl\\\/#organization\"},\"potentialAction\":[{\"@type\":\"SearchAction\",\"target\":{\"@type\":\"EntryPoint\",\"urlTemplate\":\"https:\\\/\\\/zsps.poznan.pl\\\/?s={search_term_string}\"},\"query-input\":{\"@type\":\"PropertyValueSpecification\",\"valueRequired\":true,\"valueName\":\"search_term_string\"}}],\"inLanguage\":\"pl-PL\"},{\"@type\":\"Organization\",\"@id\":\"https:\\\/\\\/zsps.poznan.pl\\\/#organization\",\"name\":\"Zesp\u00f3\u0142 Szk\u00f3\u0142 Przemys\u0142u Spo\u017cywczego\",\"url\":\"https:\\\/\\\/zsps.poznan.pl\\\/\",\"logo\":{\"@type\":\"ImageObject\",\"inLanguage\":\"pl-PL\",\"@id\":\"https:\\\/\\\/zsps.poznan.pl\\\/#\\\/schema\\\/logo\\\/image\\\/\",\"url\":\"\",\"contentUrl\":\"\",\"caption\":\"Zesp\u00f3\u0142 Szk\u00f3\u0142 Przemys\u0142u Spo\u017cywczego\"},\"image\":{\"@id\":\"https:\\\/\\\/zsps.poznan.pl\\\/#\\\/schema\\\/logo\\\/image\\\/\"},\"sameAs\":[\"https:\\\/\\\/www.facebook.com\\\/zsps.poznan\"]}]}<\/script>\n<!-- \/ Yoast SEO plugin. -->","yoast_head_json":{"title":"Piekarz - ZESP\u00d3\u0141 SZK\u00d3\u0141 PRZEMYS\u0141U SPO\u017bYWCZEGO","robots":{"index":"index","follow":"follow","max-snippet":"max-snippet:-1","max-image-preview":"max-image-preview:large","max-video-preview":"max-video-preview:-1"},"canonical":"https:\/\/zsps.poznan.pl\/index.php\/piekarz\/","og_locale":"pl_PL","og_type":"article","og_title":"Piekarz - ZESP\u00d3\u0141 SZK\u00d3\u0141 PRZEMYS\u0141U SPO\u017bYWCZEGO","og_description":"SYMBOL CYFROWY ZAWODU 751204 PIEKARZ KWALIFIKACJEWYODR\u0118BNIONE W&nbsp;ZAWODZIE SPC.03. Produkcja wyrob\u00f3w piekarskich OPIS ZAWODU Piekarz wytwarza wyroby piekarskie zgodnie z receptur\u0105, ocenia przydatno\u015b\u0107 surowc\u00f3w, magazynuje surowce, wytwarza wyroby piekarskie z&nbsp;zastosowaniem narz\u0119dzi, maszyn i&nbsp;urz\u0105dze\u0144, ocenia pieczywo, przygotowuje pieczywo do dystrybucji oraz prowadzi","og_url":"https:\/\/zsps.poznan.pl\/index.php\/piekarz\/","og_site_name":"ZESP\u00d3\u0141 SZK\u00d3\u0141 PRZEMYS\u0141U SPO\u017bYWCZEGO","article_publisher":"https:\/\/www.facebook.com\/zsps.poznan","article_modified_time":"2021-04-08T09:44:10+00:00","twitter_card":"summary_large_image","twitter_misc":{"Szacowany czas czytania":"1 minuta"},"schema":{"@context":"https:\/\/schema.org","@graph":[{"@type":"WebPage","@id":"https:\/\/zsps.poznan.pl\/index.php\/piekarz\/","url":"https:\/\/zsps.poznan.pl\/index.php\/piekarz\/","name":"Piekarz - ZESP\u00d3\u0141 SZK\u00d3\u0141 PRZEMYS\u0141U SPO\u017bYWCZEGO","isPartOf":{"@id":"https:\/\/zsps.poznan.pl\/#website"},"datePublished":"2020-04-16T19:19:43+00:00","dateModified":"2021-04-08T09:44:10+00:00","breadcrumb":{"@id":"https:\/\/zsps.poznan.pl\/index.php\/piekarz\/#breadcrumb"},"inLanguage":"pl-PL","potentialAction":[{"@type":"ReadAction","target":["https:\/\/zsps.poznan.pl\/index.php\/piekarz\/"]}]},{"@type":"BreadcrumbList","@id":"https:\/\/zsps.poznan.pl\/index.php\/piekarz\/#breadcrumb","itemListElement":[{"@type":"ListItem","position":1,"name":"Strona g\u0142\u00f3wna","item":"https:\/\/zsps.poznan.pl\/"},{"@type":"ListItem","position":2,"name":"Piekarz"}]},{"@type":"WebSite","@id":"https:\/\/zsps.poznan.pl\/#website","url":"https:\/\/zsps.poznan.pl\/","name":"ZESP\u00d3\u0141 SZK\u00d3\u0141 PRZEMYS\u0141U SPO\u017bYWCZEGO","description":"im. J. J. \u015aniadeckich w Poznaniu","publisher":{"@id":"https:\/\/zsps.poznan.pl\/#organization"},"potentialAction":[{"@type":"SearchAction","target":{"@type":"EntryPoint","urlTemplate":"https:\/\/zsps.poznan.pl\/?s={search_term_string}"},"query-input":{"@type":"PropertyValueSpecification","valueRequired":true,"valueName":"search_term_string"}}],"inLanguage":"pl-PL"},{"@type":"Organization","@id":"https:\/\/zsps.poznan.pl\/#organization","name":"Zesp\u00f3\u0142 Szk\u00f3\u0142 Przemys\u0142u Spo\u017cywczego","url":"https:\/\/zsps.poznan.pl\/","logo":{"@type":"ImageObject","inLanguage":"pl-PL","@id":"https:\/\/zsps.poznan.pl\/#\/schema\/logo\/image\/","url":"","contentUrl":"","caption":"Zesp\u00f3\u0142 Szk\u00f3\u0142 Przemys\u0142u Spo\u017cywczego"},"image":{"@id":"https:\/\/zsps.poznan.pl\/#\/schema\/logo\/image\/"},"sameAs":["https:\/\/www.facebook.com\/zsps.poznan"]}]}},"_links":{"self":[{"href":"https:\/\/zsps.poznan.pl\/index.php\/wp-json\/wp\/v2\/pages\/709","targetHints":{"allow":["GET"]}}],"collection":[{"href":"https:\/\/zsps.poznan.pl\/index.php\/wp-json\/wp\/v2\/pages"}],"about":[{"href":"https:\/\/zsps.poznan.pl\/index.php\/wp-json\/wp\/v2\/types\/page"}],"author":[{"embeddable":true,"href":"https:\/\/zsps.poznan.pl\/index.php\/wp-json\/wp\/v2\/users\/5"}],"replies":[{"embeddable":true,"href":"https:\/\/zsps.poznan.pl\/index.php\/wp-json\/wp\/v2\/comments?post=709"}],"version-history":[{"count":15,"href":"https:\/\/zsps.poznan.pl\/index.php\/wp-json\/wp\/v2\/pages\/709\/revisions"}],"predecessor-version":[{"id":3810,"href":"https:\/\/zsps.poznan.pl\/index.php\/wp-json\/wp\/v2\/pages\/709\/revisions\/3810"}],"wp:attachment":[{"href":"https:\/\/zsps.poznan.pl\/index.php\/wp-json\/wp\/v2\/media?parent=709"}],"curies":[{"name":"wp","href":"https:\/\/api.w.org\/{rel}","templated":true}]}}