{"id":710,"date":"2020-04-16T21:19:44","date_gmt":"2020-04-16T19:19:44","guid":{"rendered":"https:\/\/zsps.poznan.pl\/wp\/?page_id=710"},"modified":"2021-04-08T11:51:55","modified_gmt":"2021-04-08T09:51:55","slug":"przetworca-miesa","status":"publish","type":"page","link":"https:\/\/zsps.poznan.pl\/index.php\/przetworca-miesa\/","title":{"rendered":"Przetw\u00f3rca mi\u0119sa"},"content":{"rendered":"\t\t<div data-elementor-type=\"wp-page\" data-elementor-id=\"710\" class=\"elementor elementor-710\">\n\t\t\t\t\t\t<section class=\"elementor-section elementor-top-section elementor-element elementor-element-2e9e0cb elementor-section-full_width elementor-section-height-default elementor-section-height-default\" data-id=\"2e9e0cb\" data-element_type=\"section\" data-e-type=\"section\">\n\t\t\t\t\t\t<div class=\"elementor-container elementor-column-gap-default\">\n\t\t\t\t\t<div class=\"elementor-column elementor-col-100 elementor-top-column elementor-element elementor-element-09dcf8a\" data-id=\"09dcf8a\" data-element_type=\"column\" data-e-type=\"column\">\n\t\t\t<div class=\"elementor-widget-wrap elementor-element-populated\">\n\t\t\t\t\t\t<div class=\"elementor-element elementor-element-430fd6c elementor-widget elementor-widget-html\" data-id=\"430fd6c\" data-element_type=\"widget\" data-e-type=\"widget\" data-widget_type=\"html.default\">\n\t\t\t\t<div class=\"elementor-widget-container\">\n\t\t\t\t\t<div class=\"fos-circle\">\n    <div class=\"vertical-center\">\n        SYMBOL\n        <br>\n        CYFROWY ZAWODU\n        <br>\n        <span style=\"font-size:150%\">\n            751108\n        <\/span>\n    <\/div>\n<\/div>\n\n<table style=\"border-collapse: collapse;border:0px none\">\n    <tr class=\"fos-row1\">\n        <td class=\"fos-td1\" colspan=3>\n\t<tr class=\"fos-row2\">\n        <td class=\"fos-td1\">\n            <div class=\"fos-col\"><\/div>\n        <td class=\"fos-td2\">\n            <div class=\"fos-col\"><\/div>\n        <td class=\"fos-td3\">\n            <div class=\"fos-profession\">\n                PRZETW\u00d3RCA MI\u0118SA\n            <\/div>\n    <tr class=\"fos-row1\">\n    <td class=\"fos-td1\" colspan=3>\n<\/table>\t\t\t\t<\/div>\n\t\t\t\t<\/div>\n\t\t\t\t\t<\/div>\n\t\t<\/div>\n\t\t\t\t\t<\/div>\n\t\t<\/section>\n\t\t\t\t<section class=\"elementor-section elementor-top-section elementor-element elementor-element-cd79fc3 elementor-reverse-mobile elementor-section-full_width elementor-section-height-default elementor-section-height-default\" data-id=\"cd79fc3\" data-element_type=\"section\" data-e-type=\"section\">\n\t\t\t\t\t\t<div class=\"elementor-container elementor-column-gap-default\">\n\t\t\t\t\t<div class=\"elementor-column elementor-col-33 elementor-top-column elementor-element elementor-element-bb59889\" data-id=\"bb59889\" data-element_type=\"column\" data-e-type=\"column\">\n\t\t\t<div class=\"elementor-widget-wrap elementor-element-populated\">\n\t\t\t\t\t\t<div class=\"elementor-element elementor-element-4d77093 elementor-widget elementor-widget-html\" data-id=\"4d77093\" data-element_type=\"widget\" data-e-type=\"widget\" data-widget_type=\"html.default\">\n\t\t\t\t<div class=\"elementor-widget-container\">\n\t\t\t\t\t<table class=\"fos\">\r\n\t<tr>\r\n\t\t<td class=\"fos-section\">\r\n\t\t\tKWALIFIKACJE<br>WYODR\u0118BNIONE W&nbsp;ZAWODZIE\r\n\t\t<\/td>\r\n\t<\/tr>\r\n\t<tr>\r\n\t\t<td class=\"fos-spec\">\r\n\t\t\tSPC.04. Produkcja przetwor\u00f3w mi\u0119snych i&nbsp;t\u0142uszczowych\r\n\t\t<\/td>\r\n\t<\/tr>\r\n<\/table>\t\t\t\t<\/div>\n\t\t\t\t<\/div>\n\t\t\t\t\t<\/div>\n\t\t<\/div>\n\t\t\t\t<div class=\"elementor-column elementor-col-66 elementor-top-column elementor-element elementor-element-6c89aa3\" data-id=\"6c89aa3\" data-element_type=\"column\" data-e-type=\"column\">\n\t\t\t<div class=\"elementor-widget-wrap elementor-element-populated\">\n\t\t\t\t\t\t<div class=\"elementor-element elementor-element-20060c0 elementor-widget elementor-widget-html\" data-id=\"20060c0\" data-element_type=\"widget\" data-e-type=\"widget\" data-widget_type=\"html.default\">\n\t\t\t\t<div class=\"elementor-widget-container\">\n\t\t\t\t\t<table class=\"fos\">\r\n    <tr>\r\n        <th class=\"fos-section\">\r\n            OPIS ZAWODU\r\n        <\/th>\r\n    <\/tr>\r\n    <tr>\r\n        <td class=\"fos-content\">\r\n            Przetw\u00f3rca mi\u0119sa wykonuje czynno\u015bci produkcyjno-technologiczne zwi\u0105zane z&nbsp;rozbiorem mi\u0119sa, jego magazynowaniemi i&nbsp;przygotowywaniem do dystrybucji oraz zwi\u0105zane z&nbsp;produkcj\u0105 przetwor\u00f3w mi\u0119snychi t\u0142uszczowych.  W&nbsp;zawodzie przetw\u00f3rca mi\u0119sa szczeg\u00f3lnie wa\u017cna jest staranno\u015b\u0107, precyzyjno\u015b\u0107 i&nbsp;sprawno\u015b\u0107 sensomotoryczna (zmys\u0142, smak i&nbsp;wra\u017cliwo\u015b\u0107 w\u0119chowa), kt\u00f3re s\u0105 niezb\u0119dne przy ocenie organoleptycznej produkowanych wyrob\u00f3w.\r\n        <\/td>\r\n    <\/tr>\r\n    <tr>\r\n        <td  class=\"fos-section\">\r\n            KSZTA\u0141CONE UMIEJ\u0118TNO\u015aCI\r\n        <\/td>\r\n    <\/tr>\r\n    <tr>\r\n        <td class=\"fos-content\">\r\n            Przetw\u00f3ca mi\u0119sa potrafi:\r\n            <ul class=\"fos\">\r\n                <li>\r\n                    dobiera\u0107 i przygotowywa\u0107 surowce, p\u00f3\u0142produkty, dodatki i materia\u0142y pomocnicze do procesu produkcji wyrob\u00f3w mi\u0119snych i&nbsp;t\u0142uszczowych oraz ocenia\u0107 ich jako\u015b\u0107;\r\n                <\/li>\r\n                <li>\r\n                    stosowa\u0107 normy, instrukcje i receptury w procesie produkcji wyrob\u00f3w mi\u0119snych i&nbsp;t\u0142uszczowych;\r\n                <\/li>\r\n                <li>\r\n                    produkowa\u0107 wyroby mi\u0119sne i t\u0142uszczowe zgodnie z zaplanowanym procesem technologicznym, przepisami prawa oraz systemami zapewniania bezpiecze\u0144stwa zdrowotnego \u017cywno\u015bci, GMP;\r\n                <\/li>\r\n                <li>\r\n                    u\u017cytkowa\u0107 maszyny, urz\u0105dzenia, sprz\u0119t pomocniczy i aparatur\u0119 kontrolno-pomiarow\u0105 zgodnie z instrukcj\u0105 obs\u0142ugi;\r\n                <\/li>\r\n                <li>\r\n                    magazynowa\u0107 surowce, p\u00f3\u0142produkty i&nbsp;wyroby gotowe, przestrzegaj\u0105c warunk\u00f3w przechowywania;\r\n                <\/li>\r\n                <li>\r\n                    przygotowywa\u0107 mi\u0119so i w\u0119dliny do konfekcjonowania i dystrybucji.\r\n                <\/li>\r\n            <\/ul>\r\n        <\/td>\r\n    <\/tr>\r\n    <tr>\r\n        <td class=\"fos-section\">\r\n            MO\u017bLIWO\u015aCI ZATRUDNIENIA\r\n        <\/td>\r\n    <\/tr>\r\n    <tr>\r\n        <td class=\"fos-content\">\r\n            Przetw\u00f3rca mi\u0119sa mo\u017ce poj\u0105\u0107 prac\u0119 w&nbsp;zak\u0142adach przemys\u0142owych  oraz rzemie\u015blniczych, wytwarzaj\u0105cych wyroby mi\u0119sne i&nbsp;t\u0142uszczowe. Przetw\u00f3rca mi\u0119sa mo\u017ce zajmowa\u0107 si\u0119 tak\u017ce rozbiorem element\u00f3w p\u00f3\u0142tusz zwierz\u0105t rze\u017anych, produkcj\u0105 w\u0119dlin i&nbsp;wyrob\u00f3w garma\u017ceryjnych oraz przygotowywaniem ich do dystrybucji w&nbsp;supermarketach w dziale mi\u0119snym.\r\n        <\/td>\r\n    <\/tr>\r\n<\/table>\t\t\t\t<\/div>\n\t\t\t\t<\/div>\n\t\t\t\t\t<\/div>\n\t\t<\/div>\n\t\t\t\t\t<\/div>\n\t\t<\/section>\n\t\t\t\t<section class=\"elementor-section elementor-top-section elementor-element elementor-element-619ce5b elementor-section-boxed elementor-section-height-default elementor-section-height-default\" data-id=\"619ce5b\" data-element_type=\"section\" data-e-type=\"section\">\n\t\t\t\t\t\t<div class=\"elementor-container elementor-column-gap-default\">\n\t\t\t\t\t<div class=\"elementor-column elementor-col-100 elementor-top-column elementor-element elementor-element-71fc47a\" data-id=\"71fc47a\" data-element_type=\"column\" data-e-type=\"column\">\n\t\t\t<div class=\"elementor-widget-wrap elementor-element-populated\">\n\t\t\t\t\t\t<div class=\"elementor-element elementor-element-140ff40 elementor-widget elementor-widget-video\" data-id=\"140ff40\" data-element_type=\"widget\" data-e-type=\"widget\" data-settings=\"{&quot;youtube_url&quot;:&quot;https:\\\/\\\/youtu.be\\\/ljgJ2lP-Otg&quot;,&quot;autoplay&quot;:&quot;yes&quot;,&quot;play_on_mobile&quot;:&quot;yes&quot;,&quot;video_type&quot;:&quot;youtube&quot;,&quot;controls&quot;:&quot;yes&quot;}\" data-widget_type=\"video.default\">\n\t\t\t\t<div class=\"elementor-widget-container\">\n\t\t\t\t\t\t\t<div class=\"elementor-wrapper elementor-open-inline\">\n\t\t\t<div class=\"elementor-video\"><\/div>\t\t<\/div>\n\t\t\t\t\t\t<\/div>\n\t\t\t\t<\/div>\n\t\t\t\t\t<\/div>\n\t\t<\/div>\n\t\t\t\t\t<\/div>\n\t\t<\/section>\n\t\t\t\t<\/div>\n\t\t","protected":false},"excerpt":{"rendered":"<p>SYMBOL CYFROWY ZAWODU 751108 PRZETW\u00d3RCA MI\u0118SA KWALIFIKACJEWYODR\u0118BNIONE W&nbsp;ZAWODZIE SPC.04. Produkcja przetwor\u00f3w mi\u0119snych i&nbsp;t\u0142uszczowych OPIS ZAWODU Przetw\u00f3rca mi\u0119sa wykonuje czynno\u015bci produkcyjno-technologiczne zwi\u0105zane z&nbsp;rozbiorem mi\u0119sa, jego magazynowaniemi i&nbsp;przygotowywaniem do dystrybucji oraz zwi\u0105zane z&nbsp;produkcj\u0105 przetwor\u00f3w mi\u0119snychi t\u0142uszczowych. W&nbsp;zawodzie przetw\u00f3rca mi\u0119sa szczeg\u00f3lnie wa\u017cna jest<\/p>\n","protected":false},"author":5,"featured_media":0,"parent":0,"menu_order":0,"comment_status":"closed","ping_status":"closed","template":"","meta":{"footnotes":""},"class_list":["post-710","page","type-page","status-publish","hentry"],"yoast_head":"<!-- This site is optimized with the Yoast SEO plugin v27.3 - https:\/\/yoast.com\/product\/yoast-seo-wordpress\/ -->\n<title>Przetw\u00f3rca mi\u0119sa - ZESP\u00d3\u0141 SZK\u00d3\u0141 PRZEMYS\u0141U SPO\u017bYWCZEGO<\/title>\n<meta name=\"robots\" content=\"index, follow, max-snippet:-1, max-image-preview:large, max-video-preview:-1\" \/>\n<link rel=\"canonical\" href=\"https:\/\/zsps.poznan.pl\/index.php\/przetworca-miesa\/\" \/>\n<meta property=\"og:locale\" content=\"pl_PL\" \/>\n<meta property=\"og:type\" content=\"article\" \/>\n<meta property=\"og:title\" content=\"Przetw\u00f3rca mi\u0119sa - ZESP\u00d3\u0141 SZK\u00d3\u0141 PRZEMYS\u0141U SPO\u017bYWCZEGO\" \/>\n<meta property=\"og:description\" content=\"SYMBOL CYFROWY ZAWODU 751108 PRZETW\u00d3RCA MI\u0118SA KWALIFIKACJEWYODR\u0118BNIONE W&nbsp;ZAWODZIE SPC.04. Produkcja przetwor\u00f3w mi\u0119snych i&nbsp;t\u0142uszczowych OPIS ZAWODU Przetw\u00f3rca mi\u0119sa wykonuje czynno\u015bci produkcyjno-technologiczne zwi\u0105zane z&nbsp;rozbiorem mi\u0119sa, jego magazynowaniemi i&nbsp;przygotowywaniem do dystrybucji oraz zwi\u0105zane z&nbsp;produkcj\u0105 przetwor\u00f3w mi\u0119snychi t\u0142uszczowych. W&nbsp;zawodzie przetw\u00f3rca mi\u0119sa szczeg\u00f3lnie wa\u017cna jest\" \/>\n<meta property=\"og:url\" content=\"https:\/\/zsps.poznan.pl\/index.php\/przetworca-miesa\/\" \/>\n<meta property=\"og:site_name\" content=\"ZESP\u00d3\u0141 SZK\u00d3\u0141 PRZEMYS\u0141U SPO\u017bYWCZEGO\" \/>\n<meta property=\"article:publisher\" content=\"https:\/\/www.facebook.com\/zsps.poznan\" \/>\n<meta property=\"article:modified_time\" content=\"2021-04-08T09:51:55+00:00\" \/>\n<meta name=\"twitter:card\" content=\"summary_large_image\" \/>\n<meta name=\"twitter:label1\" content=\"Szacowany czas czytania\" \/>\n\t<meta name=\"twitter:data1\" content=\"1 minuta\" \/>\n<script type=\"application\/ld+json\" class=\"yoast-schema-graph\">{\"@context\":\"https:\\\/\\\/schema.org\",\"@graph\":[{\"@type\":\"WebPage\",\"@id\":\"https:\\\/\\\/zsps.poznan.pl\\\/index.php\\\/przetworca-miesa\\\/\",\"url\":\"https:\\\/\\\/zsps.poznan.pl\\\/index.php\\\/przetworca-miesa\\\/\",\"name\":\"Przetw\u00f3rca mi\u0119sa - ZESP\u00d3\u0141 SZK\u00d3\u0141 PRZEMYS\u0141U SPO\u017bYWCZEGO\",\"isPartOf\":{\"@id\":\"https:\\\/\\\/zsps.poznan.pl\\\/#website\"},\"datePublished\":\"2020-04-16T19:19:44+00:00\",\"dateModified\":\"2021-04-08T09:51:55+00:00\",\"breadcrumb\":{\"@id\":\"https:\\\/\\\/zsps.poznan.pl\\\/index.php\\\/przetworca-miesa\\\/#breadcrumb\"},\"inLanguage\":\"pl-PL\",\"potentialAction\":[{\"@type\":\"ReadAction\",\"target\":[\"https:\\\/\\\/zsps.poznan.pl\\\/index.php\\\/przetworca-miesa\\\/\"]}]},{\"@type\":\"BreadcrumbList\",\"@id\":\"https:\\\/\\\/zsps.poznan.pl\\\/index.php\\\/przetworca-miesa\\\/#breadcrumb\",\"itemListElement\":[{\"@type\":\"ListItem\",\"position\":1,\"name\":\"Strona g\u0142\u00f3wna\",\"item\":\"https:\\\/\\\/zsps.poznan.pl\\\/\"},{\"@type\":\"ListItem\",\"position\":2,\"name\":\"Przetw\u00f3rca mi\u0119sa\"}]},{\"@type\":\"WebSite\",\"@id\":\"https:\\\/\\\/zsps.poznan.pl\\\/#website\",\"url\":\"https:\\\/\\\/zsps.poznan.pl\\\/\",\"name\":\"ZESP\u00d3\u0141 SZK\u00d3\u0141 PRZEMYS\u0141U SPO\u017bYWCZEGO\",\"description\":\"im. J. J. \u015aniadeckich w Poznaniu\",\"publisher\":{\"@id\":\"https:\\\/\\\/zsps.poznan.pl\\\/#organization\"},\"potentialAction\":[{\"@type\":\"SearchAction\",\"target\":{\"@type\":\"EntryPoint\",\"urlTemplate\":\"https:\\\/\\\/zsps.poznan.pl\\\/?s={search_term_string}\"},\"query-input\":{\"@type\":\"PropertyValueSpecification\",\"valueRequired\":true,\"valueName\":\"search_term_string\"}}],\"inLanguage\":\"pl-PL\"},{\"@type\":\"Organization\",\"@id\":\"https:\\\/\\\/zsps.poznan.pl\\\/#organization\",\"name\":\"Zesp\u00f3\u0142 Szk\u00f3\u0142 Przemys\u0142u Spo\u017cywczego\",\"url\":\"https:\\\/\\\/zsps.poznan.pl\\\/\",\"logo\":{\"@type\":\"ImageObject\",\"inLanguage\":\"pl-PL\",\"@id\":\"https:\\\/\\\/zsps.poznan.pl\\\/#\\\/schema\\\/logo\\\/image\\\/\",\"url\":\"\",\"contentUrl\":\"\",\"caption\":\"Zesp\u00f3\u0142 Szk\u00f3\u0142 Przemys\u0142u Spo\u017cywczego\"},\"image\":{\"@id\":\"https:\\\/\\\/zsps.poznan.pl\\\/#\\\/schema\\\/logo\\\/image\\\/\"},\"sameAs\":[\"https:\\\/\\\/www.facebook.com\\\/zsps.poznan\"]}]}<\/script>\n<!-- \/ Yoast SEO plugin. -->","yoast_head_json":{"title":"Przetw\u00f3rca mi\u0119sa - ZESP\u00d3\u0141 SZK\u00d3\u0141 PRZEMYS\u0141U SPO\u017bYWCZEGO","robots":{"index":"index","follow":"follow","max-snippet":"max-snippet:-1","max-image-preview":"max-image-preview:large","max-video-preview":"max-video-preview:-1"},"canonical":"https:\/\/zsps.poznan.pl\/index.php\/przetworca-miesa\/","og_locale":"pl_PL","og_type":"article","og_title":"Przetw\u00f3rca mi\u0119sa - ZESP\u00d3\u0141 SZK\u00d3\u0141 PRZEMYS\u0141U SPO\u017bYWCZEGO","og_description":"SYMBOL CYFROWY ZAWODU 751108 PRZETW\u00d3RCA MI\u0118SA KWALIFIKACJEWYODR\u0118BNIONE W&nbsp;ZAWODZIE SPC.04. Produkcja przetwor\u00f3w mi\u0119snych i&nbsp;t\u0142uszczowych OPIS ZAWODU Przetw\u00f3rca mi\u0119sa wykonuje czynno\u015bci produkcyjno-technologiczne zwi\u0105zane z&nbsp;rozbiorem mi\u0119sa, jego magazynowaniemi i&nbsp;przygotowywaniem do dystrybucji oraz zwi\u0105zane z&nbsp;produkcj\u0105 przetwor\u00f3w mi\u0119snychi t\u0142uszczowych. W&nbsp;zawodzie przetw\u00f3rca mi\u0119sa szczeg\u00f3lnie wa\u017cna jest","og_url":"https:\/\/zsps.poznan.pl\/index.php\/przetworca-miesa\/","og_site_name":"ZESP\u00d3\u0141 SZK\u00d3\u0141 PRZEMYS\u0141U SPO\u017bYWCZEGO","article_publisher":"https:\/\/www.facebook.com\/zsps.poznan","article_modified_time":"2021-04-08T09:51:55+00:00","twitter_card":"summary_large_image","twitter_misc":{"Szacowany czas czytania":"1 minuta"},"schema":{"@context":"https:\/\/schema.org","@graph":[{"@type":"WebPage","@id":"https:\/\/zsps.poznan.pl\/index.php\/przetworca-miesa\/","url":"https:\/\/zsps.poznan.pl\/index.php\/przetworca-miesa\/","name":"Przetw\u00f3rca mi\u0119sa - ZESP\u00d3\u0141 SZK\u00d3\u0141 PRZEMYS\u0141U SPO\u017bYWCZEGO","isPartOf":{"@id":"https:\/\/zsps.poznan.pl\/#website"},"datePublished":"2020-04-16T19:19:44+00:00","dateModified":"2021-04-08T09:51:55+00:00","breadcrumb":{"@id":"https:\/\/zsps.poznan.pl\/index.php\/przetworca-miesa\/#breadcrumb"},"inLanguage":"pl-PL","potentialAction":[{"@type":"ReadAction","target":["https:\/\/zsps.poznan.pl\/index.php\/przetworca-miesa\/"]}]},{"@type":"BreadcrumbList","@id":"https:\/\/zsps.poznan.pl\/index.php\/przetworca-miesa\/#breadcrumb","itemListElement":[{"@type":"ListItem","position":1,"name":"Strona g\u0142\u00f3wna","item":"https:\/\/zsps.poznan.pl\/"},{"@type":"ListItem","position":2,"name":"Przetw\u00f3rca mi\u0119sa"}]},{"@type":"WebSite","@id":"https:\/\/zsps.poznan.pl\/#website","url":"https:\/\/zsps.poznan.pl\/","name":"ZESP\u00d3\u0141 SZK\u00d3\u0141 PRZEMYS\u0141U SPO\u017bYWCZEGO","description":"im. J. J. \u015aniadeckich w Poznaniu","publisher":{"@id":"https:\/\/zsps.poznan.pl\/#organization"},"potentialAction":[{"@type":"SearchAction","target":{"@type":"EntryPoint","urlTemplate":"https:\/\/zsps.poznan.pl\/?s={search_term_string}"},"query-input":{"@type":"PropertyValueSpecification","valueRequired":true,"valueName":"search_term_string"}}],"inLanguage":"pl-PL"},{"@type":"Organization","@id":"https:\/\/zsps.poznan.pl\/#organization","name":"Zesp\u00f3\u0142 Szk\u00f3\u0142 Przemys\u0142u Spo\u017cywczego","url":"https:\/\/zsps.poznan.pl\/","logo":{"@type":"ImageObject","inLanguage":"pl-PL","@id":"https:\/\/zsps.poznan.pl\/#\/schema\/logo\/image\/","url":"","contentUrl":"","caption":"Zesp\u00f3\u0142 Szk\u00f3\u0142 Przemys\u0142u Spo\u017cywczego"},"image":{"@id":"https:\/\/zsps.poznan.pl\/#\/schema\/logo\/image\/"},"sameAs":["https:\/\/www.facebook.com\/zsps.poznan"]}]}},"_links":{"self":[{"href":"https:\/\/zsps.poznan.pl\/index.php\/wp-json\/wp\/v2\/pages\/710","targetHints":{"allow":["GET"]}}],"collection":[{"href":"https:\/\/zsps.poznan.pl\/index.php\/wp-json\/wp\/v2\/pages"}],"about":[{"href":"https:\/\/zsps.poznan.pl\/index.php\/wp-json\/wp\/v2\/types\/page"}],"author":[{"embeddable":true,"href":"https:\/\/zsps.poznan.pl\/index.php\/wp-json\/wp\/v2\/users\/5"}],"replies":[{"embeddable":true,"href":"https:\/\/zsps.poznan.pl\/index.php\/wp-json\/wp\/v2\/comments?post=710"}],"version-history":[{"count":12,"href":"https:\/\/zsps.poznan.pl\/index.php\/wp-json\/wp\/v2\/pages\/710\/revisions"}],"predecessor-version":[{"id":3816,"href":"https:\/\/zsps.poznan.pl\/index.php\/wp-json\/wp\/v2\/pages\/710\/revisions\/3816"}],"wp:attachment":[{"href":"https:\/\/zsps.poznan.pl\/index.php\/wp-json\/wp\/v2\/media?parent=710"}],"curies":[{"name":"wp","href":"https:\/\/api.w.org\/{rel}","templated":true}]}}